{"id":995,"date":"2022-09-27T10:12:14","date_gmt":"2022-09-27T08:12:14","guid":{"rendered":"https:\/\/wecare4hair.com\/producten\/ecoheads-douchekop\/"},"modified":"2026-05-11T17:56:31","modified_gmt":"2026-05-11T15:56:31","slug":"pommeau-de-douche-ecoheads","status":"publish","type":"product","link":"https:\/\/wecare4hair.com\/fr\/producten\/ecoheads-douchekop\/","title":{"rendered":"ECOHEADS X douchekop"},"content":{"rendered":"<p><strong>ECOHEADS X - Durable, efficace et ergonomique\u00a0<\/strong><\/p>\n<p>L'ECOHEADS X est la version am\u00e9lior\u00e9e de nos populaires \u00e9co-t\u00eates, sp\u00e9cialement con\u00e7ue pour les salons professionnels.<\/p>\n<p class=\"translation-block\">\ud83d\udebf <strong>Caract\u00e9ristiques principales:<\/strong><\/p>\n<ul>\n<li>Design noir \u00e9l\u00e9gant pour un look moderne<\/li>\n<li>Pivotement ergonomique pour plus de flexibilit\u00e9 et moins de tension au niveau du poignet<\/li>\n<li>Economies d'eau jusqu'\u00e0 4,5 litres par minute sans perte de pression d'eau<\/li>\n<li>Filtration en deux \u00e9tapes avec des pierres de tourmaline pour une eau plus pure et des cheveux plus sains<\/li>\n<li>Am\u00e9liore la pression de l'eau et r\u00e9duit la consommation d'eau<\/li>\n<\/ul>\n<p>Travaillez de mani\u00e8re plus efficace, plus durable et plus saine dans votre salon.<\/p>\n<p><a href=\"https:\/\/wecare4hair.com\/fr\/tout-savoir-sur-nos-ecoheads\/\"><strong>DOCUMENTATION<\/strong><\/a><\/p>","protected":false},"excerpt":{"rendered":"<p>ECOHEADS X \u2013 Duurzaam, Effici\u00ebnt &amp; Ergonomisch\u00a0 De ECOHEADS X is de verbeterde versie van onze populaire ecoheads, speciaal ontworpen voor het professionele salon. \ud83d\udebf Belangrijkste kenmerken: Stijlvol zwart design voor een moderne uitstraling Ergonomische swivel voor meer flexibiliteit en minder polsbelasting Waterbesparing tot 4,5 liter per minuut zonder verlies van waterdruk Tweestapsfiltratie met toermalijnstenen [&hellip;]<\/p>\n","protected":false},"featured_media":5016,"template":"","meta":{"_acf_changed":false},"product_brand":[],"product_cat":[31],"product_tag":[],"class_list":{"0":"post-995","1":"product","2":"type-product","3":"status-publish","4":"has-post-thumbnail","6":"product_cat-ecoheads","8":"first","9":"instock","10":"taxable","11":"shipping-taxable","12":"purchasable","13":"product-type-simple"},"acf":[],"yoast_head":"<!-- This site is optimized with the Yoast SEO plugin v27.5 - https:\/\/yoast.com\/product\/yoast-seo-wordpress\/ -->\n<title>ECOHEADS X douchekop - WeCare4Hair<\/title>\n<meta name=\"robots\" content=\"index, follow, max-snippet:-1, max-image-preview:large, max-video-preview:-1\" \/>\n<link rel=\"canonical\" href=\"https:\/\/wecare4hair.com\/fr\/des-produits\/pommeau-de-douche-ecoheads\/\" \/>\n<meta property=\"og:locale\" content=\"fr_FR\" \/>\n<meta property=\"og:type\" content=\"article\" \/>\n<meta property=\"og:title\" content=\"ECOHEADS X douchekop - WeCare4Hair\" \/>\n<meta property=\"og:description\" content=\"ECOHEADS X \u2013 Duurzaam, Effici\u00ebnt &amp; Ergonomisch\u00a0 De ECOHEADS X is de verbeterde versie van onze populaire ecoheads, speciaal ontworpen voor het professionele salon. \ud83d\udebf Belangrijkste kenmerken: Stijlvol zwart design voor een moderne uitstraling Ergonomische swivel voor meer flexibiliteit en minder polsbelasting Waterbesparing tot 4,5 liter per minuut zonder verlies van waterdruk Tweestapsfiltratie met toermalijnstenen [&hellip;]\" \/>\n<meta property=\"og:url\" content=\"https:\/\/wecare4hair.com\/fr\/des-produits\/pommeau-de-douche-ecoheads\/\" \/>\n<meta property=\"og:site_name\" content=\"WeCare4Hair\" \/>\n<meta property=\"article:publisher\" content=\"https:\/\/www.facebook.com\/WeCare4Hair\" \/>\n<meta property=\"article:modified_time\" content=\"2026-05-11T15:56:31+00:00\" \/>\n<meta property=\"og:image\" content=\"https:\/\/wecare4hair.com\/wp-content\/uploads\/2022\/09\/Afbeelding-13.jpeg\" \/>\n\t<meta property=\"og:image:width\" content=\"1426\" \/>\n\t<meta property=\"og:image:height\" content=\"1426\" \/>\n\t<meta property=\"og:image:type\" content=\"image\/jpeg\" \/>\n<meta name=\"twitter:card\" content=\"summary_large_image\" \/>\n<script type=\"application\/ld+json\" class=\"yoast-schema-graph\">{\"@context\":\"https:\\\/\\\/schema.org\",\"@graph\":[{\"@type\":\"WebPage\",\"@id\":\"https:\\\/\\\/wecare4hair.com\\\/producten\\\/ecoheads-douchekop\\\/\",\"url\":\"https:\\\/\\\/wecare4hair.com\\\/producten\\\/ecoheads-douchekop\\\/\",\"name\":\"ECOHEADS X douchekop - WeCare4Hair\",\"isPartOf\":{\"@id\":\"https:\\\/\\\/wecare4hair.com\\\/#website\"},\"primaryImageOfPage\":{\"@id\":\"https:\\\/\\\/wecare4hair.com\\\/producten\\\/ecoheads-douchekop\\\/#primaryimage\"},\"image\":{\"@id\":\"https:\\\/\\\/wecare4hair.com\\\/producten\\\/ecoheads-douchekop\\\/#primaryimage\"},\"thumbnailUrl\":\"https:\\\/\\\/wecare4hair.com\\\/wp-content\\\/uploads\\\/2022\\\/09\\\/Afbeelding-13.jpeg\",\"datePublished\":\"2022-09-27T08:12:14+00:00\",\"dateModified\":\"2026-05-11T15:56:31+00:00\",\"breadcrumb\":{\"@id\":\"https:\\\/\\\/wecare4hair.com\\\/producten\\\/ecoheads-douchekop\\\/#breadcrumb\"},\"inLanguage\":\"fr-FR\",\"potentialAction\":[{\"@type\":\"ReadAction\",\"target\":[\"https:\\\/\\\/wecare4hair.com\\\/producten\\\/ecoheads-douchekop\\\/\"]}]},{\"@type\":\"ImageObject\",\"inLanguage\":\"fr-FR\",\"@id\":\"https:\\\/\\\/wecare4hair.com\\\/producten\\\/ecoheads-douchekop\\\/#primaryimage\",\"url\":\"https:\\\/\\\/wecare4hair.com\\\/wp-content\\\/uploads\\\/2022\\\/09\\\/Afbeelding-13.jpeg\",\"contentUrl\":\"https:\\\/\\\/wecare4hair.com\\\/wp-content\\\/uploads\\\/2022\\\/09\\\/Afbeelding-13.jpeg\",\"width\":1426,\"height\":1426},{\"@type\":\"BreadcrumbList\",\"@id\":\"https:\\\/\\\/wecare4hair.com\\\/producten\\\/ecoheads-douchekop\\\/#breadcrumb\",\"itemListElement\":[{\"@type\":\"ListItem\",\"position\":1,\"name\":\"Home\",\"item\":\"https:\\\/\\\/wecare4hair.com\\\/\"},{\"@type\":\"ListItem\",\"position\":2,\"name\":\"Producten\",\"item\":\"https:\\\/\\\/wecare4hair.com\\\/producten\\\/\"},{\"@type\":\"ListItem\",\"position\":3,\"name\":\"ECOHEADS X douchekop\"}]},{\"@type\":\"WebSite\",\"@id\":\"https:\\\/\\\/wecare4hair.com\\\/#website\",\"url\":\"https:\\\/\\\/wecare4hair.com\\\/\",\"name\":\"WeCare4Hair\",\"description\":\"Kwalitatief hoogwaardig kappersmateriaal\",\"publisher\":{\"@id\":\"https:\\\/\\\/wecare4hair.com\\\/#organization\"},\"potentialAction\":[{\"@type\":\"SearchAction\",\"target\":{\"@type\":\"EntryPoint\",\"urlTemplate\":\"https:\\\/\\\/wecare4hair.com\\\/?s={search_term_string}\"},\"query-input\":{\"@type\":\"PropertyValueSpecification\",\"valueRequired\":true,\"valueName\":\"search_term_string\"}}],\"inLanguage\":\"fr-FR\"},{\"@type\":\"Organization\",\"@id\":\"https:\\\/\\\/wecare4hair.com\\\/#organization\",\"name\":\"WeCare4Hair\",\"url\":\"https:\\\/\\\/wecare4hair.com\\\/\",\"logo\":{\"@type\":\"ImageObject\",\"inLanguage\":\"fr-FR\",\"@id\":\"https:\\\/\\\/wecare4hair.com\\\/#\\\/schema\\\/logo\\\/image\\\/\",\"url\":\"https:\\\/\\\/wecare4hair.com\\\/wp-content\\\/uploads\\\/2023\\\/03\\\/Wecareforhairlogo.png\",\"contentUrl\":\"https:\\\/\\\/wecare4hair.com\\\/wp-content\\\/uploads\\\/2023\\\/03\\\/Wecareforhairlogo.png\",\"width\":614,\"height\":124,\"caption\":\"WeCare4Hair\"},\"image\":{\"@id\":\"https:\\\/\\\/wecare4hair.com\\\/#\\\/schema\\\/logo\\\/image\\\/\"},\"sameAs\":[\"https:\\\/\\\/www.facebook.com\\\/WeCare4Hair\",\"https:\\\/\\\/www.instagram.com\\\/we_care_4_hair\\\/\"]}]}<\/script>\n<!-- \/ Yoast SEO plugin. -->","yoast_head_json":{"title":"ECOHEADS X douchekop - WeCare4Hair","robots":{"index":"index","follow":"follow","max-snippet":"max-snippet:-1","max-image-preview":"max-image-preview:large","max-video-preview":"max-video-preview:-1"},"canonical":"https:\/\/wecare4hair.com\/fr\/des-produits\/pommeau-de-douche-ecoheads\/","og_locale":"fr_FR","og_type":"article","og_title":"ECOHEADS X douchekop - WeCare4Hair","og_description":"ECOHEADS X \u2013 Duurzaam, Effici\u00ebnt &amp; Ergonomisch\u00a0 De ECOHEADS X is de verbeterde versie van onze populaire ecoheads, speciaal ontworpen voor het professionele salon. \ud83d\udebf Belangrijkste kenmerken: Stijlvol zwart design voor een moderne uitstraling Ergonomische swivel voor meer flexibiliteit en minder polsbelasting Waterbesparing tot 4,5 liter per minuut zonder verlies van waterdruk Tweestapsfiltratie met toermalijnstenen [&hellip;]","og_url":"https:\/\/wecare4hair.com\/fr\/des-produits\/pommeau-de-douche-ecoheads\/","og_site_name":"WeCare4Hair","article_publisher":"https:\/\/www.facebook.com\/WeCare4Hair","article_modified_time":"2026-05-11T15:56:31+00:00","og_image":[{"width":1426,"height":1426,"url":"https:\/\/wecare4hair.com\/wp-content\/uploads\/2022\/09\/Afbeelding-13.jpeg","type":"image\/jpeg"}],"twitter_card":"summary_large_image","schema":{"@context":"https:\/\/schema.org","@graph":[{"@type":"WebPage","@id":"https:\/\/wecare4hair.com\/producten\/ecoheads-douchekop\/","url":"https:\/\/wecare4hair.com\/producten\/ecoheads-douchekop\/","name":"ECOHEADS X douchekop - WeCare4Hair","isPartOf":{"@id":"https:\/\/wecare4hair.com\/#website"},"primaryImageOfPage":{"@id":"https:\/\/wecare4hair.com\/producten\/ecoheads-douchekop\/#primaryimage"},"image":{"@id":"https:\/\/wecare4hair.com\/producten\/ecoheads-douchekop\/#primaryimage"},"thumbnailUrl":"https:\/\/wecare4hair.com\/wp-content\/uploads\/2022\/09\/Afbeelding-13.jpeg","datePublished":"2022-09-27T08:12:14+00:00","dateModified":"2026-05-11T15:56:31+00:00","breadcrumb":{"@id":"https:\/\/wecare4hair.com\/producten\/ecoheads-douchekop\/#breadcrumb"},"inLanguage":"fr-FR","potentialAction":[{"@type":"ReadAction","target":["https:\/\/wecare4hair.com\/producten\/ecoheads-douchekop\/"]}]},{"@type":"ImageObject","inLanguage":"fr-FR","@id":"https:\/\/wecare4hair.com\/producten\/ecoheads-douchekop\/#primaryimage","url":"https:\/\/wecare4hair.com\/wp-content\/uploads\/2022\/09\/Afbeelding-13.jpeg","contentUrl":"https:\/\/wecare4hair.com\/wp-content\/uploads\/2022\/09\/Afbeelding-13.jpeg","width":1426,"height":1426},{"@type":"BreadcrumbList","@id":"https:\/\/wecare4hair.com\/producten\/ecoheads-douchekop\/#breadcrumb","itemListElement":[{"@type":"ListItem","position":1,"name":"Home","item":"https:\/\/wecare4hair.com\/"},{"@type":"ListItem","position":2,"name":"Producten","item":"https:\/\/wecare4hair.com\/producten\/"},{"@type":"ListItem","position":3,"name":"ECOHEADS X douchekop"}]},{"@type":"WebSite","@id":"https:\/\/wecare4hair.com\/#website","url":"https:\/\/wecare4hair.com\/","name":"WeCare4Hair","description":"Mat\u00e9riel de coiffure de haute qualit\u00e9","publisher":{"@id":"https:\/\/wecare4hair.com\/#organization"},"potentialAction":[{"@type":"SearchAction","target":{"@type":"EntryPoint","urlTemplate":"https:\/\/wecare4hair.com\/?s={search_term_string}"},"query-input":{"@type":"PropertyValueSpecification","valueRequired":true,"valueName":"search_term_string"}}],"inLanguage":"fr-FR"},{"@type":"Organization","@id":"https:\/\/wecare4hair.com\/#organization","name":"WeCare4Hair","url":"https:\/\/wecare4hair.com\/","logo":{"@type":"ImageObject","inLanguage":"fr-FR","@id":"https:\/\/wecare4hair.com\/#\/schema\/logo\/image\/","url":"https:\/\/wecare4hair.com\/wp-content\/uploads\/2023\/03\/Wecareforhairlogo.png","contentUrl":"https:\/\/wecare4hair.com\/wp-content\/uploads\/2023\/03\/Wecareforhairlogo.png","width":614,"height":124,"caption":"WeCare4Hair"},"image":{"@id":"https:\/\/wecare4hair.com\/#\/schema\/logo\/image\/"},"sameAs":["https:\/\/www.facebook.com\/WeCare4Hair","https:\/\/www.instagram.com\/we_care_4_hair\/"]}]}},"_links":{"self":[{"href":"https:\/\/wecare4hair.com\/fr\/wp-json\/wp\/v2\/product\/995","targetHints":{"allow":["GET"]}}],"collection":[{"href":"https:\/\/wecare4hair.com\/fr\/wp-json\/wp\/v2\/product"}],"about":[{"href":"https:\/\/wecare4hair.com\/fr\/wp-json\/wp\/v2\/types\/product"}],"wp:featuredmedia":[{"embeddable":true,"href":"https:\/\/wecare4hair.com\/fr\/wp-json\/wp\/v2\/media\/5016"}],"wp:attachment":[{"href":"https:\/\/wecare4hair.com\/fr\/wp-json\/wp\/v2\/media?parent=995"}],"wp:term":[{"taxonomy":"product_brand","embeddable":true,"href":"https:\/\/wecare4hair.com\/fr\/wp-json\/wp\/v2\/product_brand?post=995"},{"taxonomy":"product_cat","embeddable":true,"href":"https:\/\/wecare4hair.com\/fr\/wp-json\/wp\/v2\/product_cat?post=995"},{"taxonomy":"product_tag","embeddable":true,"href":"https:\/\/wecare4hair.com\/fr\/wp-json\/wp\/v2\/product_tag?post=995"}],"curies":[{"name":"wp","href":"https:\/\/api.w.org\/{rel}","templated":true}]}}