{"id":992,"date":"2022-09-27T10:12:12","date_gmt":"2022-09-27T08:12:12","guid":{"rendered":"https:\/\/wecare4hair.com\/producten\/the-bang-face-shields\/"},"modified":"2026-04-12T11:51:00","modified_gmt":"2026-04-12T09:51:00","slug":"ecrans-faciaux-the-bang","status":"publish","type":"product","link":"https:\/\/wecare4hair.com\/fr\/producten\/the-bang-face-shields\/","title":{"rendered":"The styling shields"},"content":{"rendered":"<p class=\"p1\"><b>WeCare4Hair Styling Shields \u2013 100 pi\u00e8ces<\/b><\/p>\n<p class=\"p3\">La solution pratique et hygi\u00e9nique pour chaque prestation de coiffure :<\/p>\n<ul>\n<li>\n<p class=\"p1\">Id\u00e9al au salon lors d\u2019une coupe \u00e0 sec, d\u2019un service technique, d\u2019un d\u00e9fil\u00e9 de mode ou d\u2019un travail sur sc\u00e8ne<\/p>\n<\/li>\n<li>\n<p class=\"p1\">Prot\u00e8ge le visage du client contre les cheveux coup\u00e9s, les r\u00e9sidus de produits et les \u00e9claboussures<\/p>\n<\/li>\n<li>\n<p class=\"p1\">Confortable, l\u00e9ger et facile \u00e0 utiliser<\/p>\n<\/li>\n<\/ul>\n<p>&nbsp;<\/p>\n<p class=\"p3 translation-block\">Avec les WeCare4Hair Styling Shields, vous travaillez plus efficacement et am\u00e9liorez le confort de vos clients.<\/p>\n<p class=\"p3\">Ils quittent votre salon avec une sensation de propret\u00e9, de fra\u00eecheur et de soin.<\/p>","protected":false},"excerpt":{"rendered":"<p>WeCare4Hair Styling Shields \u2013 100 stuks De praktische en hygi\u00ebnische oplossing voor elke stylingtaak: Ideaal in het salon tijdens een droge snit, technische behandeling, modeshow of podiumwerk Beschermt het gezicht van de klant tegen losse haren, productresten en spatten Comfortabel, licht en eenvoudig te gebruiken &nbsp; Met\u00a0WeCare4Hair Styling Shields\u00a0werk je effici\u00ebnter en verhoog je het [&hellip;]<\/p>\n","protected":false},"featured_media":5644,"template":"","meta":{"_acf_changed":false},"product_brand":[],"product_cat":[31],"product_tag":[],"class_list":{"0":"post-992","1":"product","2":"type-product","3":"status-publish","4":"has-post-thumbnail","6":"product_cat-ecoheads","8":"first","9":"instock","10":"taxable","11":"shipping-taxable","12":"purchasable","13":"product-type-simple"},"acf":[],"yoast_head":"<!-- This site is optimized with the Yoast SEO plugin v27.4 - https:\/\/yoast.com\/product\/yoast-seo-wordpress\/ -->\n<title>The styling shields - WeCare4Hair<\/title>\n<meta name=\"robots\" content=\"index, follow, max-snippet:-1, max-image-preview:large, max-video-preview:-1\" \/>\n<link rel=\"canonical\" href=\"https:\/\/wecare4hair.com\/fr\/des-produits\/ecrans-faciaux-the-bang\/\" \/>\n<meta property=\"og:locale\" content=\"fr_FR\" \/>\n<meta property=\"og:type\" content=\"article\" \/>\n<meta property=\"og:title\" content=\"The styling shields - WeCare4Hair\" \/>\n<meta property=\"og:description\" content=\"WeCare4Hair Styling Shields \u2013 100 stuks De praktische en hygi\u00ebnische oplossing voor elke stylingtaak: Ideaal in het salon tijdens een droge snit, technische behandeling, modeshow of podiumwerk Beschermt het gezicht van de klant tegen losse haren, productresten en spatten Comfortabel, licht en eenvoudig te gebruiken &nbsp; Met\u00a0WeCare4Hair Styling Shields\u00a0werk je effici\u00ebnter en verhoog je het [&hellip;]\" \/>\n<meta property=\"og:url\" content=\"https:\/\/wecare4hair.com\/fr\/des-produits\/ecrans-faciaux-the-bang\/\" \/>\n<meta property=\"og:site_name\" content=\"WeCare4Hair\" \/>\n<meta property=\"article:publisher\" content=\"https:\/\/www.facebook.com\/WeCare4Hair\" \/>\n<meta property=\"article:modified_time\" content=\"2026-04-12T09:51:00+00:00\" \/>\n<meta property=\"og:image\" content=\"https:\/\/wecare4hair.com\/wp-content\/uploads\/2022\/09\/PHOTO-2025-08-12-14-01-54.jpeg\" \/>\n\t<meta property=\"og:image:width\" content=\"1301\" \/>\n\t<meta property=\"og:image:height\" content=\"1600\" \/>\n\t<meta property=\"og:image:type\" content=\"image\/jpeg\" \/>\n<meta name=\"twitter:card\" content=\"summary_large_image\" \/>\n<script type=\"application\/ld+json\" class=\"yoast-schema-graph\">{\"@context\":\"https:\\\/\\\/schema.org\",\"@graph\":[{\"@type\":\"WebPage\",\"@id\":\"https:\\\/\\\/wecare4hair.com\\\/producten\\\/the-bang-face-shields\\\/\",\"url\":\"https:\\\/\\\/wecare4hair.com\\\/producten\\\/the-bang-face-shields\\\/\",\"name\":\"The styling shields - WeCare4Hair\",\"isPartOf\":{\"@id\":\"https:\\\/\\\/wecare4hair.com\\\/#website\"},\"primaryImageOfPage\":{\"@id\":\"https:\\\/\\\/wecare4hair.com\\\/producten\\\/the-bang-face-shields\\\/#primaryimage\"},\"image\":{\"@id\":\"https:\\\/\\\/wecare4hair.com\\\/producten\\\/the-bang-face-shields\\\/#primaryimage\"},\"thumbnailUrl\":\"https:\\\/\\\/wecare4hair.com\\\/wp-content\\\/uploads\\\/2022\\\/09\\\/PHOTO-2025-08-12-14-01-54.jpeg\",\"datePublished\":\"2022-09-27T08:12:12+00:00\",\"dateModified\":\"2026-04-12T09:51:00+00:00\",\"breadcrumb\":{\"@id\":\"https:\\\/\\\/wecare4hair.com\\\/producten\\\/the-bang-face-shields\\\/#breadcrumb\"},\"inLanguage\":\"fr-FR\",\"potentialAction\":[{\"@type\":\"ReadAction\",\"target\":[\"https:\\\/\\\/wecare4hair.com\\\/producten\\\/the-bang-face-shields\\\/\"]}]},{\"@type\":\"ImageObject\",\"inLanguage\":\"fr-FR\",\"@id\":\"https:\\\/\\\/wecare4hair.com\\\/producten\\\/the-bang-face-shields\\\/#primaryimage\",\"url\":\"https:\\\/\\\/wecare4hair.com\\\/wp-content\\\/uploads\\\/2022\\\/09\\\/PHOTO-2025-08-12-14-01-54.jpeg\",\"contentUrl\":\"https:\\\/\\\/wecare4hair.com\\\/wp-content\\\/uploads\\\/2022\\\/09\\\/PHOTO-2025-08-12-14-01-54.jpeg\",\"width\":1301,\"height\":1600},{\"@type\":\"BreadcrumbList\",\"@id\":\"https:\\\/\\\/wecare4hair.com\\\/producten\\\/the-bang-face-shields\\\/#breadcrumb\",\"itemListElement\":[{\"@type\":\"ListItem\",\"position\":1,\"name\":\"Home\",\"item\":\"https:\\\/\\\/wecare4hair.com\\\/\"},{\"@type\":\"ListItem\",\"position\":2,\"name\":\"Producten\",\"item\":\"https:\\\/\\\/wecare4hair.com\\\/producten\\\/\"},{\"@type\":\"ListItem\",\"position\":3,\"name\":\"The styling shields\"}]},{\"@type\":\"WebSite\",\"@id\":\"https:\\\/\\\/wecare4hair.com\\\/#website\",\"url\":\"https:\\\/\\\/wecare4hair.com\\\/\",\"name\":\"WeCare4Hair\",\"description\":\"Kwalitatief hoogwaardig kappersmateriaal\",\"publisher\":{\"@id\":\"https:\\\/\\\/wecare4hair.com\\\/#organization\"},\"potentialAction\":[{\"@type\":\"SearchAction\",\"target\":{\"@type\":\"EntryPoint\",\"urlTemplate\":\"https:\\\/\\\/wecare4hair.com\\\/?s={search_term_string}\"},\"query-input\":{\"@type\":\"PropertyValueSpecification\",\"valueRequired\":true,\"valueName\":\"search_term_string\"}}],\"inLanguage\":\"fr-FR\"},{\"@type\":\"Organization\",\"@id\":\"https:\\\/\\\/wecare4hair.com\\\/#organization\",\"name\":\"WeCare4Hair\",\"url\":\"https:\\\/\\\/wecare4hair.com\\\/\",\"logo\":{\"@type\":\"ImageObject\",\"inLanguage\":\"fr-FR\",\"@id\":\"https:\\\/\\\/wecare4hair.com\\\/#\\\/schema\\\/logo\\\/image\\\/\",\"url\":\"https:\\\/\\\/wecare4hair.com\\\/wp-content\\\/uploads\\\/2023\\\/03\\\/Wecareforhairlogo.png\",\"contentUrl\":\"https:\\\/\\\/wecare4hair.com\\\/wp-content\\\/uploads\\\/2023\\\/03\\\/Wecareforhairlogo.png\",\"width\":614,\"height\":124,\"caption\":\"WeCare4Hair\"},\"image\":{\"@id\":\"https:\\\/\\\/wecare4hair.com\\\/#\\\/schema\\\/logo\\\/image\\\/\"},\"sameAs\":[\"https:\\\/\\\/www.facebook.com\\\/WeCare4Hair\",\"https:\\\/\\\/www.instagram.com\\\/we_care_4_hair\\\/\"]}]}<\/script>\n<!-- \/ Yoast SEO plugin. -->","yoast_head_json":{"title":"The styling shields - WeCare4Hair","robots":{"index":"index","follow":"follow","max-snippet":"max-snippet:-1","max-image-preview":"max-image-preview:large","max-video-preview":"max-video-preview:-1"},"canonical":"https:\/\/wecare4hair.com\/fr\/des-produits\/ecrans-faciaux-the-bang\/","og_locale":"fr_FR","og_type":"article","og_title":"The styling shields - WeCare4Hair","og_description":"WeCare4Hair Styling Shields \u2013 100 stuks De praktische en hygi\u00ebnische oplossing voor elke stylingtaak: Ideaal in het salon tijdens een droge snit, technische behandeling, modeshow of podiumwerk Beschermt het gezicht van de klant tegen losse haren, productresten en spatten Comfortabel, licht en eenvoudig te gebruiken &nbsp; Met\u00a0WeCare4Hair Styling Shields\u00a0werk je effici\u00ebnter en verhoog je het [&hellip;]","og_url":"https:\/\/wecare4hair.com\/fr\/des-produits\/ecrans-faciaux-the-bang\/","og_site_name":"WeCare4Hair","article_publisher":"https:\/\/www.facebook.com\/WeCare4Hair","article_modified_time":"2026-04-12T09:51:00+00:00","og_image":[{"width":1301,"height":1600,"url":"https:\/\/wecare4hair.com\/wp-content\/uploads\/2022\/09\/PHOTO-2025-08-12-14-01-54.jpeg","type":"image\/jpeg"}],"twitter_card":"summary_large_image","schema":{"@context":"https:\/\/schema.org","@graph":[{"@type":"WebPage","@id":"https:\/\/wecare4hair.com\/producten\/the-bang-face-shields\/","url":"https:\/\/wecare4hair.com\/producten\/the-bang-face-shields\/","name":"The styling shields - WeCare4Hair","isPartOf":{"@id":"https:\/\/wecare4hair.com\/#website"},"primaryImageOfPage":{"@id":"https:\/\/wecare4hair.com\/producten\/the-bang-face-shields\/#primaryimage"},"image":{"@id":"https:\/\/wecare4hair.com\/producten\/the-bang-face-shields\/#primaryimage"},"thumbnailUrl":"https:\/\/wecare4hair.com\/wp-content\/uploads\/2022\/09\/PHOTO-2025-08-12-14-01-54.jpeg","datePublished":"2022-09-27T08:12:12+00:00","dateModified":"2026-04-12T09:51:00+00:00","breadcrumb":{"@id":"https:\/\/wecare4hair.com\/producten\/the-bang-face-shields\/#breadcrumb"},"inLanguage":"fr-FR","potentialAction":[{"@type":"ReadAction","target":["https:\/\/wecare4hair.com\/producten\/the-bang-face-shields\/"]}]},{"@type":"ImageObject","inLanguage":"fr-FR","@id":"https:\/\/wecare4hair.com\/producten\/the-bang-face-shields\/#primaryimage","url":"https:\/\/wecare4hair.com\/wp-content\/uploads\/2022\/09\/PHOTO-2025-08-12-14-01-54.jpeg","contentUrl":"https:\/\/wecare4hair.com\/wp-content\/uploads\/2022\/09\/PHOTO-2025-08-12-14-01-54.jpeg","width":1301,"height":1600},{"@type":"BreadcrumbList","@id":"https:\/\/wecare4hair.com\/producten\/the-bang-face-shields\/#breadcrumb","itemListElement":[{"@type":"ListItem","position":1,"name":"Home","item":"https:\/\/wecare4hair.com\/"},{"@type":"ListItem","position":2,"name":"Producten","item":"https:\/\/wecare4hair.com\/producten\/"},{"@type":"ListItem","position":3,"name":"The styling shields"}]},{"@type":"WebSite","@id":"https:\/\/wecare4hair.com\/#website","url":"https:\/\/wecare4hair.com\/","name":"WeCare4Hair","description":"Mat\u00e9riel de coiffure de haute qualit\u00e9","publisher":{"@id":"https:\/\/wecare4hair.com\/#organization"},"potentialAction":[{"@type":"SearchAction","target":{"@type":"EntryPoint","urlTemplate":"https:\/\/wecare4hair.com\/?s={search_term_string}"},"query-input":{"@type":"PropertyValueSpecification","valueRequired":true,"valueName":"search_term_string"}}],"inLanguage":"fr-FR"},{"@type":"Organization","@id":"https:\/\/wecare4hair.com\/#organization","name":"WeCare4Hair","url":"https:\/\/wecare4hair.com\/","logo":{"@type":"ImageObject","inLanguage":"fr-FR","@id":"https:\/\/wecare4hair.com\/#\/schema\/logo\/image\/","url":"https:\/\/wecare4hair.com\/wp-content\/uploads\/2023\/03\/Wecareforhairlogo.png","contentUrl":"https:\/\/wecare4hair.com\/wp-content\/uploads\/2023\/03\/Wecareforhairlogo.png","width":614,"height":124,"caption":"WeCare4Hair"},"image":{"@id":"https:\/\/wecare4hair.com\/#\/schema\/logo\/image\/"},"sameAs":["https:\/\/www.facebook.com\/WeCare4Hair","https:\/\/www.instagram.com\/we_care_4_hair\/"]}]}},"_links":{"self":[{"href":"https:\/\/wecare4hair.com\/fr\/wp-json\/wp\/v2\/product\/992","targetHints":{"allow":["GET"]}}],"collection":[{"href":"https:\/\/wecare4hair.com\/fr\/wp-json\/wp\/v2\/product"}],"about":[{"href":"https:\/\/wecare4hair.com\/fr\/wp-json\/wp\/v2\/types\/product"}],"wp:featuredmedia":[{"embeddable":true,"href":"https:\/\/wecare4hair.com\/fr\/wp-json\/wp\/v2\/media\/5644"}],"wp:attachment":[{"href":"https:\/\/wecare4hair.com\/fr\/wp-json\/wp\/v2\/media?parent=992"}],"wp:term":[{"taxonomy":"product_brand","embeddable":true,"href":"https:\/\/wecare4hair.com\/fr\/wp-json\/wp\/v2\/product_brand?post=992"},{"taxonomy":"product_cat","embeddable":true,"href":"https:\/\/wecare4hair.com\/fr\/wp-json\/wp\/v2\/product_cat?post=992"},{"taxonomy":"product_tag","embeddable":true,"href":"https:\/\/wecare4hair.com\/fr\/wp-json\/wp\/v2\/product_tag?post=992"}],"curies":[{"name":"wp","href":"https:\/\/api.w.org\/{rel}","templated":true}]}}