{"id":4010,"date":"2024-05-30T10:27:51","date_gmt":"2024-05-30T08:27:51","guid":{"rendered":"https:\/\/wecare4hair.com\/?post_type=product&#038;p=4010"},"modified":"2026-04-13T02:30:28","modified_gmt":"2026-04-13T00:30:28","slug":"800-xshort-hair-towel-white-60x40","status":"publish","type":"product","link":"https:\/\/wecare4hair.com\/fr\/producten\/800-xshort-hair-towel-white-60x40\/","title":{"rendered":"800 x Short hair towel white  60X40"},"content":{"rendered":"<p style=\"margin: 0px;font-family: Helvetica\"><span style=\"text-decoration: underline\"><strong>800 x Short hair towel white 60&#215;40<\/strong><\/span><\/p>\n<p style=\"margin: 0px;font-family: Helvetica\"><span style=\"letter-spacing: 0px\">Cette nouvelle serviette gaufr\u00e9e blanche est id\u00e9ale pour une utilisation sur les cheveux courts, les hommes, les p\u00e9dicures, les soins de beaut\u00e9 tels que les manucures, les soins du visage et l&#039;\u00e9pilation intime, le rasage humide dans les fauteuils de barbier et le bronzage par pulv\u00e9risation.<\/span><\/p>\n<p style=\"margin: 0px;font-family: Helvetica\"><span style=\"letter-spacing: 0px\">Toutes nos serviettes sont enti\u00e8rement sans javel, biod\u00e9gradables 100%.<\/span><\/p>\n<p style=\"margin: 0px;font-family: Helvetica\"><span style=\"letter-spacing: 0px\">dimension 60cm x 40cm.<\/span><\/p>","protected":false},"excerpt":{"rendered":"<p>800 x Short hair towel white 60&#215;40 Deze nieuwe\u00a0witte gewafelde handdoek is ideaal voor gebruik op kort haar, mannen, pedicures, schoonheidsbehandelingen, zoals manicure, gezichtsbehandelingen en intiem waxen, nat scheren in kappersstoelen en spray tanning . Al onze handdoeken zijn volledig zonder bleekmiddel, 100% biologisch afbreekbaar. afmetingen 60cm x 40cm.<\/p>","protected":false},"featured_media":4032,"template":"","meta":{"_acf_changed":false},"product_brand":[],"product_cat":[43,26],"product_tag":[],"class_list":{"0":"post-4010","1":"product","2":"type-product","3":"status-publish","4":"has-post-thumbnail","6":"product_cat-scrummi-beauty","7":"product_cat-scrummi","8":"pa_maat-40-x-60","10":"first","11":"instock","12":"taxable","13":"shipping-taxable","14":"purchasable","15":"product-type-simple"},"acf":[],"yoast_head":"<!-- This site is optimized with the Yoast SEO plugin v27.3 - https:\/\/yoast.com\/product\/yoast-seo-wordpress\/ -->\n<title>800 x Short hair towel white 60X40 - WeCare4Hair<\/title>\n<meta name=\"robots\" content=\"index, follow, max-snippet:-1, max-image-preview:large, max-video-preview:-1\" \/>\n<link rel=\"canonical\" href=\"https:\/\/wecare4hair.com\/fr\/des-produits\/800-xshort-hair-towel-white-60x40\/\" \/>\n<meta property=\"og:locale\" content=\"fr_FR\" \/>\n<meta property=\"og:type\" content=\"article\" \/>\n<meta property=\"og:title\" content=\"800 x Short hair towel white 60X40 - WeCare4Hair\" \/>\n<meta property=\"og:description\" content=\"800 x Short hair towel white 60&#215;40 Deze nieuwe\u00a0witte gewafelde handdoek is ideaal voor gebruik op kort haar, mannen, pedicures, schoonheidsbehandelingen, zoals manicure, gezichtsbehandelingen en intiem waxen, nat scheren in kappersstoelen en spray tanning . Al onze handdoeken zijn volledig zonder bleekmiddel, 100% biologisch afbreekbaar. afmetingen 60cm x 40cm.\" \/>\n<meta property=\"og:url\" content=\"https:\/\/wecare4hair.com\/fr\/des-produits\/800-xshort-hair-towel-white-60x40\/\" \/>\n<meta property=\"og:site_name\" content=\"WeCare4Hair\" \/>\n<meta property=\"article:publisher\" content=\"https:\/\/www.facebook.com\/WeCare4Hair\" \/>\n<meta property=\"article:modified_time\" content=\"2026-04-13T00:30:28+00:00\" \/>\n<meta property=\"og:image\" content=\"https:\/\/wecare4hair.com\/wp-content\/uploads\/2024\/05\/IMG_4912-scaled.jpg\" \/>\n\t<meta property=\"og:image:width\" content=\"2330\" \/>\n\t<meta property=\"og:image:height\" content=\"2560\" \/>\n\t<meta property=\"og:image:type\" content=\"image\/jpeg\" \/>\n<meta name=\"twitter:card\" content=\"summary_large_image\" \/>\n<meta name=\"twitter:label1\" content=\"Dur\u00e9e de lecture estim\u00e9e\" \/>\n\t<meta name=\"twitter:data1\" content=\"1 minute\" \/>\n<script type=\"application\/ld+json\" class=\"yoast-schema-graph\">{\"@context\":\"https:\\\/\\\/schema.org\",\"@graph\":[{\"@type\":\"WebPage\",\"@id\":\"https:\\\/\\\/wecare4hair.com\\\/producten\\\/800-xshort-hair-towel-white-60x40\\\/\",\"url\":\"https:\\\/\\\/wecare4hair.com\\\/producten\\\/800-xshort-hair-towel-white-60x40\\\/\",\"name\":\"800 x Short hair towel white 60X40 - WeCare4Hair\",\"isPartOf\":{\"@id\":\"https:\\\/\\\/wecare4hair.com\\\/#website\"},\"primaryImageOfPage\":{\"@id\":\"https:\\\/\\\/wecare4hair.com\\\/producten\\\/800-xshort-hair-towel-white-60x40\\\/#primaryimage\"},\"image\":{\"@id\":\"https:\\\/\\\/wecare4hair.com\\\/producten\\\/800-xshort-hair-towel-white-60x40\\\/#primaryimage\"},\"thumbnailUrl\":\"https:\\\/\\\/wecare4hair.com\\\/wp-content\\\/uploads\\\/2024\\\/05\\\/IMG_4912-scaled.jpg\",\"datePublished\":\"2024-05-30T08:27:51+00:00\",\"dateModified\":\"2026-04-13T00:30:28+00:00\",\"breadcrumb\":{\"@id\":\"https:\\\/\\\/wecare4hair.com\\\/producten\\\/800-xshort-hair-towel-white-60x40\\\/#breadcrumb\"},\"inLanguage\":\"fr-FR\",\"potentialAction\":[{\"@type\":\"ReadAction\",\"target\":[\"https:\\\/\\\/wecare4hair.com\\\/producten\\\/800-xshort-hair-towel-white-60x40\\\/\"]}]},{\"@type\":\"ImageObject\",\"inLanguage\":\"fr-FR\",\"@id\":\"https:\\\/\\\/wecare4hair.com\\\/producten\\\/800-xshort-hair-towel-white-60x40\\\/#primaryimage\",\"url\":\"https:\\\/\\\/wecare4hair.com\\\/wp-content\\\/uploads\\\/2024\\\/05\\\/IMG_4912-scaled.jpg\",\"contentUrl\":\"https:\\\/\\\/wecare4hair.com\\\/wp-content\\\/uploads\\\/2024\\\/05\\\/IMG_4912-scaled.jpg\",\"width\":2330,\"height\":2560},{\"@type\":\"BreadcrumbList\",\"@id\":\"https:\\\/\\\/wecare4hair.com\\\/producten\\\/800-xshort-hair-towel-white-60x40\\\/#breadcrumb\",\"itemListElement\":[{\"@type\":\"ListItem\",\"position\":1,\"name\":\"Home\",\"item\":\"https:\\\/\\\/wecare4hair.com\\\/\"},{\"@type\":\"ListItem\",\"position\":2,\"name\":\"Producten\",\"item\":\"https:\\\/\\\/wecare4hair.com\\\/producten\\\/\"},{\"@type\":\"ListItem\",\"position\":3,\"name\":\"800 x Short hair towel white 60X40\"}]},{\"@type\":\"WebSite\",\"@id\":\"https:\\\/\\\/wecare4hair.com\\\/#website\",\"url\":\"https:\\\/\\\/wecare4hair.com\\\/\",\"name\":\"WeCare4Hair\",\"description\":\"Kwalitatief hoogwaardig kappersmateriaal\",\"publisher\":{\"@id\":\"https:\\\/\\\/wecare4hair.com\\\/#organization\"},\"potentialAction\":[{\"@type\":\"SearchAction\",\"target\":{\"@type\":\"EntryPoint\",\"urlTemplate\":\"https:\\\/\\\/wecare4hair.com\\\/?s={search_term_string}\"},\"query-input\":{\"@type\":\"PropertyValueSpecification\",\"valueRequired\":true,\"valueName\":\"search_term_string\"}}],\"inLanguage\":\"fr-FR\"},{\"@type\":\"Organization\",\"@id\":\"https:\\\/\\\/wecare4hair.com\\\/#organization\",\"name\":\"WeCare4Hair\",\"url\":\"https:\\\/\\\/wecare4hair.com\\\/\",\"logo\":{\"@type\":\"ImageObject\",\"inLanguage\":\"fr-FR\",\"@id\":\"https:\\\/\\\/wecare4hair.com\\\/#\\\/schema\\\/logo\\\/image\\\/\",\"url\":\"https:\\\/\\\/wecare4hair.com\\\/wp-content\\\/uploads\\\/2023\\\/03\\\/Wecareforhairlogo.png\",\"contentUrl\":\"https:\\\/\\\/wecare4hair.com\\\/wp-content\\\/uploads\\\/2023\\\/03\\\/Wecareforhairlogo.png\",\"width\":614,\"height\":124,\"caption\":\"WeCare4Hair\"},\"image\":{\"@id\":\"https:\\\/\\\/wecare4hair.com\\\/#\\\/schema\\\/logo\\\/image\\\/\"},\"sameAs\":[\"https:\\\/\\\/www.facebook.com\\\/WeCare4Hair\",\"https:\\\/\\\/www.instagram.com\\\/we_care_4_hair\\\/\"]}]}<\/script>\n<!-- \/ Yoast SEO plugin. -->","yoast_head_json":{"title":"800 x Short hair towel white 60X40 - WeCare4Hair","robots":{"index":"index","follow":"follow","max-snippet":"max-snippet:-1","max-image-preview":"max-image-preview:large","max-video-preview":"max-video-preview:-1"},"canonical":"https:\/\/wecare4hair.com\/fr\/des-produits\/800-xshort-hair-towel-white-60x40\/","og_locale":"fr_FR","og_type":"article","og_title":"800 x Short hair towel white 60X40 - WeCare4Hair","og_description":"800 x Short hair towel white 60&#215;40 Deze nieuwe\u00a0witte gewafelde handdoek is ideaal voor gebruik op kort haar, mannen, pedicures, schoonheidsbehandelingen, zoals manicure, gezichtsbehandelingen en intiem waxen, nat scheren in kappersstoelen en spray tanning . Al onze handdoeken zijn volledig zonder bleekmiddel, 100% biologisch afbreekbaar. afmetingen 60cm x 40cm.","og_url":"https:\/\/wecare4hair.com\/fr\/des-produits\/800-xshort-hair-towel-white-60x40\/","og_site_name":"WeCare4Hair","article_publisher":"https:\/\/www.facebook.com\/WeCare4Hair","article_modified_time":"2026-04-13T00:30:28+00:00","og_image":[{"width":2330,"height":2560,"url":"https:\/\/wecare4hair.com\/wp-content\/uploads\/2024\/05\/IMG_4912-scaled.jpg","type":"image\/jpeg"}],"twitter_card":"summary_large_image","twitter_misc":{"Dur\u00e9e de lecture estim\u00e9e":"1 minute"},"schema":{"@context":"https:\/\/schema.org","@graph":[{"@type":"WebPage","@id":"https:\/\/wecare4hair.com\/producten\/800-xshort-hair-towel-white-60x40\/","url":"https:\/\/wecare4hair.com\/producten\/800-xshort-hair-towel-white-60x40\/","name":"800 x Short hair towel white 60X40 - WeCare4Hair","isPartOf":{"@id":"https:\/\/wecare4hair.com\/#website"},"primaryImageOfPage":{"@id":"https:\/\/wecare4hair.com\/producten\/800-xshort-hair-towel-white-60x40\/#primaryimage"},"image":{"@id":"https:\/\/wecare4hair.com\/producten\/800-xshort-hair-towel-white-60x40\/#primaryimage"},"thumbnailUrl":"https:\/\/wecare4hair.com\/wp-content\/uploads\/2024\/05\/IMG_4912-scaled.jpg","datePublished":"2024-05-30T08:27:51+00:00","dateModified":"2026-04-13T00:30:28+00:00","breadcrumb":{"@id":"https:\/\/wecare4hair.com\/producten\/800-xshort-hair-towel-white-60x40\/#breadcrumb"},"inLanguage":"fr-FR","potentialAction":[{"@type":"ReadAction","target":["https:\/\/wecare4hair.com\/producten\/800-xshort-hair-towel-white-60x40\/"]}]},{"@type":"ImageObject","inLanguage":"fr-FR","@id":"https:\/\/wecare4hair.com\/producten\/800-xshort-hair-towel-white-60x40\/#primaryimage","url":"https:\/\/wecare4hair.com\/wp-content\/uploads\/2024\/05\/IMG_4912-scaled.jpg","contentUrl":"https:\/\/wecare4hair.com\/wp-content\/uploads\/2024\/05\/IMG_4912-scaled.jpg","width":2330,"height":2560},{"@type":"BreadcrumbList","@id":"https:\/\/wecare4hair.com\/producten\/800-xshort-hair-towel-white-60x40\/#breadcrumb","itemListElement":[{"@type":"ListItem","position":1,"name":"Home","item":"https:\/\/wecare4hair.com\/"},{"@type":"ListItem","position":2,"name":"Producten","item":"https:\/\/wecare4hair.com\/producten\/"},{"@type":"ListItem","position":3,"name":"800 x Short hair towel white 60X40"}]},{"@type":"WebSite","@id":"https:\/\/wecare4hair.com\/#website","url":"https:\/\/wecare4hair.com\/","name":"WeCare4Hair","description":"Mat\u00e9riel de coiffure de haute qualit\u00e9","publisher":{"@id":"https:\/\/wecare4hair.com\/#organization"},"potentialAction":[{"@type":"SearchAction","target":{"@type":"EntryPoint","urlTemplate":"https:\/\/wecare4hair.com\/?s={search_term_string}"},"query-input":{"@type":"PropertyValueSpecification","valueRequired":true,"valueName":"search_term_string"}}],"inLanguage":"fr-FR"},{"@type":"Organization","@id":"https:\/\/wecare4hair.com\/#organization","name":"WeCare4Hair","url":"https:\/\/wecare4hair.com\/","logo":{"@type":"ImageObject","inLanguage":"fr-FR","@id":"https:\/\/wecare4hair.com\/#\/schema\/logo\/image\/","url":"https:\/\/wecare4hair.com\/wp-content\/uploads\/2023\/03\/Wecareforhairlogo.png","contentUrl":"https:\/\/wecare4hair.com\/wp-content\/uploads\/2023\/03\/Wecareforhairlogo.png","width":614,"height":124,"caption":"WeCare4Hair"},"image":{"@id":"https:\/\/wecare4hair.com\/#\/schema\/logo\/image\/"},"sameAs":["https:\/\/www.facebook.com\/WeCare4Hair","https:\/\/www.instagram.com\/we_care_4_hair\/"]}]}},"_links":{"self":[{"href":"https:\/\/wecare4hair.com\/fr\/wp-json\/wp\/v2\/product\/4010","targetHints":{"allow":["GET"]}}],"collection":[{"href":"https:\/\/wecare4hair.com\/fr\/wp-json\/wp\/v2\/product"}],"about":[{"href":"https:\/\/wecare4hair.com\/fr\/wp-json\/wp\/v2\/types\/product"}],"wp:featuredmedia":[{"embeddable":true,"href":"https:\/\/wecare4hair.com\/fr\/wp-json\/wp\/v2\/media\/4032"}],"wp:attachment":[{"href":"https:\/\/wecare4hair.com\/fr\/wp-json\/wp\/v2\/media?parent=4010"}],"wp:term":[{"taxonomy":"product_brand","embeddable":true,"href":"https:\/\/wecare4hair.com\/fr\/wp-json\/wp\/v2\/product_brand?post=4010"},{"taxonomy":"product_cat","embeddable":true,"href":"https:\/\/wecare4hair.com\/fr\/wp-json\/wp\/v2\/product_cat?post=4010"},{"taxonomy":"product_tag","embeddable":true,"href":"https:\/\/wecare4hair.com\/fr\/wp-json\/wp\/v2\/product_tag?post=4010"}],"curies":[{"name":"wp","href":"https:\/\/api.w.org\/{rel}","templated":true}]}}