{"id":3041,"date":"2023-10-02T15:41:49","date_gmt":"2023-10-02T13:41:49","guid":{"rendered":"https:\/\/wecare4hair.com\/?post_type=product&#038;p=3041"},"modified":"2026-03-30T14:43:48","modified_gmt":"2026-03-30T12:43:48","slug":"massage-bed-sheets-essential","status":"publish","type":"product","link":"https:\/\/wecare4hair.com\/fr\/producten\/massage-bed-sheets-essential\/","title":{"rendered":"15 X Massage bed Sheets essential white with face hole 200&#215;100"},"content":{"rendered":"<p>Ces draps sont principalement utilis\u00e9s pour \u00eatre plac\u00e9s sur le corps<\/p>\n<p><strong>Description du produit <\/strong><\/p>\n<p>Les draps Essential Waffle Spa sont des draps luxueux \u00e0 la texture gaufr\u00e9e, id\u00e9aux pour les massages, les soins du visage et les enveloppements corporels.<\/p>\n<p>Les feuilles Essential Waffle Spa sont environ \u00b140% plus fines que les feuilles Original Waffle Spa.<\/p>\n<ul>\n<li>Feuilles de spa 100% d&#039;origine v\u00e9g\u00e9tale et biod\u00e9gradables<\/li>\n<li>Texture gaufre<\/li>\n<li>Doux et hypoallerg\u00e9nique<\/li>\n<li>Hygi\u00e9nique et pratique<strong>O\u00f9 utiliser<\/strong><\/li>\n<li>Housse pour canap\u00e9\/table<\/li>\n<li>Couverture pour la discr\u00e9tion<\/li>\n<li>Spa &amp; Vrije tijdCombineer met bestaande handdoeken en lakens om een luxe, hygi\u00ebnische barri\u00e8re te cre\u00ebren<\/li>\n<\/ul>\n<p>&nbsp;<\/p>","protected":false},"excerpt":{"rendered":"<p>Deze lakens worden vooral gebruikt om over het lichaam te leggen Productbeschrijving De Essenti\u00eble Wafel Spa Lakens zijn luxueuze lakens met een wafeltextuur, ideaal voor massages, gezichtsbehandelingen en body wraps. De Essenti\u00eble Wafel Spa Lakens zijn ongeveer \u00b140% dunner dan de Originele Wafel Spa Lakens. 100% op planten gebaseerde en biologisch afbreekbare spa lakens Wafeltextuur [&hellip;]<\/p>\n","protected":false},"featured_media":3036,"template":"","meta":{"_acf_changed":false},"product_brand":[],"product_cat":[43],"product_tag":[],"class_list":{"0":"post-3041","1":"product","2":"type-product","3":"status-publish","4":"has-post-thumbnail","6":"product_cat-scrummi-beauty","8":"first","9":"instock","10":"taxable","11":"shipping-taxable","12":"purchasable","13":"product-type-simple"},"acf":[],"yoast_head":"<!-- This site is optimized with the Yoast SEO plugin v27.4 - https:\/\/yoast.com\/product\/yoast-seo-wordpress\/ -->\n<title>15 X Massage bed Sheets essential white with face hole 200x100 - WeCare4Hair<\/title>\n<meta name=\"robots\" content=\"index, follow, max-snippet:-1, max-image-preview:large, max-video-preview:-1\" \/>\n<link rel=\"canonical\" href=\"https:\/\/wecare4hair.com\/fr\/des-produits\/massage-bed-sheets-essential\/\" \/>\n<meta property=\"og:locale\" content=\"fr_FR\" \/>\n<meta property=\"og:type\" content=\"article\" \/>\n<meta property=\"og:title\" content=\"15 X Massage bed Sheets essential white with face hole 200x100 - WeCare4Hair\" \/>\n<meta property=\"og:description\" content=\"Deze lakens worden vooral gebruikt om over het lichaam te leggen Productbeschrijving De Essenti\u00eble Wafel Spa Lakens zijn luxueuze lakens met een wafeltextuur, ideaal voor massages, gezichtsbehandelingen en body wraps. De Essenti\u00eble Wafel Spa Lakens zijn ongeveer \u00b140% dunner dan de Originele Wafel Spa Lakens. 100% op planten gebaseerde en biologisch afbreekbare spa lakens Wafeltextuur [&hellip;]\" \/>\n<meta property=\"og:url\" content=\"https:\/\/wecare4hair.com\/fr\/des-produits\/massage-bed-sheets-essential\/\" \/>\n<meta property=\"og:site_name\" content=\"WeCare4Hair\" \/>\n<meta property=\"article:publisher\" content=\"https:\/\/www.facebook.com\/WeCare4Hair\" \/>\n<meta property=\"article:modified_time\" content=\"2026-03-30T12:43:48+00:00\" \/>\n<meta property=\"og:image\" content=\"https:\/\/wecare4hair.com\/wp-content\/uploads\/2023\/09\/Spa-Mood-17.jpg\" \/>\n\t<meta property=\"og:image:width\" content=\"1452\" \/>\n\t<meta property=\"og:image:height\" content=\"969\" \/>\n\t<meta property=\"og:image:type\" content=\"image\/jpeg\" \/>\n<meta name=\"twitter:card\" content=\"summary_large_image\" \/>\n<meta name=\"twitter:label1\" content=\"Dur\u00e9e de lecture estim\u00e9e\" \/>\n\t<meta name=\"twitter:data1\" content=\"1 minute\" \/>\n<script type=\"application\/ld+json\" class=\"yoast-schema-graph\">{\"@context\":\"https:\\\/\\\/schema.org\",\"@graph\":[{\"@type\":\"WebPage\",\"@id\":\"https:\\\/\\\/wecare4hair.com\\\/producten\\\/massage-bed-sheets-essential\\\/\",\"url\":\"https:\\\/\\\/wecare4hair.com\\\/producten\\\/massage-bed-sheets-essential\\\/\",\"name\":\"15 X Massage bed Sheets essential white with face hole 200x100 - WeCare4Hair\",\"isPartOf\":{\"@id\":\"https:\\\/\\\/wecare4hair.com\\\/#website\"},\"primaryImageOfPage\":{\"@id\":\"https:\\\/\\\/wecare4hair.com\\\/producten\\\/massage-bed-sheets-essential\\\/#primaryimage\"},\"image\":{\"@id\":\"https:\\\/\\\/wecare4hair.com\\\/producten\\\/massage-bed-sheets-essential\\\/#primaryimage\"},\"thumbnailUrl\":\"https:\\\/\\\/wecare4hair.com\\\/wp-content\\\/uploads\\\/2023\\\/09\\\/Spa-Mood-17.jpg\",\"datePublished\":\"2023-10-02T13:41:49+00:00\",\"dateModified\":\"2026-03-30T12:43:48+00:00\",\"breadcrumb\":{\"@id\":\"https:\\\/\\\/wecare4hair.com\\\/producten\\\/massage-bed-sheets-essential\\\/#breadcrumb\"},\"inLanguage\":\"fr-FR\",\"potentialAction\":[{\"@type\":\"ReadAction\",\"target\":[\"https:\\\/\\\/wecare4hair.com\\\/producten\\\/massage-bed-sheets-essential\\\/\"]}]},{\"@type\":\"ImageObject\",\"inLanguage\":\"fr-FR\",\"@id\":\"https:\\\/\\\/wecare4hair.com\\\/producten\\\/massage-bed-sheets-essential\\\/#primaryimage\",\"url\":\"https:\\\/\\\/wecare4hair.com\\\/wp-content\\\/uploads\\\/2023\\\/09\\\/Spa-Mood-17.jpg\",\"contentUrl\":\"https:\\\/\\\/wecare4hair.com\\\/wp-content\\\/uploads\\\/2023\\\/09\\\/Spa-Mood-17.jpg\",\"width\":1452,\"height\":969},{\"@type\":\"BreadcrumbList\",\"@id\":\"https:\\\/\\\/wecare4hair.com\\\/producten\\\/massage-bed-sheets-essential\\\/#breadcrumb\",\"itemListElement\":[{\"@type\":\"ListItem\",\"position\":1,\"name\":\"Home\",\"item\":\"https:\\\/\\\/wecare4hair.com\\\/\"},{\"@type\":\"ListItem\",\"position\":2,\"name\":\"Producten\",\"item\":\"https:\\\/\\\/wecare4hair.com\\\/producten\\\/\"},{\"@type\":\"ListItem\",\"position\":3,\"name\":\"15 X Massage bed Sheets essential white with face hole 200&#215;100\"}]},{\"@type\":\"WebSite\",\"@id\":\"https:\\\/\\\/wecare4hair.com\\\/#website\",\"url\":\"https:\\\/\\\/wecare4hair.com\\\/\",\"name\":\"WeCare4Hair\",\"description\":\"Kwalitatief hoogwaardig kappersmateriaal\",\"publisher\":{\"@id\":\"https:\\\/\\\/wecare4hair.com\\\/#organization\"},\"potentialAction\":[{\"@type\":\"SearchAction\",\"target\":{\"@type\":\"EntryPoint\",\"urlTemplate\":\"https:\\\/\\\/wecare4hair.com\\\/?s={search_term_string}\"},\"query-input\":{\"@type\":\"PropertyValueSpecification\",\"valueRequired\":true,\"valueName\":\"search_term_string\"}}],\"inLanguage\":\"fr-FR\"},{\"@type\":\"Organization\",\"@id\":\"https:\\\/\\\/wecare4hair.com\\\/#organization\",\"name\":\"WeCare4Hair\",\"url\":\"https:\\\/\\\/wecare4hair.com\\\/\",\"logo\":{\"@type\":\"ImageObject\",\"inLanguage\":\"fr-FR\",\"@id\":\"https:\\\/\\\/wecare4hair.com\\\/#\\\/schema\\\/logo\\\/image\\\/\",\"url\":\"https:\\\/\\\/wecare4hair.com\\\/wp-content\\\/uploads\\\/2023\\\/03\\\/Wecareforhairlogo.png\",\"contentUrl\":\"https:\\\/\\\/wecare4hair.com\\\/wp-content\\\/uploads\\\/2023\\\/03\\\/Wecareforhairlogo.png\",\"width\":614,\"height\":124,\"caption\":\"WeCare4Hair\"},\"image\":{\"@id\":\"https:\\\/\\\/wecare4hair.com\\\/#\\\/schema\\\/logo\\\/image\\\/\"},\"sameAs\":[\"https:\\\/\\\/www.facebook.com\\\/WeCare4Hair\",\"https:\\\/\\\/www.instagram.com\\\/we_care_4_hair\\\/\"]}]}<\/script>\n<!-- \/ Yoast SEO plugin. -->","yoast_head_json":{"title":"15 X Massage bed Sheets essential white with face hole 200x100 - WeCare4Hair","robots":{"index":"index","follow":"follow","max-snippet":"max-snippet:-1","max-image-preview":"max-image-preview:large","max-video-preview":"max-video-preview:-1"},"canonical":"https:\/\/wecare4hair.com\/fr\/des-produits\/massage-bed-sheets-essential\/","og_locale":"fr_FR","og_type":"article","og_title":"15 X Massage bed Sheets essential white with face hole 200x100 - WeCare4Hair","og_description":"Deze lakens worden vooral gebruikt om over het lichaam te leggen Productbeschrijving De Essenti\u00eble Wafel Spa Lakens zijn luxueuze lakens met een wafeltextuur, ideaal voor massages, gezichtsbehandelingen en body wraps. De Essenti\u00eble Wafel Spa Lakens zijn ongeveer \u00b140% dunner dan de Originele Wafel Spa Lakens. 100% op planten gebaseerde en biologisch afbreekbare spa lakens Wafeltextuur [&hellip;]","og_url":"https:\/\/wecare4hair.com\/fr\/des-produits\/massage-bed-sheets-essential\/","og_site_name":"WeCare4Hair","article_publisher":"https:\/\/www.facebook.com\/WeCare4Hair","article_modified_time":"2026-03-30T12:43:48+00:00","og_image":[{"width":1452,"height":969,"url":"https:\/\/wecare4hair.com\/wp-content\/uploads\/2023\/09\/Spa-Mood-17.jpg","type":"image\/jpeg"}],"twitter_card":"summary_large_image","twitter_misc":{"Dur\u00e9e de lecture estim\u00e9e":"1 minute"},"schema":{"@context":"https:\/\/schema.org","@graph":[{"@type":"WebPage","@id":"https:\/\/wecare4hair.com\/producten\/massage-bed-sheets-essential\/","url":"https:\/\/wecare4hair.com\/producten\/massage-bed-sheets-essential\/","name":"15 X Massage bed Sheets essential white with face hole 200x100 - WeCare4Hair","isPartOf":{"@id":"https:\/\/wecare4hair.com\/#website"},"primaryImageOfPage":{"@id":"https:\/\/wecare4hair.com\/producten\/massage-bed-sheets-essential\/#primaryimage"},"image":{"@id":"https:\/\/wecare4hair.com\/producten\/massage-bed-sheets-essential\/#primaryimage"},"thumbnailUrl":"https:\/\/wecare4hair.com\/wp-content\/uploads\/2023\/09\/Spa-Mood-17.jpg","datePublished":"2023-10-02T13:41:49+00:00","dateModified":"2026-03-30T12:43:48+00:00","breadcrumb":{"@id":"https:\/\/wecare4hair.com\/producten\/massage-bed-sheets-essential\/#breadcrumb"},"inLanguage":"fr-FR","potentialAction":[{"@type":"ReadAction","target":["https:\/\/wecare4hair.com\/producten\/massage-bed-sheets-essential\/"]}]},{"@type":"ImageObject","inLanguage":"fr-FR","@id":"https:\/\/wecare4hair.com\/producten\/massage-bed-sheets-essential\/#primaryimage","url":"https:\/\/wecare4hair.com\/wp-content\/uploads\/2023\/09\/Spa-Mood-17.jpg","contentUrl":"https:\/\/wecare4hair.com\/wp-content\/uploads\/2023\/09\/Spa-Mood-17.jpg","width":1452,"height":969},{"@type":"BreadcrumbList","@id":"https:\/\/wecare4hair.com\/producten\/massage-bed-sheets-essential\/#breadcrumb","itemListElement":[{"@type":"ListItem","position":1,"name":"Home","item":"https:\/\/wecare4hair.com\/"},{"@type":"ListItem","position":2,"name":"Producten","item":"https:\/\/wecare4hair.com\/producten\/"},{"@type":"ListItem","position":3,"name":"15 X Massage bed Sheets essential white with face hole 200&#215;100"}]},{"@type":"WebSite","@id":"https:\/\/wecare4hair.com\/#website","url":"https:\/\/wecare4hair.com\/","name":"WeCare4Hair","description":"Mat\u00e9riel de coiffure de haute qualit\u00e9","publisher":{"@id":"https:\/\/wecare4hair.com\/#organization"},"potentialAction":[{"@type":"SearchAction","target":{"@type":"EntryPoint","urlTemplate":"https:\/\/wecare4hair.com\/?s={search_term_string}"},"query-input":{"@type":"PropertyValueSpecification","valueRequired":true,"valueName":"search_term_string"}}],"inLanguage":"fr-FR"},{"@type":"Organization","@id":"https:\/\/wecare4hair.com\/#organization","name":"WeCare4Hair","url":"https:\/\/wecare4hair.com\/","logo":{"@type":"ImageObject","inLanguage":"fr-FR","@id":"https:\/\/wecare4hair.com\/#\/schema\/logo\/image\/","url":"https:\/\/wecare4hair.com\/wp-content\/uploads\/2023\/03\/Wecareforhairlogo.png","contentUrl":"https:\/\/wecare4hair.com\/wp-content\/uploads\/2023\/03\/Wecareforhairlogo.png","width":614,"height":124,"caption":"WeCare4Hair"},"image":{"@id":"https:\/\/wecare4hair.com\/#\/schema\/logo\/image\/"},"sameAs":["https:\/\/www.facebook.com\/WeCare4Hair","https:\/\/www.instagram.com\/we_care_4_hair\/"]}]}},"_links":{"self":[{"href":"https:\/\/wecare4hair.com\/fr\/wp-json\/wp\/v2\/product\/3041","targetHints":{"allow":["GET"]}}],"collection":[{"href":"https:\/\/wecare4hair.com\/fr\/wp-json\/wp\/v2\/product"}],"about":[{"href":"https:\/\/wecare4hair.com\/fr\/wp-json\/wp\/v2\/types\/product"}],"wp:featuredmedia":[{"embeddable":true,"href":"https:\/\/wecare4hair.com\/fr\/wp-json\/wp\/v2\/media\/3036"}],"wp:attachment":[{"href":"https:\/\/wecare4hair.com\/fr\/wp-json\/wp\/v2\/media?parent=3041"}],"wp:term":[{"taxonomy":"product_brand","embeddable":true,"href":"https:\/\/wecare4hair.com\/fr\/wp-json\/wp\/v2\/product_brand?post=3041"},{"taxonomy":"product_cat","embeddable":true,"href":"https:\/\/wecare4hair.com\/fr\/wp-json\/wp\/v2\/product_cat?post=3041"},{"taxonomy":"product_tag","embeddable":true,"href":"https:\/\/wecare4hair.com\/fr\/wp-json\/wp\/v2\/product_tag?post=3041"}],"curies":[{"name":"wp","href":"https:\/\/api.w.org\/{rel}","templated":true}]}}