{"id":3039,"date":"2023-10-02T15:41:52","date_gmt":"2023-10-02T13:41:52","guid":{"rendered":"https:\/\/wecare4hair.com\/?post_type=product&#038;p=3039"},"modified":"2026-04-20T14:42:49","modified_gmt":"2026-04-20T12:42:49","slug":"mitaines-a-gaufres","status":"publish","type":"product","link":"https:\/\/wecare4hair.com\/fr\/producten\/waffle-mitts\/","title":{"rendered":"40 X Waffle Mitts"},"content":{"rendered":"<p>Gant de toilette pour enlever l&#039;huile de massage et le gommage, etc.<\/p>\n<p><strong>Description du produit<\/strong><\/p>\n<p>Les gants Scrummi Waffle Mitts sont les outils faciaux parfaits pour les spas et les salons de beaut\u00e9 qui veulent le meilleur pour la peau de leurs clients !<\/p>\n<p>Gants faciaux 100% \u00e0 base de plantes et biod\u00e9gradables Doux et hypoallerg\u00e9nique Structure gaufr\u00e9e R\u00e9duit le risque de dermatite de contact pour les esth\u00e9ticiennes R\u00e9chauffement rapide Aide \u00e0 exfolier et lisser la peau Hygi\u00e9nique et pratique<\/p>\n<p><strong>O\u00f9 utiliser\u00a0<\/strong><\/p>\n<p>\u2022 Soins du visage<\/p>\n<p>\u2022 \u00c9limination de la pollution cutan\u00e9e<\/p>\n<p>\u2022 Soins chauds ou froids<\/p>\n<p>\u2022 Peut \u00eatre stock\u00e9 dans des chauffe-gants<\/p>\n<p>Spa &amp; Loisirs<\/p>\n<p>\u2022 Soins du visage<\/p>\n<p>\u2022 \u00c9limination de la pollution cutan\u00e9e<\/p>\n<p>\u2022 Soins chauds ou froids<\/p>\n<p>\u2022 Peut \u00eatre conserv\u00e9 dans des r\u00e9chauffeurs<\/p>\n<p>&nbsp;<\/p>","protected":false},"excerpt":{"rendered":"<p>Washandje voor het verwijderen van massage olie en scrub e.a Productbeschrijving Scrummi Waffle Mitts zijn de perfecte gezichtshulpmiddelen voor spa&#8217;s en schoonheidssalons die alleen het beste willen voor de huid van hun klanten! 100% op planten gebaseerde en biologisch afbreekbare gezichtshandschoenen Zacht en hypoallergeen Wafelstructuur Verlaagt het risico op contactdermatitis voor schoonheidsspecialisten Snel opwarmend Helpt [&hellip;]<\/p>\n","protected":false},"featured_media":3034,"template":"","meta":{"_acf_changed":false},"product_brand":[],"product_cat":[43],"product_tag":[],"class_list":{"0":"post-3039","1":"product","2":"type-product","3":"status-publish","4":"has-post-thumbnail","6":"product_cat-scrummi-beauty","8":"first","9":"instock","10":"taxable","11":"shipping-taxable","12":"purchasable","13":"product-type-simple"},"acf":[],"yoast_head":"<!-- This site is optimized with the Yoast SEO plugin v27.5 - https:\/\/yoast.com\/product\/yoast-seo-wordpress\/ -->\n<title>40 X Waffle Mitts - WeCare4Hair<\/title>\n<meta name=\"robots\" content=\"index, follow, max-snippet:-1, max-image-preview:large, max-video-preview:-1\" \/>\n<link rel=\"canonical\" href=\"https:\/\/wecare4hair.com\/fr\/des-produits\/mitaines-a-gaufres\/\" \/>\n<meta property=\"og:locale\" content=\"fr_FR\" \/>\n<meta property=\"og:type\" content=\"article\" \/>\n<meta property=\"og:title\" content=\"40 X Waffle Mitts - WeCare4Hair\" \/>\n<meta property=\"og:description\" content=\"Washandje voor het verwijderen van massage olie en scrub e.a Productbeschrijving Scrummi Waffle Mitts zijn de perfecte gezichtshulpmiddelen voor spa&#8217;s en schoonheidssalons die alleen het beste willen voor de huid van hun klanten! 100% op planten gebaseerde en biologisch afbreekbare gezichtshandschoenen Zacht en hypoallergeen Wafelstructuur Verlaagt het risico op contactdermatitis voor schoonheidsspecialisten Snel opwarmend Helpt [&hellip;]\" \/>\n<meta property=\"og:url\" content=\"https:\/\/wecare4hair.com\/fr\/des-produits\/mitaines-a-gaufres\/\" \/>\n<meta property=\"og:site_name\" content=\"WeCare4Hair\" \/>\n<meta property=\"article:publisher\" content=\"https:\/\/www.facebook.com\/WeCare4Hair\" \/>\n<meta property=\"article:modified_time\" content=\"2026-04-20T12:42:49+00:00\" \/>\n<meta property=\"og:image\" content=\"https:\/\/wecare4hair.com\/wp-content\/uploads\/2023\/09\/Spa-Mood-10.jpg\" \/>\n\t<meta property=\"og:image:width\" content=\"1452\" \/>\n\t<meta property=\"og:image:height\" content=\"969\" \/>\n\t<meta property=\"og:image:type\" content=\"image\/jpeg\" \/>\n<meta name=\"twitter:card\" content=\"summary_large_image\" \/>\n<meta name=\"twitter:label1\" content=\"Dur\u00e9e de lecture estim\u00e9e\" \/>\n\t<meta name=\"twitter:data1\" content=\"1 minute\" \/>\n<script type=\"application\/ld+json\" class=\"yoast-schema-graph\">{\"@context\":\"https:\\\/\\\/schema.org\",\"@graph\":[{\"@type\":\"WebPage\",\"@id\":\"https:\\\/\\\/wecare4hair.com\\\/producten\\\/waffle-mitts\\\/\",\"url\":\"https:\\\/\\\/wecare4hair.com\\\/producten\\\/waffle-mitts\\\/\",\"name\":\"40 X Waffle Mitts - WeCare4Hair\",\"isPartOf\":{\"@id\":\"https:\\\/\\\/wecare4hair.com\\\/#website\"},\"primaryImageOfPage\":{\"@id\":\"https:\\\/\\\/wecare4hair.com\\\/producten\\\/waffle-mitts\\\/#primaryimage\"},\"image\":{\"@id\":\"https:\\\/\\\/wecare4hair.com\\\/producten\\\/waffle-mitts\\\/#primaryimage\"},\"thumbnailUrl\":\"https:\\\/\\\/wecare4hair.com\\\/wp-content\\\/uploads\\\/2023\\\/09\\\/Spa-Mood-10.jpg\",\"datePublished\":\"2023-10-02T13:41:52+00:00\",\"dateModified\":\"2026-04-20T12:42:49+00:00\",\"breadcrumb\":{\"@id\":\"https:\\\/\\\/wecare4hair.com\\\/producten\\\/waffle-mitts\\\/#breadcrumb\"},\"inLanguage\":\"fr-FR\",\"potentialAction\":[{\"@type\":\"ReadAction\",\"target\":[\"https:\\\/\\\/wecare4hair.com\\\/producten\\\/waffle-mitts\\\/\"]}]},{\"@type\":\"ImageObject\",\"inLanguage\":\"fr-FR\",\"@id\":\"https:\\\/\\\/wecare4hair.com\\\/producten\\\/waffle-mitts\\\/#primaryimage\",\"url\":\"https:\\\/\\\/wecare4hair.com\\\/wp-content\\\/uploads\\\/2023\\\/09\\\/Spa-Mood-10.jpg\",\"contentUrl\":\"https:\\\/\\\/wecare4hair.com\\\/wp-content\\\/uploads\\\/2023\\\/09\\\/Spa-Mood-10.jpg\",\"width\":1452,\"height\":969},{\"@type\":\"BreadcrumbList\",\"@id\":\"https:\\\/\\\/wecare4hair.com\\\/producten\\\/waffle-mitts\\\/#breadcrumb\",\"itemListElement\":[{\"@type\":\"ListItem\",\"position\":1,\"name\":\"Home\",\"item\":\"https:\\\/\\\/wecare4hair.com\\\/\"},{\"@type\":\"ListItem\",\"position\":2,\"name\":\"Producten\",\"item\":\"https:\\\/\\\/wecare4hair.com\\\/producten\\\/\"},{\"@type\":\"ListItem\",\"position\":3,\"name\":\"40 X Waffle Mitts\"}]},{\"@type\":\"WebSite\",\"@id\":\"https:\\\/\\\/wecare4hair.com\\\/#website\",\"url\":\"https:\\\/\\\/wecare4hair.com\\\/\",\"name\":\"WeCare4Hair\",\"description\":\"Kwalitatief hoogwaardig kappersmateriaal\",\"publisher\":{\"@id\":\"https:\\\/\\\/wecare4hair.com\\\/#organization\"},\"potentialAction\":[{\"@type\":\"SearchAction\",\"target\":{\"@type\":\"EntryPoint\",\"urlTemplate\":\"https:\\\/\\\/wecare4hair.com\\\/?s={search_term_string}\"},\"query-input\":{\"@type\":\"PropertyValueSpecification\",\"valueRequired\":true,\"valueName\":\"search_term_string\"}}],\"inLanguage\":\"fr-FR\"},{\"@type\":\"Organization\",\"@id\":\"https:\\\/\\\/wecare4hair.com\\\/#organization\",\"name\":\"WeCare4Hair\",\"url\":\"https:\\\/\\\/wecare4hair.com\\\/\",\"logo\":{\"@type\":\"ImageObject\",\"inLanguage\":\"fr-FR\",\"@id\":\"https:\\\/\\\/wecare4hair.com\\\/#\\\/schema\\\/logo\\\/image\\\/\",\"url\":\"https:\\\/\\\/wecare4hair.com\\\/wp-content\\\/uploads\\\/2023\\\/03\\\/Wecareforhairlogo.png\",\"contentUrl\":\"https:\\\/\\\/wecare4hair.com\\\/wp-content\\\/uploads\\\/2023\\\/03\\\/Wecareforhairlogo.png\",\"width\":614,\"height\":124,\"caption\":\"WeCare4Hair\"},\"image\":{\"@id\":\"https:\\\/\\\/wecare4hair.com\\\/#\\\/schema\\\/logo\\\/image\\\/\"},\"sameAs\":[\"https:\\\/\\\/www.facebook.com\\\/WeCare4Hair\",\"https:\\\/\\\/www.instagram.com\\\/we_care_4_hair\\\/\"]}]}<\/script>\n<!-- \/ Yoast SEO plugin. -->","yoast_head_json":{"title":"40 X Waffle Mitts - WeCare4Hair","robots":{"index":"index","follow":"follow","max-snippet":"max-snippet:-1","max-image-preview":"max-image-preview:large","max-video-preview":"max-video-preview:-1"},"canonical":"https:\/\/wecare4hair.com\/fr\/des-produits\/mitaines-a-gaufres\/","og_locale":"fr_FR","og_type":"article","og_title":"40 X Waffle Mitts - WeCare4Hair","og_description":"Washandje voor het verwijderen van massage olie en scrub e.a Productbeschrijving Scrummi Waffle Mitts zijn de perfecte gezichtshulpmiddelen voor spa&#8217;s en schoonheidssalons die alleen het beste willen voor de huid van hun klanten! 100% op planten gebaseerde en biologisch afbreekbare gezichtshandschoenen Zacht en hypoallergeen Wafelstructuur Verlaagt het risico op contactdermatitis voor schoonheidsspecialisten Snel opwarmend Helpt [&hellip;]","og_url":"https:\/\/wecare4hair.com\/fr\/des-produits\/mitaines-a-gaufres\/","og_site_name":"WeCare4Hair","article_publisher":"https:\/\/www.facebook.com\/WeCare4Hair","article_modified_time":"2026-04-20T12:42:49+00:00","og_image":[{"width":1452,"height":969,"url":"https:\/\/wecare4hair.com\/wp-content\/uploads\/2023\/09\/Spa-Mood-10.jpg","type":"image\/jpeg"}],"twitter_card":"summary_large_image","twitter_misc":{"Dur\u00e9e de lecture estim\u00e9e":"1 minute"},"schema":{"@context":"https:\/\/schema.org","@graph":[{"@type":"WebPage","@id":"https:\/\/wecare4hair.com\/producten\/waffle-mitts\/","url":"https:\/\/wecare4hair.com\/producten\/waffle-mitts\/","name":"40 X Waffle Mitts - WeCare4Hair","isPartOf":{"@id":"https:\/\/wecare4hair.com\/#website"},"primaryImageOfPage":{"@id":"https:\/\/wecare4hair.com\/producten\/waffle-mitts\/#primaryimage"},"image":{"@id":"https:\/\/wecare4hair.com\/producten\/waffle-mitts\/#primaryimage"},"thumbnailUrl":"https:\/\/wecare4hair.com\/wp-content\/uploads\/2023\/09\/Spa-Mood-10.jpg","datePublished":"2023-10-02T13:41:52+00:00","dateModified":"2026-04-20T12:42:49+00:00","breadcrumb":{"@id":"https:\/\/wecare4hair.com\/producten\/waffle-mitts\/#breadcrumb"},"inLanguage":"fr-FR","potentialAction":[{"@type":"ReadAction","target":["https:\/\/wecare4hair.com\/producten\/waffle-mitts\/"]}]},{"@type":"ImageObject","inLanguage":"fr-FR","@id":"https:\/\/wecare4hair.com\/producten\/waffle-mitts\/#primaryimage","url":"https:\/\/wecare4hair.com\/wp-content\/uploads\/2023\/09\/Spa-Mood-10.jpg","contentUrl":"https:\/\/wecare4hair.com\/wp-content\/uploads\/2023\/09\/Spa-Mood-10.jpg","width":1452,"height":969},{"@type":"BreadcrumbList","@id":"https:\/\/wecare4hair.com\/producten\/waffle-mitts\/#breadcrumb","itemListElement":[{"@type":"ListItem","position":1,"name":"Home","item":"https:\/\/wecare4hair.com\/"},{"@type":"ListItem","position":2,"name":"Producten","item":"https:\/\/wecare4hair.com\/producten\/"},{"@type":"ListItem","position":3,"name":"40 X Waffle Mitts"}]},{"@type":"WebSite","@id":"https:\/\/wecare4hair.com\/#website","url":"https:\/\/wecare4hair.com\/","name":"WeCare4Hair","description":"Mat\u00e9riel de coiffure de haute qualit\u00e9","publisher":{"@id":"https:\/\/wecare4hair.com\/#organization"},"potentialAction":[{"@type":"SearchAction","target":{"@type":"EntryPoint","urlTemplate":"https:\/\/wecare4hair.com\/?s={search_term_string}"},"query-input":{"@type":"PropertyValueSpecification","valueRequired":true,"valueName":"search_term_string"}}],"inLanguage":"fr-FR"},{"@type":"Organization","@id":"https:\/\/wecare4hair.com\/#organization","name":"WeCare4Hair","url":"https:\/\/wecare4hair.com\/","logo":{"@type":"ImageObject","inLanguage":"fr-FR","@id":"https:\/\/wecare4hair.com\/#\/schema\/logo\/image\/","url":"https:\/\/wecare4hair.com\/wp-content\/uploads\/2023\/03\/Wecareforhairlogo.png","contentUrl":"https:\/\/wecare4hair.com\/wp-content\/uploads\/2023\/03\/Wecareforhairlogo.png","width":614,"height":124,"caption":"WeCare4Hair"},"image":{"@id":"https:\/\/wecare4hair.com\/#\/schema\/logo\/image\/"},"sameAs":["https:\/\/www.facebook.com\/WeCare4Hair","https:\/\/www.instagram.com\/we_care_4_hair\/"]}]}},"_links":{"self":[{"href":"https:\/\/wecare4hair.com\/fr\/wp-json\/wp\/v2\/product\/3039","targetHints":{"allow":["GET"]}}],"collection":[{"href":"https:\/\/wecare4hair.com\/fr\/wp-json\/wp\/v2\/product"}],"about":[{"href":"https:\/\/wecare4hair.com\/fr\/wp-json\/wp\/v2\/types\/product"}],"wp:featuredmedia":[{"embeddable":true,"href":"https:\/\/wecare4hair.com\/fr\/wp-json\/wp\/v2\/media\/3034"}],"wp:attachment":[{"href":"https:\/\/wecare4hair.com\/fr\/wp-json\/wp\/v2\/media?parent=3039"}],"wp:term":[{"taxonomy":"product_brand","embeddable":true,"href":"https:\/\/wecare4hair.com\/fr\/wp-json\/wp\/v2\/product_brand?post=3039"},{"taxonomy":"product_cat","embeddable":true,"href":"https:\/\/wecare4hair.com\/fr\/wp-json\/wp\/v2\/product_cat?post=3039"},{"taxonomy":"product_tag","embeddable":true,"href":"https:\/\/wecare4hair.com\/fr\/wp-json\/wp\/v2\/product_tag?post=3039"}],"curies":[{"name":"wp","href":"https:\/\/api.w.org\/{rel}","templated":true}]}}