{"id":1010,"date":"2022-09-27T10:12:19","date_gmt":"2022-09-27T08:12:19","guid":{"rendered":"https:\/\/wecare4hair.com\/producten\/waffle-white-essential-salon-towel\/"},"modified":"2026-05-12T10:42:00","modified_gmt":"2026-05-12T08:42:00","slug":"waffle-white-essential-salon-serviette","status":"publish","type":"product","link":"https:\/\/wecare4hair.com\/fr\/producten\/waffle-white-essential-salon-towel\/","title":{"rendered":"700 x Serviette de salon essentielle blanche gaufr\u00e9e"},"content":{"rendered":"<div><strong><u>Le blanc gaufr\u00e9 l\u00e9ger (plus fin),<\/u><\/strong><\/div>\n<div><\/div>\n<div>Toujours fabriqu\u00e9 avec notre texture gaufr\u00e9e de marque.<\/div>\n<div>Ultra-absorbant et luxueux, mais l\u00e9g\u00e8rement plus fin et avec un tissu plus l\u00e9ger<\/div>","protected":false},"excerpt":{"rendered":"<p>Le blanc gaufr\u00e9 l\u00e9ger (plus fin), toujours fabriqu\u00e9 avec notre texture gaufr\u00e9e de marque. Ultra-absorbant et luxueux, mais l\u00e9g\u00e8rement plus fin et avec un tissu plus l\u00e9ger<\/p>","protected":false},"featured_media":1011,"template":"","meta":{"_acf_changed":false},"product_brand":[],"product_cat":[43,26],"product_tag":[],"class_list":{"0":"post-1010","1":"product","2":"type-product","3":"status-publish","4":"has-post-thumbnail","6":"product_cat-scrummi-beauty","7":"product_cat-scrummi","8":"pa_maat-40-x-80","10":"first","11":"instock","12":"taxable","13":"shipping-taxable","14":"purchasable","15":"product-type-simple"},"acf":[],"yoast_head":"<!-- This site is optimized with the Yoast SEO plugin v27.6 - https:\/\/yoast.com\/product\/yoast-seo-wordpress\/ -->\n<title>700 x Waffle white essential salon towel - WeCare4Hair<\/title>\n<meta name=\"robots\" content=\"index, follow, max-snippet:-1, max-image-preview:large, max-video-preview:-1\" \/>\n<link rel=\"canonical\" href=\"https:\/\/wecare4hair.com\/fr\/des-produits\/waffle-white-essential-salon-serviette\/\" \/>\n<meta property=\"og:locale\" content=\"fr_FR\" \/>\n<meta property=\"og:type\" content=\"article\" \/>\n<meta property=\"og:title\" content=\"700 x Waffle white essential salon towel - WeCare4Hair\" \/>\n<meta property=\"og:description\" content=\"De witte gewafelde lichtgewicht (dunner), Nog steeds gemaakt met ons handelsmerk wafel textuur. Ultra-absorberend en luxe, maar iets slanker en met een lichtere stof\" \/>\n<meta property=\"og:url\" content=\"https:\/\/wecare4hair.com\/fr\/des-produits\/waffle-white-essential-salon-serviette\/\" \/>\n<meta property=\"og:site_name\" content=\"WeCare4Hair\" \/>\n<meta property=\"article:publisher\" content=\"https:\/\/www.facebook.com\/WeCare4Hair\" \/>\n<meta property=\"article:modified_time\" content=\"2026-05-12T08:42:00+00:00\" \/>\n<meta property=\"og:image\" content=\"https:\/\/wecare4hair.com\/wp-content\/uploads\/2022\/09\/Waffle-white-essential-salon-towel.jpg\" \/>\n\t<meta property=\"og:image:width\" content=\"1200\" \/>\n\t<meta property=\"og:image:height\" content=\"759\" \/>\n\t<meta property=\"og:image:type\" content=\"image\/jpeg\" \/>\n<meta name=\"twitter:card\" content=\"summary_large_image\" \/>\n<script type=\"application\/ld+json\" class=\"yoast-schema-graph\">{\"@context\":\"https:\\\/\\\/schema.org\",\"@graph\":[{\"@type\":\"WebPage\",\"@id\":\"https:\\\/\\\/wecare4hair.com\\\/producten\\\/waffle-white-essential-salon-towel\\\/\",\"url\":\"https:\\\/\\\/wecare4hair.com\\\/producten\\\/waffle-white-essential-salon-towel\\\/\",\"name\":\"700 x Waffle white essential salon towel - WeCare4Hair\",\"isPartOf\":{\"@id\":\"https:\\\/\\\/wecare4hair.com\\\/#website\"},\"primaryImageOfPage\":{\"@id\":\"https:\\\/\\\/wecare4hair.com\\\/producten\\\/waffle-white-essential-salon-towel\\\/#primaryimage\"},\"image\":{\"@id\":\"https:\\\/\\\/wecare4hair.com\\\/producten\\\/waffle-white-essential-salon-towel\\\/#primaryimage\"},\"thumbnailUrl\":\"https:\\\/\\\/wecare4hair.com\\\/wp-content\\\/uploads\\\/2022\\\/09\\\/Waffle-white-essential-salon-towel.jpg\",\"datePublished\":\"2022-09-27T08:12:19+00:00\",\"dateModified\":\"2026-05-12T08:42:00+00:00\",\"breadcrumb\":{\"@id\":\"https:\\\/\\\/wecare4hair.com\\\/producten\\\/waffle-white-essential-salon-towel\\\/#breadcrumb\"},\"inLanguage\":\"fr-FR\",\"potentialAction\":[{\"@type\":\"ReadAction\",\"target\":[\"https:\\\/\\\/wecare4hair.com\\\/producten\\\/waffle-white-essential-salon-towel\\\/\"]}]},{\"@type\":\"ImageObject\",\"inLanguage\":\"fr-FR\",\"@id\":\"https:\\\/\\\/wecare4hair.com\\\/producten\\\/waffle-white-essential-salon-towel\\\/#primaryimage\",\"url\":\"https:\\\/\\\/wecare4hair.com\\\/wp-content\\\/uploads\\\/2022\\\/09\\\/Waffle-white-essential-salon-towel.jpg\",\"contentUrl\":\"https:\\\/\\\/wecare4hair.com\\\/wp-content\\\/uploads\\\/2022\\\/09\\\/Waffle-white-essential-salon-towel.jpg\",\"width\":1200,\"height\":759},{\"@type\":\"BreadcrumbList\",\"@id\":\"https:\\\/\\\/wecare4hair.com\\\/producten\\\/waffle-white-essential-salon-towel\\\/#breadcrumb\",\"itemListElement\":[{\"@type\":\"ListItem\",\"position\":1,\"name\":\"Home\",\"item\":\"https:\\\/\\\/wecare4hair.com\\\/\"},{\"@type\":\"ListItem\",\"position\":2,\"name\":\"Producten\",\"item\":\"https:\\\/\\\/wecare4hair.com\\\/producten\\\/\"},{\"@type\":\"ListItem\",\"position\":3,\"name\":\"700 x Waffle white essential salon towel\"}]},{\"@type\":\"WebSite\",\"@id\":\"https:\\\/\\\/wecare4hair.com\\\/#website\",\"url\":\"https:\\\/\\\/wecare4hair.com\\\/\",\"name\":\"WeCare4Hair\",\"description\":\"Kwalitatief hoogwaardig kappersmateriaal\",\"publisher\":{\"@id\":\"https:\\\/\\\/wecare4hair.com\\\/#organization\"},\"potentialAction\":[{\"@type\":\"SearchAction\",\"target\":{\"@type\":\"EntryPoint\",\"urlTemplate\":\"https:\\\/\\\/wecare4hair.com\\\/?s={search_term_string}\"},\"query-input\":{\"@type\":\"PropertyValueSpecification\",\"valueRequired\":true,\"valueName\":\"search_term_string\"}}],\"inLanguage\":\"fr-FR\"},{\"@type\":\"Organization\",\"@id\":\"https:\\\/\\\/wecare4hair.com\\\/#organization\",\"name\":\"WeCare4Hair\",\"url\":\"https:\\\/\\\/wecare4hair.com\\\/\",\"logo\":{\"@type\":\"ImageObject\",\"inLanguage\":\"fr-FR\",\"@id\":\"https:\\\/\\\/wecare4hair.com\\\/#\\\/schema\\\/logo\\\/image\\\/\",\"url\":\"https:\\\/\\\/wecare4hair.com\\\/wp-content\\\/uploads\\\/2023\\\/03\\\/Wecareforhairlogo.png\",\"contentUrl\":\"https:\\\/\\\/wecare4hair.com\\\/wp-content\\\/uploads\\\/2023\\\/03\\\/Wecareforhairlogo.png\",\"width\":614,\"height\":124,\"caption\":\"WeCare4Hair\"},\"image\":{\"@id\":\"https:\\\/\\\/wecare4hair.com\\\/#\\\/schema\\\/logo\\\/image\\\/\"},\"sameAs\":[\"https:\\\/\\\/www.facebook.com\\\/WeCare4Hair\",\"https:\\\/\\\/www.instagram.com\\\/we_care_4_hair\\\/\"]}]}<\/script>\n<!-- \/ Yoast SEO plugin. -->","yoast_head_json":{"title":"700 x Serviette de salon essentielle Waffle blanc - WeCare4Hair","robots":{"index":"index","follow":"follow","max-snippet":"max-snippet:-1","max-image-preview":"max-image-preview:large","max-video-preview":"max-video-preview:-1"},"canonical":"https:\/\/wecare4hair.com\/fr\/des-produits\/waffle-white-essential-salon-serviette\/","og_locale":"fr_FR","og_type":"article","og_title":"700 x Waffle white essential salon towel - WeCare4Hair","og_description":"De witte gewafelde lichtgewicht (dunner), Nog steeds gemaakt met ons handelsmerk wafel textuur. Ultra-absorberend en luxe, maar iets slanker en met een lichtere stof","og_url":"https:\/\/wecare4hair.com\/fr\/des-produits\/waffle-white-essential-salon-serviette\/","og_site_name":"WeCare4Hair","article_publisher":"https:\/\/www.facebook.com\/WeCare4Hair","article_modified_time":"2026-05-12T08:42:00+00:00","og_image":[{"width":1200,"height":759,"url":"https:\/\/wecare4hair.com\/wp-content\/uploads\/2022\/09\/Waffle-white-essential-salon-towel.jpg","type":"image\/jpeg"}],"twitter_card":"summary_large_image","schema":{"@context":"https:\/\/schema.org","@graph":[{"@type":"WebPage","@id":"https:\/\/wecare4hair.com\/producten\/waffle-white-essential-salon-towel\/","url":"https:\/\/wecare4hair.com\/producten\/waffle-white-essential-salon-towel\/","name":"700 x Serviette de salon essentielle Waffle blanc - WeCare4Hair","isPartOf":{"@id":"https:\/\/wecare4hair.com\/#website"},"primaryImageOfPage":{"@id":"https:\/\/wecare4hair.com\/producten\/waffle-white-essential-salon-towel\/#primaryimage"},"image":{"@id":"https:\/\/wecare4hair.com\/producten\/waffle-white-essential-salon-towel\/#primaryimage"},"thumbnailUrl":"https:\/\/wecare4hair.com\/wp-content\/uploads\/2022\/09\/Waffle-white-essential-salon-towel.jpg","datePublished":"2022-09-27T08:12:19+00:00","dateModified":"2026-05-12T08:42:00+00:00","breadcrumb":{"@id":"https:\/\/wecare4hair.com\/producten\/waffle-white-essential-salon-towel\/#breadcrumb"},"inLanguage":"fr-FR","potentialAction":[{"@type":"ReadAction","target":["https:\/\/wecare4hair.com\/producten\/waffle-white-essential-salon-towel\/"]}]},{"@type":"ImageObject","inLanguage":"fr-FR","@id":"https:\/\/wecare4hair.com\/producten\/waffle-white-essential-salon-towel\/#primaryimage","url":"https:\/\/wecare4hair.com\/wp-content\/uploads\/2022\/09\/Waffle-white-essential-salon-towel.jpg","contentUrl":"https:\/\/wecare4hair.com\/wp-content\/uploads\/2022\/09\/Waffle-white-essential-salon-towel.jpg","width":1200,"height":759},{"@type":"BreadcrumbList","@id":"https:\/\/wecare4hair.com\/producten\/waffle-white-essential-salon-towel\/#breadcrumb","itemListElement":[{"@type":"ListItem","position":1,"name":"Home","item":"https:\/\/wecare4hair.com\/"},{"@type":"ListItem","position":2,"name":"Producten","item":"https:\/\/wecare4hair.com\/producten\/"},{"@type":"ListItem","position":3,"name":"700 x Waffle white essential salon towel"}]},{"@type":"WebSite","@id":"https:\/\/wecare4hair.com\/#website","url":"https:\/\/wecare4hair.com\/","name":"WeCare4Hair","description":"Mat\u00e9riel de coiffure de haute qualit\u00e9","publisher":{"@id":"https:\/\/wecare4hair.com\/#organization"},"potentialAction":[{"@type":"SearchAction","target":{"@type":"EntryPoint","urlTemplate":"https:\/\/wecare4hair.com\/?s={search_term_string}"},"query-input":{"@type":"PropertyValueSpecification","valueRequired":true,"valueName":"search_term_string"}}],"inLanguage":"fr-FR"},{"@type":"Organization","@id":"https:\/\/wecare4hair.com\/#organization","name":"WeCare4Hair","url":"https:\/\/wecare4hair.com\/","logo":{"@type":"ImageObject","inLanguage":"fr-FR","@id":"https:\/\/wecare4hair.com\/#\/schema\/logo\/image\/","url":"https:\/\/wecare4hair.com\/wp-content\/uploads\/2023\/03\/Wecareforhairlogo.png","contentUrl":"https:\/\/wecare4hair.com\/wp-content\/uploads\/2023\/03\/Wecareforhairlogo.png","width":614,"height":124,"caption":"WeCare4Hair"},"image":{"@id":"https:\/\/wecare4hair.com\/#\/schema\/logo\/image\/"},"sameAs":["https:\/\/www.facebook.com\/WeCare4Hair","https:\/\/www.instagram.com\/we_care_4_hair\/"]}]}},"_links":{"self":[{"href":"https:\/\/wecare4hair.com\/fr\/wp-json\/wp\/v2\/product\/1010","targetHints":{"allow":["GET"]}}],"collection":[{"href":"https:\/\/wecare4hair.com\/fr\/wp-json\/wp\/v2\/product"}],"about":[{"href":"https:\/\/wecare4hair.com\/fr\/wp-json\/wp\/v2\/types\/product"}],"wp:featuredmedia":[{"embeddable":true,"href":"https:\/\/wecare4hair.com\/fr\/wp-json\/wp\/v2\/media\/1011"}],"wp:attachment":[{"href":"https:\/\/wecare4hair.com\/fr\/wp-json\/wp\/v2\/media?parent=1010"}],"wp:term":[{"taxonomy":"product_brand","embeddable":true,"href":"https:\/\/wecare4hair.com\/fr\/wp-json\/wp\/v2\/product_brand?post=1010"},{"taxonomy":"product_cat","embeddable":true,"href":"https:\/\/wecare4hair.com\/fr\/wp-json\/wp\/v2\/product_cat?post=1010"},{"taxonomy":"product_tag","embeddable":true,"href":"https:\/\/wecare4hair.com\/fr\/wp-json\/wp\/v2\/product_tag?post=1010"}],"curies":[{"name":"wp","href":"https:\/\/api.w.org\/{rel}","templated":true}]}}