{"id":1006,"date":"2022-09-27T10:12:17","date_gmt":"2022-09-27T08:12:17","guid":{"rendered":"https:\/\/wecare4hair.com\/producten\/x-pack\/"},"modified":"2026-01-27T02:38:31","modified_gmt":"2026-01-27T01:38:31","slug":"x-pack","status":"publish","type":"product","link":"https:\/\/wecare4hair.com\/fr\/producten\/x-pack\/","title":{"rendered":"Pack X"},"content":{"rendered":"<p><u><strong>Pack Ping X<\/strong><\/u><\/p>\n<p>De nos jours, il s&#039;agit de personnaliser vos propres formules, mais tout le monde n&#039;a pas le luxe d&#039;avoir un assistant pour nettoyer les pots et les pinceaux entre les m\u00e9langes.<br \/>\nLe X-Pack vous donne la possibilit\u00e9 de cr\u00e9er votre chef-d&#039;\u0153uvre sans vous arr\u00eater<\/p>\n<p><u>Le Pack Ping X comprend :<\/u><br \/>\n4 bols \u00e0 m\u00e9langer<br \/>\n2 pinceaux \u00e0 teinter<br \/>\n1 spatule de m\u00e9lange magn\u00e9tique<\/p>","protected":false},"excerpt":{"rendered":"<p>Ping X-Pack Tegenwoordig draait het allemaal om het aanpassen van je eigen formules, maar niet iedereen heeft de luxe van een assistent om potjes en borstels tussen het mengen schoon te maken. De X-Pack geeft je de mogelijkheid om je meesterwerk te cre&euml;ren zonder te pauzeren De Ping X-Pack omvat: 4 Mengkommen 2 Tintborstels 1 [&hellip;]<\/p>\n","protected":false},"featured_media":1007,"template":"","meta":{"_acf_changed":false},"product_brand":[],"product_cat":[31],"product_tag":[],"class_list":{"0":"post-1006","1":"product","2":"type-product","3":"status-publish","4":"has-post-thumbnail","6":"product_cat-ecoheads","8":"first","9":"onbackorder","10":"taxable","11":"shipping-taxable","12":"purchasable","13":"product-type-simple"},"acf":[],"yoast_head":"<!-- This site is optimized with the Yoast SEO plugin v27.5 - https:\/\/yoast.com\/product\/yoast-seo-wordpress\/ -->\n<title>X-Pack - WeCare4Hair<\/title>\n<meta name=\"robots\" content=\"index, follow, max-snippet:-1, max-image-preview:large, max-video-preview:-1\" \/>\n<link rel=\"canonical\" href=\"https:\/\/wecare4hair.com\/fr\/des-produits\/x-pack\/\" \/>\n<meta property=\"og:locale\" content=\"fr_FR\" \/>\n<meta property=\"og:type\" content=\"article\" \/>\n<meta property=\"og:title\" content=\"X-Pack - WeCare4Hair\" \/>\n<meta property=\"og:description\" content=\"Ping X-Pack Tegenwoordig draait het allemaal om het aanpassen van je eigen formules, maar niet iedereen heeft de luxe van een assistent om potjes en borstels tussen het mengen schoon te maken. De X-Pack geeft je de mogelijkheid om je meesterwerk te cre&euml;ren zonder te pauzeren De Ping X-Pack omvat: 4 Mengkommen 2 Tintborstels 1 [&hellip;]\" \/>\n<meta property=\"og:url\" content=\"https:\/\/wecare4hair.com\/fr\/des-produits\/x-pack\/\" \/>\n<meta property=\"og:site_name\" content=\"WeCare4Hair\" \/>\n<meta property=\"article:publisher\" content=\"https:\/\/www.facebook.com\/WeCare4Hair\" \/>\n<meta property=\"article:modified_time\" content=\"2026-01-27T01:38:31+00:00\" \/>\n<meta property=\"og:image\" content=\"https:\/\/wecare4hair.com\/wp-content\/uploads\/2022\/09\/X-Pack.jpg\" \/>\n\t<meta property=\"og:image:width\" content=\"750\" \/>\n\t<meta property=\"og:image:height\" content=\"464\" \/>\n\t<meta property=\"og:image:type\" content=\"image\/jpeg\" \/>\n<meta name=\"twitter:card\" content=\"summary_large_image\" \/>\n<script type=\"application\/ld+json\" class=\"yoast-schema-graph\">{\"@context\":\"https:\\\/\\\/schema.org\",\"@graph\":[{\"@type\":\"WebPage\",\"@id\":\"https:\\\/\\\/wecare4hair.com\\\/producten\\\/x-pack\\\/\",\"url\":\"https:\\\/\\\/wecare4hair.com\\\/producten\\\/x-pack\\\/\",\"name\":\"X-Pack - WeCare4Hair\",\"isPartOf\":{\"@id\":\"https:\\\/\\\/wecare4hair.com\\\/#website\"},\"primaryImageOfPage\":{\"@id\":\"https:\\\/\\\/wecare4hair.com\\\/producten\\\/x-pack\\\/#primaryimage\"},\"image\":{\"@id\":\"https:\\\/\\\/wecare4hair.com\\\/producten\\\/x-pack\\\/#primaryimage\"},\"thumbnailUrl\":\"https:\\\/\\\/wecare4hair.com\\\/wp-content\\\/uploads\\\/2022\\\/09\\\/X-Pack.jpg\",\"datePublished\":\"2022-09-27T08:12:17+00:00\",\"dateModified\":\"2026-01-27T01:38:31+00:00\",\"breadcrumb\":{\"@id\":\"https:\\\/\\\/wecare4hair.com\\\/producten\\\/x-pack\\\/#breadcrumb\"},\"inLanguage\":\"fr-FR\",\"potentialAction\":[{\"@type\":\"ReadAction\",\"target\":[\"https:\\\/\\\/wecare4hair.com\\\/producten\\\/x-pack\\\/\"]}]},{\"@type\":\"ImageObject\",\"inLanguage\":\"fr-FR\",\"@id\":\"https:\\\/\\\/wecare4hair.com\\\/producten\\\/x-pack\\\/#primaryimage\",\"url\":\"https:\\\/\\\/wecare4hair.com\\\/wp-content\\\/uploads\\\/2022\\\/09\\\/X-Pack.jpg\",\"contentUrl\":\"https:\\\/\\\/wecare4hair.com\\\/wp-content\\\/uploads\\\/2022\\\/09\\\/X-Pack.jpg\",\"width\":750,\"height\":464},{\"@type\":\"BreadcrumbList\",\"@id\":\"https:\\\/\\\/wecare4hair.com\\\/producten\\\/x-pack\\\/#breadcrumb\",\"itemListElement\":[{\"@type\":\"ListItem\",\"position\":1,\"name\":\"Home\",\"item\":\"https:\\\/\\\/wecare4hair.com\\\/\"},{\"@type\":\"ListItem\",\"position\":2,\"name\":\"Producten\",\"item\":\"https:\\\/\\\/wecare4hair.com\\\/producten\\\/\"},{\"@type\":\"ListItem\",\"position\":3,\"name\":\"X-Pack\"}]},{\"@type\":\"WebSite\",\"@id\":\"https:\\\/\\\/wecare4hair.com\\\/#website\",\"url\":\"https:\\\/\\\/wecare4hair.com\\\/\",\"name\":\"WeCare4Hair\",\"description\":\"Kwalitatief hoogwaardig kappersmateriaal\",\"publisher\":{\"@id\":\"https:\\\/\\\/wecare4hair.com\\\/#organization\"},\"potentialAction\":[{\"@type\":\"SearchAction\",\"target\":{\"@type\":\"EntryPoint\",\"urlTemplate\":\"https:\\\/\\\/wecare4hair.com\\\/?s={search_term_string}\"},\"query-input\":{\"@type\":\"PropertyValueSpecification\",\"valueRequired\":true,\"valueName\":\"search_term_string\"}}],\"inLanguage\":\"fr-FR\"},{\"@type\":\"Organization\",\"@id\":\"https:\\\/\\\/wecare4hair.com\\\/#organization\",\"name\":\"WeCare4Hair\",\"url\":\"https:\\\/\\\/wecare4hair.com\\\/\",\"logo\":{\"@type\":\"ImageObject\",\"inLanguage\":\"fr-FR\",\"@id\":\"https:\\\/\\\/wecare4hair.com\\\/#\\\/schema\\\/logo\\\/image\\\/\",\"url\":\"https:\\\/\\\/wecare4hair.com\\\/wp-content\\\/uploads\\\/2023\\\/03\\\/Wecareforhairlogo.png\",\"contentUrl\":\"https:\\\/\\\/wecare4hair.com\\\/wp-content\\\/uploads\\\/2023\\\/03\\\/Wecareforhairlogo.png\",\"width\":614,\"height\":124,\"caption\":\"WeCare4Hair\"},\"image\":{\"@id\":\"https:\\\/\\\/wecare4hair.com\\\/#\\\/schema\\\/logo\\\/image\\\/\"},\"sameAs\":[\"https:\\\/\\\/www.facebook.com\\\/WeCare4Hair\",\"https:\\\/\\\/www.instagram.com\\\/we_care_4_hair\\\/\"]}]}<\/script>\n<!-- \/ Yoast SEO plugin. -->","yoast_head_json":{"title":"Pack X - WeCare4Hair","robots":{"index":"index","follow":"follow","max-snippet":"max-snippet:-1","max-image-preview":"max-image-preview:large","max-video-preview":"max-video-preview:-1"},"canonical":"https:\/\/wecare4hair.com\/fr\/des-produits\/x-pack\/","og_locale":"fr_FR","og_type":"article","og_title":"X-Pack - WeCare4Hair","og_description":"Ping X-Pack Tegenwoordig draait het allemaal om het aanpassen van je eigen formules, maar niet iedereen heeft de luxe van een assistent om potjes en borstels tussen het mengen schoon te maken. De X-Pack geeft je de mogelijkheid om je meesterwerk te cre&euml;ren zonder te pauzeren De Ping X-Pack omvat: 4 Mengkommen 2 Tintborstels 1 [&hellip;]","og_url":"https:\/\/wecare4hair.com\/fr\/des-produits\/x-pack\/","og_site_name":"WeCare4Hair","article_publisher":"https:\/\/www.facebook.com\/WeCare4Hair","article_modified_time":"2026-01-27T01:38:31+00:00","og_image":[{"width":750,"height":464,"url":"https:\/\/wecare4hair.com\/wp-content\/uploads\/2022\/09\/X-Pack.jpg","type":"image\/jpeg"}],"twitter_card":"summary_large_image","schema":{"@context":"https:\/\/schema.org","@graph":[{"@type":"WebPage","@id":"https:\/\/wecare4hair.com\/producten\/x-pack\/","url":"https:\/\/wecare4hair.com\/producten\/x-pack\/","name":"Pack X - WeCare4Hair","isPartOf":{"@id":"https:\/\/wecare4hair.com\/#website"},"primaryImageOfPage":{"@id":"https:\/\/wecare4hair.com\/producten\/x-pack\/#primaryimage"},"image":{"@id":"https:\/\/wecare4hair.com\/producten\/x-pack\/#primaryimage"},"thumbnailUrl":"https:\/\/wecare4hair.com\/wp-content\/uploads\/2022\/09\/X-Pack.jpg","datePublished":"2022-09-27T08:12:17+00:00","dateModified":"2026-01-27T01:38:31+00:00","breadcrumb":{"@id":"https:\/\/wecare4hair.com\/producten\/x-pack\/#breadcrumb"},"inLanguage":"fr-FR","potentialAction":[{"@type":"ReadAction","target":["https:\/\/wecare4hair.com\/producten\/x-pack\/"]}]},{"@type":"ImageObject","inLanguage":"fr-FR","@id":"https:\/\/wecare4hair.com\/producten\/x-pack\/#primaryimage","url":"https:\/\/wecare4hair.com\/wp-content\/uploads\/2022\/09\/X-Pack.jpg","contentUrl":"https:\/\/wecare4hair.com\/wp-content\/uploads\/2022\/09\/X-Pack.jpg","width":750,"height":464},{"@type":"BreadcrumbList","@id":"https:\/\/wecare4hair.com\/producten\/x-pack\/#breadcrumb","itemListElement":[{"@type":"ListItem","position":1,"name":"Home","item":"https:\/\/wecare4hair.com\/"},{"@type":"ListItem","position":2,"name":"Producten","item":"https:\/\/wecare4hair.com\/producten\/"},{"@type":"ListItem","position":3,"name":"X-Pack"}]},{"@type":"WebSite","@id":"https:\/\/wecare4hair.com\/#website","url":"https:\/\/wecare4hair.com\/","name":"WeCare4Hair","description":"Mat\u00e9riel de coiffure de haute qualit\u00e9","publisher":{"@id":"https:\/\/wecare4hair.com\/#organization"},"potentialAction":[{"@type":"SearchAction","target":{"@type":"EntryPoint","urlTemplate":"https:\/\/wecare4hair.com\/?s={search_term_string}"},"query-input":{"@type":"PropertyValueSpecification","valueRequired":true,"valueName":"search_term_string"}}],"inLanguage":"fr-FR"},{"@type":"Organization","@id":"https:\/\/wecare4hair.com\/#organization","name":"WeCare4Hair","url":"https:\/\/wecare4hair.com\/","logo":{"@type":"ImageObject","inLanguage":"fr-FR","@id":"https:\/\/wecare4hair.com\/#\/schema\/logo\/image\/","url":"https:\/\/wecare4hair.com\/wp-content\/uploads\/2023\/03\/Wecareforhairlogo.png","contentUrl":"https:\/\/wecare4hair.com\/wp-content\/uploads\/2023\/03\/Wecareforhairlogo.png","width":614,"height":124,"caption":"WeCare4Hair"},"image":{"@id":"https:\/\/wecare4hair.com\/#\/schema\/logo\/image\/"},"sameAs":["https:\/\/www.facebook.com\/WeCare4Hair","https:\/\/www.instagram.com\/we_care_4_hair\/"]}]}},"_links":{"self":[{"href":"https:\/\/wecare4hair.com\/fr\/wp-json\/wp\/v2\/product\/1006","targetHints":{"allow":["GET"]}}],"collection":[{"href":"https:\/\/wecare4hair.com\/fr\/wp-json\/wp\/v2\/product"}],"about":[{"href":"https:\/\/wecare4hair.com\/fr\/wp-json\/wp\/v2\/types\/product"}],"wp:featuredmedia":[{"embeddable":true,"href":"https:\/\/wecare4hair.com\/fr\/wp-json\/wp\/v2\/media\/1007"}],"wp:attachment":[{"href":"https:\/\/wecare4hair.com\/fr\/wp-json\/wp\/v2\/media?parent=1006"}],"wp:term":[{"taxonomy":"product_brand","embeddable":true,"href":"https:\/\/wecare4hair.com\/fr\/wp-json\/wp\/v2\/product_brand?post=1006"},{"taxonomy":"product_cat","embeddable":true,"href":"https:\/\/wecare4hair.com\/fr\/wp-json\/wp\/v2\/product_cat?post=1006"},{"taxonomy":"product_tag","embeddable":true,"href":"https:\/\/wecare4hair.com\/fr\/wp-json\/wp\/v2\/product_tag?post=1006"}],"curies":[{"name":"wp","href":"https:\/\/api.w.org\/{rel}","templated":true}]}}