{"id":618,"date":"2022-08-15T18:12:37","date_gmt":"2022-08-15T16:12:37","guid":{"rendered":"https:\/\/wecare4hair.com\/?page_id=618"},"modified":"2022-09-27T15:18:03","modified_gmt":"2022-09-27T13:18:03","slug":"envoi-retour","status":"publish","type":"page","link":"https:\/\/wecare4hair.com\/fr\/verzenden-retour\/","title":{"rendered":"Exp\u00e9dition &amp; retours"},"content":{"rendered":"<div data-elementor-type=\"wp-page\" data-elementor-id=\"618\" class=\"elementor elementor-618\" data-elementor-post-type=\"page\">\n\t\t\t\t\t\t<section class=\"elementor-section elementor-top-section elementor-element elementor-element-109ce45 elementor-section-boxed elementor-section-height-default elementor-section-height-default\" data-id=\"109ce45\" data-element_type=\"section\" data-e-type=\"section\">\n\t\t\t\t\t\t<div class=\"elementor-container elementor-column-gap-default\">\n\t\t\t\t\t<div class=\"elementor-column elementor-col-100 elementor-top-column elementor-element elementor-element-cd9746d\" data-id=\"cd9746d\" data-element_type=\"column\" data-e-type=\"column\">\n\t\t\t<div class=\"elementor-widget-wrap elementor-element-populated\">\n\t\t\t\t\t\t<div class=\"elementor-element elementor-element-087b353 elementor-icon-list--layout-traditional elementor-list-item-link-full_width elementor-widget elementor-widget-icon-list\" data-id=\"087b353\" data-element_type=\"widget\" data-e-type=\"widget\" data-widget_type=\"icon-list.default\">\n\t\t\t\t\t\t\t<ul class=\"elementor-icon-list-items\">\n\t\t\t\t\t\t\t<li class=\"elementor-icon-list-item\">\n\t\t\t\t\t\t\t\t\t\t\t<a href=\"https:\/\/wecare4hair.com\/fr\">\n\n\t\t\t\t\t\t\t\t\t\t\t\t<span class=\"elementor-icon-list-icon\">\n\t\t\t\t\t\t\t<i aria-hidden=\"true\" class=\"fas fa-long-arrow-alt-left\"><\/i>\t\t\t\t\t\t<\/span>\n\t\t\t\t\t\t\t\t\t\t<span class=\"elementor-icon-list-text\">RETOUR \u00c0 L'ACCUEIL<\/span>\n\t\t\t\t\t\t\t\t\t\t\t<\/a>\n\t\t\t\t\t\t\t\t\t<\/li>\n\t\t\t\t\t\t<\/ul>\n\t\t\t\t\t\t<\/div>\n\t\t\t\t<div data-dce-title-color=\"#000000\" class=\"elementor-element elementor-element-2d09ad4 elementor-widget elementor-widget-heading\" data-id=\"2d09ad4\" data-element_type=\"widget\" data-e-type=\"widget\" data-widget_type=\"heading.default\">\n\t\t\t\t\t<h1 class=\"elementor-heading-title elementor-size-default\">Exp\u00e9dition &amp; retours<\/h1>\t\t\t\t<\/div>\n\t\t\t\t<div class=\"elementor-element elementor-element-53c6167 elementor-widget elementor-widget-text-editor\" data-id=\"53c6167\" data-element_type=\"widget\" data-e-type=\"widget\" data-widget_type=\"text-editor.default\">\n\t\t\t\t\t\t\t\t\t<p class=\"\"><b class=\"\">Exp\u00e9dition de votre colis<\/b><\/p><div class=\"\">Les colis sont g\u00e9n\u00e9ralement exp\u00e9di\u00e9s sous 2 jours apr\u00e8s r\u00e9ception de votre paiement via GLS avec suivi et remise sans signature.<\/div><div class=\"\">Vous recevrez un num\u00e9ro de suivi avec lequel vous pourrez suivre votre colis en ligne.<\/div><div class=\"\">Les frais d&#039;exp\u00e9dition comprennent la manutention, l&#039;emballage et les frais postaux.\u00a0<\/div><div class=\"\">\u00a0<\/div><p class=\"\"><b class=\"\">Livraison<\/b><\/p><div class=\"\">Les produits command\u00e9s sont livr\u00e9s dans les meilleurs d\u00e9lais.<\/div><div class=\"\">Tous les frais de livraison sont sujets \u00e0 changement sans pr\u00e9avis. Nous mettons tout en \u0153uvre pour que vous receviez votre commande dans le d\u00e9lai de livraison estim\u00e9. Le d\u00e9lai maximum de livraison est de 5 jours \u00e0 compter du lendemain de votre commande. Toutes les marchandises sont livr\u00e9es sous r\u00e9serve de leur disponibilit\u00e9. Les promotions se d\u00e9roulent toujours pendant la p\u00e9riode sp\u00e9cifi\u00e9e ou jusqu&#039;\u00e0 \u00e9puisement des stocks. Si nous ne sommes pas en mesure de livrer vos marchandises dans les 5 jours, nous vous en informerons imm\u00e9diatement et vous informerons de la date de livraison pr\u00e9vue. Si nous ne sommes pas en mesure de livrer les marchandises dans les 30 jours, vous pouvez annuler les commandes\/produits non livr\u00e9s \u00e0 tout moment apr\u00e8s avoir \u00e9t\u00e9 inform\u00e9 du retard de livraison. Si le paiement a d\u00e9j\u00e0 \u00e9t\u00e9 effectu\u00e9, vous recevrez un remboursement complet de l&#039;article ou des articles concern\u00e9s. Si les marchandises que nous avons livr\u00e9es ont \u00e9t\u00e9 endommag\u00e9es pendant le transport, ne correspondent pas aux articles indiqu\u00e9s sur le bon de livraison ou ne correspondent pas aux articles que vous avez command\u00e9s, vous devez le signaler et nous retourner les articles dans les 14 jours calendaires apr\u00e8s leur re\u00e7u. Si nous ne recevons pas cet avis, le client sera r\u00e9put\u00e9 avoir accept\u00e9 les articles comme satisfaisants. Nous ne pouvons \u00eatre tenus responsables des dommages indirects dus \u00e0 un retard de livraison ou \u00e0 la non-livraison par le transporteur d\u00e9sign\u00e9 par la soci\u00e9t\u00e9. Notre responsabilit\u00e9 dans de tels cas est limit\u00e9e \u00e0 la valeur des articles dont il est prouv\u00e9 qu&#039;ils n&#039;ont pas \u00e9t\u00e9 re\u00e7us par le client.<\/div><p class=\"\"><b class=\"\">Retour et \u00e9change d&#039;articles<\/b><\/p><div class=\"\">Nous voulons que vous soyez enti\u00e8rement satisfait de chaque achat chez WeCare4Hair et nous nous effor\u00e7ons de vous offrir une excellente qualit\u00e9, un bon rapport qualit\u00e9-prix et un service \u00e0 tout moment. Si vous souhaitez retourner un article pour \u00e9change, ou si vous avez d\u00e9cid\u00e9 de ne pas le garder, merci de demander le bon de retour \u00e0 <a class=\"\" href=\"mailto:info@wecare4Hair.com\">info@wecare4Hair.com<\/a> et nous le retourner dans les 14 jours calendaires, accompagn\u00e9 des produits dans leur emballage d&#039;origine et avec l&#039;\u00e9tiquette. Le cas \u00e9ch\u00e9ant, nous \u00e9changerons le ou les articles ou rembourserons le co\u00fbt. Toutes les marchandises doivent \u00eatre retourn\u00e9es dans un \u00e9tat neuf et inutilis\u00e9, accompagn\u00e9es d&#039;une copie de votre bon de livraison original.<\/div><div class=\"\">Si vous souhaitez retourner un article parce qu&#039;il est endommag\u00e9, veuillez remplir les d\u00e9tails sur le bon de retour avec une description des dommages et nous le retourner avec l&#039;article dans son emballage d&#039;origine dans les 14 jours calendaires. Le cas \u00e9ch\u00e9ant, nous \u00e9changerons l&#039;article ou rembourserons le co\u00fbt total, y compris tous les frais de livraison encourus. Le client est responsable de l&#039;exp\u00e9dition des marchandises.<\/div>\t\t\t\t\t\t\t\t<\/div>\n\t\t\t\t\t<\/div>\n\t\t<\/div>\n\t\t\t\t\t<\/div>\n\t\t<\/section>\n\t\t\t\t<\/div>","protected":false},"excerpt":{"rendered":"<p>TERUG NAAR HOME Verzending van uw pakket Pakketten worden over het algemeen binnen 2 dagen na ontvangst van uw betaling verzonden via GLS met tracking en aflevering zonder handtekening.U krijgt een trackingnummer waarmee u uw pakket online kan volgen.Verzendkosten zijn inclusief behandeling, verpakking en frankering.\u00a0\u00a0 Levering Bestelde producten worden zo snel mogelijk geleverd.Alle leveringskosten kunnen [&hellip;]<\/p>\n","protected":false},"author":1,"featured_media":0,"parent":0,"menu_order":0,"comment_status":"closed","ping_status":"closed","template":"elementor_header_footer","meta":{"_acf_changed":false,"footnotes":""},"class_list":["post-618","page","type-page","status-publish","hentry"],"acf":[],"yoast_head":"<!-- This site is optimized with the Yoast SEO plugin v27.4 - https:\/\/yoast.com\/product\/yoast-seo-wordpress\/ -->\n<title>Verzenden &amp; Retour - WeCare4Hair<\/title>\n<meta name=\"robots\" content=\"index, follow, max-snippet:-1, max-image-preview:large, max-video-preview:-1\" \/>\n<link rel=\"canonical\" href=\"https:\/\/wecare4hair.com\/fr\/envoi-retour\/\" \/>\n<meta property=\"og:locale\" content=\"fr_FR\" \/>\n<meta property=\"og:type\" content=\"article\" \/>\n<meta property=\"og:title\" content=\"Verzenden &amp; Retour - WeCare4Hair\" \/>\n<meta property=\"og:description\" content=\"TERUG NAAR HOME Verzending van uw pakket Pakketten worden over het algemeen binnen 2 dagen na ontvangst van uw betaling verzonden via GLS met tracking en aflevering zonder handtekening.U krijgt een trackingnummer waarmee u uw pakket online kan volgen.Verzendkosten zijn inclusief behandeling, verpakking en frankering.\u00a0\u00a0 Levering Bestelde producten worden zo snel mogelijk geleverd.Alle leveringskosten kunnen [&hellip;]\" \/>\n<meta property=\"og:url\" content=\"https:\/\/wecare4hair.com\/fr\/envoi-retour\/\" \/>\n<meta property=\"og:site_name\" content=\"WeCare4Hair\" \/>\n<meta property=\"article:publisher\" content=\"https:\/\/www.facebook.com\/WeCare4Hair\" \/>\n<meta property=\"article:modified_time\" content=\"2022-09-27T13:18:03+00:00\" \/>\n<meta property=\"og:image\" content=\"https:\/\/wecare4hair.com\/wp-content\/uploads\/2023\/03\/Wecareforhairlogo.png\" \/>\n\t<meta property=\"og:image:width\" content=\"614\" \/>\n\t<meta property=\"og:image:height\" content=\"124\" \/>\n\t<meta property=\"og:image:type\" content=\"image\/png\" \/>\n<meta name=\"twitter:card\" content=\"summary_large_image\" \/>\n<meta name=\"twitter:label1\" content=\"Dur\u00e9e de lecture estim\u00e9e\" \/>\n\t<meta name=\"twitter:data1\" content=\"3 minutes\" \/>\n<script type=\"application\/ld+json\" class=\"yoast-schema-graph\">{\"@context\":\"https:\\\/\\\/schema.org\",\"@graph\":[{\"@type\":\"WebPage\",\"@id\":\"https:\\\/\\\/wecare4hair.com\\\/verzenden-retour\\\/\",\"url\":\"https:\\\/\\\/wecare4hair.com\\\/verzenden-retour\\\/\",\"name\":\"Verzenden & Retour - WeCare4Hair\",\"isPartOf\":{\"@id\":\"https:\\\/\\\/wecare4hair.com\\\/#website\"},\"datePublished\":\"2022-08-15T16:12:37+00:00\",\"dateModified\":\"2022-09-27T13:18:03+00:00\",\"breadcrumb\":{\"@id\":\"https:\\\/\\\/wecare4hair.com\\\/verzenden-retour\\\/#breadcrumb\"},\"inLanguage\":\"fr-FR\",\"potentialAction\":[{\"@type\":\"ReadAction\",\"target\":[\"https:\\\/\\\/wecare4hair.com\\\/verzenden-retour\\\/\"]}]},{\"@type\":\"BreadcrumbList\",\"@id\":\"https:\\\/\\\/wecare4hair.com\\\/verzenden-retour\\\/#breadcrumb\",\"itemListElement\":[{\"@type\":\"ListItem\",\"position\":1,\"name\":\"Home\",\"item\":\"https:\\\/\\\/wecare4hair.com\\\/\"},{\"@type\":\"ListItem\",\"position\":2,\"name\":\"Verzenden &#038; Retour\"}]},{\"@type\":\"WebSite\",\"@id\":\"https:\\\/\\\/wecare4hair.com\\\/#website\",\"url\":\"https:\\\/\\\/wecare4hair.com\\\/\",\"name\":\"WeCare4Hair\",\"description\":\"Kwalitatief hoogwaardig kappersmateriaal\",\"publisher\":{\"@id\":\"https:\\\/\\\/wecare4hair.com\\\/#organization\"},\"potentialAction\":[{\"@type\":\"SearchAction\",\"target\":{\"@type\":\"EntryPoint\",\"urlTemplate\":\"https:\\\/\\\/wecare4hair.com\\\/?s={search_term_string}\"},\"query-input\":{\"@type\":\"PropertyValueSpecification\",\"valueRequired\":true,\"valueName\":\"search_term_string\"}}],\"inLanguage\":\"fr-FR\"},{\"@type\":\"Organization\",\"@id\":\"https:\\\/\\\/wecare4hair.com\\\/#organization\",\"name\":\"WeCare4Hair\",\"url\":\"https:\\\/\\\/wecare4hair.com\\\/\",\"logo\":{\"@type\":\"ImageObject\",\"inLanguage\":\"fr-FR\",\"@id\":\"https:\\\/\\\/wecare4hair.com\\\/#\\\/schema\\\/logo\\\/image\\\/\",\"url\":\"https:\\\/\\\/wecare4hair.com\\\/wp-content\\\/uploads\\\/2023\\\/03\\\/Wecareforhairlogo.png\",\"contentUrl\":\"https:\\\/\\\/wecare4hair.com\\\/wp-content\\\/uploads\\\/2023\\\/03\\\/Wecareforhairlogo.png\",\"width\":614,\"height\":124,\"caption\":\"WeCare4Hair\"},\"image\":{\"@id\":\"https:\\\/\\\/wecare4hair.com\\\/#\\\/schema\\\/logo\\\/image\\\/\"},\"sameAs\":[\"https:\\\/\\\/www.facebook.com\\\/WeCare4Hair\",\"https:\\\/\\\/www.instagram.com\\\/we_care_4_hair\\\/\"]}]}<\/script>\n<!-- \/ Yoast SEO plugin. -->","yoast_head_json":{"title":"Exp\u00e9dition et retour - WeCare4Hair","robots":{"index":"index","follow":"follow","max-snippet":"max-snippet:-1","max-image-preview":"max-image-preview:large","max-video-preview":"max-video-preview:-1"},"canonical":"https:\/\/wecare4hair.com\/fr\/envoi-retour\/","og_locale":"fr_FR","og_type":"article","og_title":"Verzenden & Retour - WeCare4Hair","og_description":"TERUG NAAR HOME Verzending van uw pakket Pakketten worden over het algemeen binnen 2 dagen na ontvangst van uw betaling verzonden via GLS met tracking en aflevering zonder handtekening.U krijgt een trackingnummer waarmee u uw pakket online kan volgen.Verzendkosten zijn inclusief behandeling, verpakking en frankering.\u00a0\u00a0 Levering Bestelde producten worden zo snel mogelijk geleverd.Alle leveringskosten kunnen [&hellip;]","og_url":"https:\/\/wecare4hair.com\/fr\/envoi-retour\/","og_site_name":"WeCare4Hair","article_publisher":"https:\/\/www.facebook.com\/WeCare4Hair","article_modified_time":"2022-09-27T13:18:03+00:00","og_image":[{"width":614,"height":124,"url":"https:\/\/wecare4hair.com\/wp-content\/uploads\/2023\/03\/Wecareforhairlogo.png","type":"image\/png"}],"twitter_card":"summary_large_image","twitter_misc":{"Dur\u00e9e de lecture estim\u00e9e":"3 minutes"},"schema":{"@context":"https:\/\/schema.org","@graph":[{"@type":"WebPage","@id":"https:\/\/wecare4hair.com\/verzenden-retour\/","url":"https:\/\/wecare4hair.com\/verzenden-retour\/","name":"Exp\u00e9dition et retour - WeCare4Hair","isPartOf":{"@id":"https:\/\/wecare4hair.com\/#website"},"datePublished":"2022-08-15T16:12:37+00:00","dateModified":"2022-09-27T13:18:03+00:00","breadcrumb":{"@id":"https:\/\/wecare4hair.com\/verzenden-retour\/#breadcrumb"},"inLanguage":"fr-FR","potentialAction":[{"@type":"ReadAction","target":["https:\/\/wecare4hair.com\/verzenden-retour\/"]}]},{"@type":"BreadcrumbList","@id":"https:\/\/wecare4hair.com\/verzenden-retour\/#breadcrumb","itemListElement":[{"@type":"ListItem","position":1,"name":"Home","item":"https:\/\/wecare4hair.com\/"},{"@type":"ListItem","position":2,"name":"Verzenden &#038; Retour"}]},{"@type":"WebSite","@id":"https:\/\/wecare4hair.com\/#website","url":"https:\/\/wecare4hair.com\/","name":"WeCare4Hair","description":"Mat\u00e9riel de coiffure de haute qualit\u00e9","publisher":{"@id":"https:\/\/wecare4hair.com\/#organization"},"potentialAction":[{"@type":"SearchAction","target":{"@type":"EntryPoint","urlTemplate":"https:\/\/wecare4hair.com\/?s={search_term_string}"},"query-input":{"@type":"PropertyValueSpecification","valueRequired":true,"valueName":"search_term_string"}}],"inLanguage":"fr-FR"},{"@type":"Organization","@id":"https:\/\/wecare4hair.com\/#organization","name":"WeCare4Hair","url":"https:\/\/wecare4hair.com\/","logo":{"@type":"ImageObject","inLanguage":"fr-FR","@id":"https:\/\/wecare4hair.com\/#\/schema\/logo\/image\/","url":"https:\/\/wecare4hair.com\/wp-content\/uploads\/2023\/03\/Wecareforhairlogo.png","contentUrl":"https:\/\/wecare4hair.com\/wp-content\/uploads\/2023\/03\/Wecareforhairlogo.png","width":614,"height":124,"caption":"WeCare4Hair"},"image":{"@id":"https:\/\/wecare4hair.com\/#\/schema\/logo\/image\/"},"sameAs":["https:\/\/www.facebook.com\/WeCare4Hair","https:\/\/www.instagram.com\/we_care_4_hair\/"]}]}},"_links":{"self":[{"href":"https:\/\/wecare4hair.com\/fr\/wp-json\/wp\/v2\/pages\/618","targetHints":{"allow":["GET"]}}],"collection":[{"href":"https:\/\/wecare4hair.com\/fr\/wp-json\/wp\/v2\/pages"}],"about":[{"href":"https:\/\/wecare4hair.com\/fr\/wp-json\/wp\/v2\/types\/page"}],"author":[{"embeddable":true,"href":"https:\/\/wecare4hair.com\/fr\/wp-json\/wp\/v2\/users\/1"}],"replies":[{"embeddable":true,"href":"https:\/\/wecare4hair.com\/fr\/wp-json\/wp\/v2\/comments?post=618"}],"version-history":[{"count":0,"href":"https:\/\/wecare4hair.com\/fr\/wp-json\/wp\/v2\/pages\/618\/revisions"}],"wp:attachment":[{"href":"https:\/\/wecare4hair.com\/fr\/wp-json\/wp\/v2\/media?parent=618"}],"curies":[{"name":"wp","href":"https:\/\/api.w.org\/{rel}","templated":true}]}}