{"id":2044,"date":"2023-01-09T10:45:17","date_gmt":"2023-01-09T09:45:17","guid":{"rendered":"https:\/\/wecare4hair.com\/?page_id=2044"},"modified":"2023-01-18T14:20:51","modified_gmt":"2023-01-18T13:20:51","slug":"coiffure-en-gros","status":"publish","type":"page","link":"https:\/\/wecare4hair.com\/fr\/kappersmateriaal\/kappersgroothandel\/","title":{"rendered":"Coiffure en gros"},"content":{"rendered":"<div data-elementor-type=\"wp-page\" data-elementor-id=\"2044\" class=\"elementor elementor-2044\" data-elementor-post-type=\"page\">\n\t\t\t\t\t\t<section class=\"elementor-section elementor-top-section elementor-element elementor-element-f59efa9 elementor-section-boxed elementor-section-height-default elementor-section-height-default\" data-id=\"f59efa9\" data-element_type=\"section\" data-e-type=\"section\">\n\t\t\t\t\t\t<div class=\"elementor-container elementor-column-gap-default\">\n\t\t\t\t\t<div class=\"elementor-column elementor-col-50 elementor-top-column elementor-element elementor-element-ad12dc0\" data-id=\"ad12dc0\" data-element_type=\"column\" data-e-type=\"column\">\n\t\t\t<div class=\"elementor-widget-wrap elementor-element-populated\">\n\t\t\t\t\t\t<div class=\"elementor-element elementor-element-c9c3bd2 elementor-icon-list--layout-traditional elementor-list-item-link-full_width elementor-widget elementor-widget-icon-list\" data-id=\"c9c3bd2\" data-element_type=\"widget\" data-e-type=\"widget\" data-widget_type=\"icon-list.default\">\n\t\t\t\t\t\t\t<ul class=\"elementor-icon-list-items\">\n\t\t\t\t\t\t\t<li class=\"elementor-icon-list-item\">\n\t\t\t\t\t\t\t\t\t\t\t<a href=\"https:\/\/wecare4hair.com\/fr\">\n\n\t\t\t\t\t\t\t\t\t\t\t\t<span class=\"elementor-icon-list-icon\">\n\t\t\t\t\t\t\t<i aria-hidden=\"true\" class=\"fas fa-long-arrow-alt-left\"><\/i>\t\t\t\t\t\t<\/span>\n\t\t\t\t\t\t\t\t\t\t<span class=\"elementor-icon-list-text\">RETOUR \u00c0 L'ACCUEIL<\/span>\n\t\t\t\t\t\t\t\t\t\t\t<\/a>\n\t\t\t\t\t\t\t\t\t<\/li>\n\t\t\t\t\t\t<\/ul>\n\t\t\t\t\t\t<\/div>\n\t\t\t\t<div class=\"elementor-element elementor-element-e1f98b0 elementor-icon-list--layout-inline elementor-list-item-link-full_width elementor-widget elementor-widget-icon-list\" data-id=\"e1f98b0\" data-element_type=\"widget\" data-e-type=\"widget\" data-widget_type=\"icon-list.default\">\n\t\t\t\t\t\t\t<ul class=\"elementor-icon-list-items elementor-inline-items\">\n\t\t\t\t\t\t\t<li class=\"elementor-icon-list-item elementor-inline-item\">\n\t\t\t\t\t\t\t\t\t\t\t<span class=\"elementor-icon-list-icon\">\n\t\t\t\t\t\t\t<i aria-hidden=\"true\" class=\"fas fa-check-square\"><\/i>\t\t\t\t\t\t<\/span>\n\t\t\t\t\t\t\t\t\t\t<span class=\"elementor-icon-list-text\"> Ecologiquement responsable<\/span>\n\t\t\t\t\t\t\t\t\t<\/li>\n\t\t\t\t\t\t\t\t<li class=\"elementor-icon-list-item elementor-inline-item\">\n\t\t\t\t\t\t\t\t\t\t\t<span class=\"elementor-icon-list-icon\">\n\t\t\t\t\t\t\t<i aria-hidden=\"true\" class=\"fas fa-check-square\"><\/i>\t\t\t\t\t\t<\/span>\n\t\t\t\t\t\t\t\t\t\t<span class=\"elementor-icon-list-text\">Pack de d\u00e9marrage avec mat\u00e9riel<\/span>\n\t\t\t\t\t\t\t\t\t<\/li>\n\t\t\t\t\t\t\t\t<li class=\"elementor-icon-list-item elementor-inline-item\">\n\t\t\t\t\t\t\t\t\t\t\t<span class=\"elementor-icon-list-icon\">\n\t\t\t\t\t\t\t<i aria-hidden=\"true\" class=\"fas fa-check-square\"><\/i>\t\t\t\t\t\t<\/span>\n\t\t\t\t\t\t\t\t\t\t<span class=\"elementor-icon-list-text\">Livraison et ramassage<\/span>\n\t\t\t\t\t\t\t\t\t<\/li>\n\t\t\t\t\t\t<\/ul>\n\t\t\t\t\t\t<\/div>\n\t\t\t\t<div class=\"elementor-element elementor-element-f9afbfa elementor-widget elementor-widget-heading\" data-id=\"f9afbfa\" data-element_type=\"widget\" data-e-type=\"widget\" data-widget_type=\"heading.default\">\n\t\t\t\t\t<h1 class=\"elementor-heading-title elementor-size-default\">Coiffure en gros<\/h1>\t\t\t\t<\/div>\n\t\t\t\t<div data-dce-text-color=\"#000000\" class=\"elementor-element elementor-element-d59a259 elementor-widget elementor-widget-text-editor\" data-id=\"d59a259\" data-element_type=\"widget\" data-e-type=\"widget\" data-widget_type=\"text-editor.default\">\n\t\t\t\t\t\t\t\t\tEn tant que grossiste en coiffure, nous sommes pr\u00eats pour tout professionnel ou amateur passionn\u00e9 de coiffure. Chez WeCare4Hair, nous proposons uniquement du mat\u00e9riel de coiffure jetable de la meilleure qualit\u00e9. Du lavage \u00e0 la coupe en passant par la teinture et le coiffage... Gageons que notre grossiste en produits capillaires a exactement ce que vous cherchez ? D\u00e9couvrez notre large gamme de produits de coiffure de haute qualit\u00e9 et respectueux de l&#039;environnement. Curieux de savoir ce que nous pouvons faire pour vous en tant que grossiste en coiffure ?\t\t\t\t\t\t\t\t<\/div>\n\t\t\t\t<div data-dce-background-color=\"#000000\" class=\"elementor-element elementor-element-cd629f4 elementor-align-left elementor-widget elementor-widget-button\" data-id=\"cd629f4\" data-element_type=\"widget\" data-e-type=\"widget\" data-widget_type=\"button.default\">\n\t\t\t\t\t\t\t\t\t\t<a class=\"elementor-button elementor-button-link elementor-size-sm\" href=\"https:\/\/wecare4hair.com\/fr\/des-produits\/\">\n\t\t\t\t\t\t<span class=\"elementor-button-content-wrapper\">\n\t\t\t\t\t\t\t\t\t<span class=\"elementor-button-text\">Voir nos produits<\/span>\n\t\t\t\t\t<\/span>\n\t\t\t\t\t<\/a>\n\t\t\t\t\t\t\t\t<\/div>\n\t\t\t\t<div class=\"elementor-element elementor-element-44b8069 elementor-widget elementor-widget-heading\" data-id=\"44b8069\" data-element_type=\"widget\" data-e-type=\"widget\" data-widget_type=\"heading.default\">\n\t\t\t\t\t<h2 class=\"elementor-heading-title elementor-size-default\">D\u00e9couvrez la gamme de notre grossiste coiffure<\/h2>\t\t\t\t<\/div>\n\t\t\t\t<div data-dce-text-color=\"#000000\" class=\"elementor-element elementor-element-dc9f7e8 elementor-widget elementor-widget-text-editor\" data-id=\"dc9f7e8\" data-element_type=\"widget\" data-e-type=\"widget\" data-widget_type=\"text-editor.default\">\n\t\t\t\t\t\t\t\t\t<p>Vous venez de commencer une formation en coiffure ? Ou avez-vous d\u00e9j\u00e0 plusieurs ann\u00e9es d&#039;exp\u00e9rience dans le secteur et souhaitez-vous investir dans les meilleurs produits d&#039;un grossiste en coiffure ? Chez WeCare4Hair, nous sommes heureux de vous aider \u00e0 d\u00e9velopper davantage votre talent. Dans notre commerce de gros, vous trouverez diverses fournitures de coiffure, du mat\u00e9riel d&#039;entra\u00eenement, des articles d&#039;entretien, du mat\u00e9riel de coupe et des fournitures de peinture pratiques. Par exemple, notre grossiste en produits capillaires propose les articles suivants pour chaque coiffeur et coiffeur :<\/p><ul><li>pots de peinture \u00e9cologiques;<\/li><li>serviettes de coiffure Scrummi;<\/li><li>pommeaux de douche \u00e0 \u00e9conomie d&#039;eau\u00a0;<\/li><li>kits de d\u00e9marrage\u00a0;<\/li><li>pinceaux;<\/li><li>plateaux jetables;<\/li><li>papier d&#039;aluminium pour la coloration des cheveux;<\/li><li>Capes jetables.<\/li><\/ul><p>En bref, gr\u00e2ce \u00e0 la boutique en ligne de notre grossiste en coiffure, vous obtiendrez sans aucun doute des produits de la meilleure qualit\u00e9. Toutes les marques ayant une certaine notori\u00e9t\u00e9 dans le secteur peuvent \u00eatre trouv\u00e9es dans la boutique en ligne de notre grossiste en fournitures de coiffure. Les clients qui quittent la porte en toute confiance avec une nouvelle coupe de cheveux radieuse, il n&#039;y a pas de plus grand compliment, n&#039;est-ce pas\u00a0? Faites votre choix et commandez d\u00e8s aujourd&#039;hui ! Notre mat\u00e9riel de coiffure est \u00e9galement disponible en gros volumes pour chaque particulier.<\/p>\t\t\t\t\t\t\t\t<\/div>\n\t\t\t\t<div class=\"elementor-element elementor-element-6b98c5e elementor-widget elementor-widget-heading\" data-id=\"6b98c5e\" data-element_type=\"widget\" data-e-type=\"widget\" data-widget_type=\"heading.default\">\n\t\t\t\t\t<h2 class=\"elementor-heading-title elementor-size-default\">Commandez vos fournitures de coiffure aupr\u00e8s de notre grossiste<\/h2>\t\t\t\t<\/div>\n\t\t\t\t<div data-dce-text-color=\"#000000\" class=\"elementor-element elementor-element-61ca4da elementor-widget elementor-widget-text-editor\" data-id=\"61ca4da\" data-element_type=\"widget\" data-e-type=\"widget\" data-widget_type=\"text-editor.default\">\n\t\t\t\t\t\t\t\t\t<p>Vous souhaitez plus d&#039;informations sur la gamme de produits capillaires de notre grossiste coiffure ? Ou avez-vous des difficult\u00e9s avec la commande en ligne? Comptez sur notre vaste expertise au sein de l&#039;industrie. Nous sommes heureux de vous aider \u00e0 choisir et \u00e0 commander. Contactez d\u00e8s que possible les sympathiques employ\u00e9s de notre grossiste en produits capillaires. Nous sommes joignables via le num\u00e9ro\u00a0<a href=\"tel:0032468150723\">+32 468 150 723<\/a>, par\u00a0<a href=\"https:\/\/wecare4hair.com\/fr\/contact\/\">le formulaire de contact<\/a>\u00a0ou via l&#039;adresse e-mail\u00a0<a href=\"mailto:info@wecare4hair.com\">info@wecare4hair.com<\/a>.<\/p>\t\t\t\t\t\t\t\t<\/div>\n\t\t\t\t<div data-dce-text-color=\"#000000\" class=\"elementor-element elementor-element-c7e96f1 elementor-widget elementor-widget-text-editor\" data-id=\"c7e96f1\" data-element_type=\"widget\" data-e-type=\"widget\" data-widget_type=\"text-editor.default\">\n\t\t\t\t\t\t\t\t\t<p>D&#039;autres ont \u00e9galement consult\u00e9\u00a0: <a href=\"https:\/\/wecare4hair.com\/fr\/materiel-de-coiffure\/plateaux-jetables\/\">Plateaux jetables<\/a>\u00a0&#8211; <a href=\"https:\/\/wecare4hair.com\/fr\/materiel-de-coiffure\/produits-de-coiffure-eco-responsables\/\">Produits de coiffure respectueux de l&#039;environnement\u00a0<\/a><\/p>\t\t\t\t\t\t\t\t<\/div>\n\t\t\t\t\t<\/div>\n\t\t<\/div>\n\t\t\t\t<div class=\"elementor-column elementor-col-50 elementor-top-column elementor-element elementor-element-414821b\" data-id=\"414821b\" data-element_type=\"column\" data-e-type=\"column\">\n\t\t\t<div class=\"elementor-widget-wrap\">\n\t\t\t\t\t\t\t<\/div>\n\t\t<\/div>\n\t\t\t\t\t<\/div>\n\t\t<\/section>\n\t\t\t\t<section class=\"elementor-section elementor-top-section elementor-element elementor-element-5c1882d elementor-section-full_width elementor-section-height-default elementor-section-height-default\" data-id=\"5c1882d\" data-element_type=\"section\" data-e-type=\"section\">\n\t\t\t\t\t\t<div class=\"elementor-container elementor-column-gap-no\">\n\t\t\t\t\t<div class=\"elementor-column elementor-col-100 elementor-top-column elementor-element elementor-element-23e9600\" data-id=\"23e9600\" data-element_type=\"column\" data-e-type=\"column\">\n\t\t\t<div class=\"elementor-widget-wrap elementor-element-populated\">\n\t\t\t\t\t\t<div class=\"elementor-element elementor-element-530c365 elementor-widget elementor-widget-image-carousel\" data-id=\"530c365\" data-element_type=\"widget\" data-e-type=\"widget\" data-settings=\"{&quot;slides_to_show&quot;:&quot;4&quot;,&quot;slides_to_scroll&quot;:&quot;1&quot;,&quot;navigation&quot;:&quot;none&quot;,&quot;pause_on_hover&quot;:&quot;no&quot;,&quot;pause_on_interaction&quot;:&quot;no&quot;,&quot;autoplay_speed&quot;:0,&quot;speed&quot;:8000,&quot;autoplay&quot;:&quot;yes&quot;,&quot;infinite&quot;:&quot;yes&quot;,&quot;image_spacing_custom&quot;:{&quot;unit&quot;:&quot;px&quot;,&quot;size&quot;:20,&quot;sizes&quot;:[]},&quot;image_spacing_custom_tablet&quot;:{&quot;unit&quot;:&quot;px&quot;,&quot;size&quot;:&quot;&quot;,&quot;sizes&quot;:[]},&quot;image_spacing_custom_mobile&quot;:{&quot;unit&quot;:&quot;px&quot;,&quot;size&quot;:&quot;&quot;,&quot;sizes&quot;:[]}}\" data-widget_type=\"image-carousel.default\">\n\t\t\t\t\t\t\t<div class=\"elementor-image-carousel-wrapper swiper\" role=\"region\" aria-roledescription=\"carousel\" aria-label=\"Carrousel d\u2019images\" dir=\"ltr\">\n\t\t\t<div class=\"elementor-image-carousel swiper-wrapper swiper-image-stretch\" aria-live=\"off\">\n\t\t\t\t\t\t\t\t<div class=\"swiper-slide\" role=\"group\" aria-roledescription=\"slide\" aria-label=\"1 \u00e0 4\"><figure class=\"swiper-slide-inner\"><img decoding=\"async\" class=\"swiper-slide-image\" src=\"https:\/\/wecare4hair.com\/wp-content\/uploads\/2022\/08\/Scrummi-220.jpg\" alt=\"Scrummi-220\" \/><\/figure><\/div><div class=\"swiper-slide\" role=\"group\" aria-roledescription=\"slide\" aria-label=\"2 sur 4\"><figure class=\"swiper-slide-inner\"><img decoding=\"async\" class=\"swiper-slide-image\" src=\"https:\/\/wecare4hair.com\/wp-content\/uploads\/2022\/08\/Scrummi-217.jpg\" alt=\"m\u00eal\u00e9e-217\" \/><\/figure><\/div><div class=\"swiper-slide\" role=\"group\" aria-roledescription=\"slide\" aria-label=\"3 sur 4\"><figure class=\"swiper-slide-inner\"><img decoding=\"async\" class=\"swiper-slide-image\" src=\"https:\/\/wecare4hair.com\/wp-content\/uploads\/2022\/08\/Scrummi-188.jpg\" alt=\"m\u00eal\u00e9e-188\" \/><\/figure><\/div><div class=\"swiper-slide\" role=\"group\" aria-roledescription=\"slide\" aria-label=\"4 sur 4\"><figure class=\"swiper-slide-inner\"><img decoding=\"async\" class=\"swiper-slide-image\" src=\"https:\/\/wecare4hair.com\/wp-content\/uploads\/2022\/07\/Scrummi_stacking_photo-scaled.jpg\" alt=\"Scrummi_stacking_photo\" \/><\/figure><\/div>\t\t\t<\/div>\n\t\t\t\t\t\t\t\n\t\t\t\t\t\t\t\t\t<\/div>\n\t\t\t\t\t\t<\/div>\n\t\t\t\t\t<\/div>\n\t\t<\/div>\n\t\t\t\t\t<\/div>\n\t\t<\/section>\n\t\t\t\t<\/div>","protected":false},"excerpt":{"rendered":"<p>TERUG NAAR HOME Ecologisch verantwoord Starterspakket met materiaal Bezorgen en afhalen Kappersgroothandel Als kappersgroothandel staan we klaar voor elke professional of hobbyist met een passie voor haar. Bij WeCare4Hair bieden we enkel en alleen wegwerp kappersmateriaal aan van de allerbeste kwaliteit. Van wassen en knippen tot verven en stylen\u2026 Wedden dat onze groothandel in haarproducten [&hellip;]<\/p>\n","protected":false},"author":1,"featured_media":0,"parent":1960,"menu_order":0,"comment_status":"closed","ping_status":"closed","template":"elementor_header_footer","meta":{"_acf_changed":false,"footnotes":""},"class_list":["post-2044","page","type-page","status-publish","hentry"],"acf":[],"yoast_head":"<!-- This site is optimized with the Yoast SEO plugin v27.5 - https:\/\/yoast.com\/product\/yoast-seo-wordpress\/ -->\n<title>Kappersgroothandel - WeCare4Hair<\/title>\n<meta name=\"robots\" content=\"index, follow, max-snippet:-1, max-image-preview:large, max-video-preview:-1\" \/>\n<link rel=\"canonical\" href=\"https:\/\/wecare4hair.com\/fr\/materiel-de-coiffure\/coiffure-en-gros\/\" \/>\n<meta property=\"og:locale\" content=\"fr_FR\" \/>\n<meta property=\"og:type\" content=\"article\" \/>\n<meta property=\"og:title\" content=\"Kappersgroothandel - WeCare4Hair\" \/>\n<meta property=\"og:description\" content=\"TERUG NAAR HOME Ecologisch verantwoord Starterspakket met materiaal Bezorgen en afhalen Kappersgroothandel Als kappersgroothandel staan we klaar voor elke professional of hobbyist met een passie voor haar. Bij WeCare4Hair bieden we enkel en alleen wegwerp kappersmateriaal aan van de allerbeste kwaliteit. Van wassen en knippen tot verven en stylen\u2026 Wedden dat onze groothandel in haarproducten [&hellip;]\" \/>\n<meta property=\"og:url\" content=\"https:\/\/wecare4hair.com\/fr\/materiel-de-coiffure\/coiffure-en-gros\/\" \/>\n<meta property=\"og:site_name\" content=\"WeCare4Hair\" \/>\n<meta property=\"article:publisher\" content=\"https:\/\/www.facebook.com\/WeCare4Hair\" \/>\n<meta property=\"article:modified_time\" content=\"2023-01-18T13:20:51+00:00\" \/>\n<meta property=\"og:image\" content=\"https:\/\/wecare4hair.com\/wp-content\/uploads\/2022\/08\/Scrummi-220.jpg\" \/>\n<meta name=\"twitter:card\" content=\"summary_large_image\" \/>\n<meta name=\"twitter:label1\" content=\"Dur\u00e9e de lecture estim\u00e9e\" \/>\n\t<meta name=\"twitter:data1\" content=\"2 minutes\" \/>\n<script type=\"application\/ld+json\" class=\"yoast-schema-graph\">{\"@context\":\"https:\\\/\\\/schema.org\",\"@graph\":[{\"@type\":\"WebPage\",\"@id\":\"https:\\\/\\\/wecare4hair.com\\\/kappersmateriaal\\\/kappersgroothandel\\\/\",\"url\":\"https:\\\/\\\/wecare4hair.com\\\/kappersmateriaal\\\/kappersgroothandel\\\/\",\"name\":\"Kappersgroothandel - WeCare4Hair\",\"isPartOf\":{\"@id\":\"https:\\\/\\\/wecare4hair.com\\\/#website\"},\"primaryImageOfPage\":{\"@id\":\"https:\\\/\\\/wecare4hair.com\\\/kappersmateriaal\\\/kappersgroothandel\\\/#primaryimage\"},\"image\":{\"@id\":\"https:\\\/\\\/wecare4hair.com\\\/kappersmateriaal\\\/kappersgroothandel\\\/#primaryimage\"},\"thumbnailUrl\":\"https:\\\/\\\/wecare4hair.com\\\/wp-content\\\/uploads\\\/2022\\\/08\\\/Scrummi-220.jpg\",\"datePublished\":\"2023-01-09T09:45:17+00:00\",\"dateModified\":\"2023-01-18T13:20:51+00:00\",\"breadcrumb\":{\"@id\":\"https:\\\/\\\/wecare4hair.com\\\/kappersmateriaal\\\/kappersgroothandel\\\/#breadcrumb\"},\"inLanguage\":\"fr-FR\",\"potentialAction\":[{\"@type\":\"ReadAction\",\"target\":[\"https:\\\/\\\/wecare4hair.com\\\/kappersmateriaal\\\/kappersgroothandel\\\/\"]}]},{\"@type\":\"ImageObject\",\"inLanguage\":\"fr-FR\",\"@id\":\"https:\\\/\\\/wecare4hair.com\\\/kappersmateriaal\\\/kappersgroothandel\\\/#primaryimage\",\"url\":\"https:\\\/\\\/wecare4hair.com\\\/wp-content\\\/uploads\\\/2022\\\/08\\\/Scrummi-220.jpg\",\"contentUrl\":\"https:\\\/\\\/wecare4hair.com\\\/wp-content\\\/uploads\\\/2022\\\/08\\\/Scrummi-220.jpg\"},{\"@type\":\"BreadcrumbList\",\"@id\":\"https:\\\/\\\/wecare4hair.com\\\/kappersmateriaal\\\/kappersgroothandel\\\/#breadcrumb\",\"itemListElement\":[{\"@type\":\"ListItem\",\"position\":1,\"name\":\"Home\",\"item\":\"https:\\\/\\\/wecare4hair.com\\\/\"},{\"@type\":\"ListItem\",\"position\":2,\"name\":\"Kappersmateriaal\",\"item\":\"https:\\\/\\\/wecare4hair.com\\\/kappersmateriaal\\\/\"},{\"@type\":\"ListItem\",\"position\":3,\"name\":\"Kappersgroothandel\"}]},{\"@type\":\"WebSite\",\"@id\":\"https:\\\/\\\/wecare4hair.com\\\/#website\",\"url\":\"https:\\\/\\\/wecare4hair.com\\\/\",\"name\":\"WeCare4Hair\",\"description\":\"Kwalitatief hoogwaardig kappersmateriaal\",\"publisher\":{\"@id\":\"https:\\\/\\\/wecare4hair.com\\\/#organization\"},\"potentialAction\":[{\"@type\":\"SearchAction\",\"target\":{\"@type\":\"EntryPoint\",\"urlTemplate\":\"https:\\\/\\\/wecare4hair.com\\\/?s={search_term_string}\"},\"query-input\":{\"@type\":\"PropertyValueSpecification\",\"valueRequired\":true,\"valueName\":\"search_term_string\"}}],\"inLanguage\":\"fr-FR\"},{\"@type\":\"Organization\",\"@id\":\"https:\\\/\\\/wecare4hair.com\\\/#organization\",\"name\":\"WeCare4Hair\",\"url\":\"https:\\\/\\\/wecare4hair.com\\\/\",\"logo\":{\"@type\":\"ImageObject\",\"inLanguage\":\"fr-FR\",\"@id\":\"https:\\\/\\\/wecare4hair.com\\\/#\\\/schema\\\/logo\\\/image\\\/\",\"url\":\"https:\\\/\\\/wecare4hair.com\\\/wp-content\\\/uploads\\\/2023\\\/03\\\/Wecareforhairlogo.png\",\"contentUrl\":\"https:\\\/\\\/wecare4hair.com\\\/wp-content\\\/uploads\\\/2023\\\/03\\\/Wecareforhairlogo.png\",\"width\":614,\"height\":124,\"caption\":\"WeCare4Hair\"},\"image\":{\"@id\":\"https:\\\/\\\/wecare4hair.com\\\/#\\\/schema\\\/logo\\\/image\\\/\"},\"sameAs\":[\"https:\\\/\\\/www.facebook.com\\\/WeCare4Hair\",\"https:\\\/\\\/www.instagram.com\\\/we_care_4_hair\\\/\"]}]}<\/script>\n<!-- \/ Yoast SEO plugin. -->","yoast_head_json":{"title":"Coiffeur grossiste - WeCare4Hair","robots":{"index":"index","follow":"follow","max-snippet":"max-snippet:-1","max-image-preview":"max-image-preview:large","max-video-preview":"max-video-preview:-1"},"canonical":"https:\/\/wecare4hair.com\/fr\/materiel-de-coiffure\/coiffure-en-gros\/","og_locale":"fr_FR","og_type":"article","og_title":"Kappersgroothandel - WeCare4Hair","og_description":"TERUG NAAR HOME Ecologisch verantwoord Starterspakket met materiaal Bezorgen en afhalen Kappersgroothandel Als kappersgroothandel staan we klaar voor elke professional of hobbyist met een passie voor haar. Bij WeCare4Hair bieden we enkel en alleen wegwerp kappersmateriaal aan van de allerbeste kwaliteit. Van wassen en knippen tot verven en stylen\u2026 Wedden dat onze groothandel in haarproducten [&hellip;]","og_url":"https:\/\/wecare4hair.com\/fr\/materiel-de-coiffure\/coiffure-en-gros\/","og_site_name":"WeCare4Hair","article_publisher":"https:\/\/www.facebook.com\/WeCare4Hair","article_modified_time":"2023-01-18T13:20:51+00:00","og_image":[{"url":"https:\/\/wecare4hair.com\/wp-content\/uploads\/2022\/08\/Scrummi-220.jpg","type":"","width":"","height":""}],"twitter_card":"summary_large_image","twitter_misc":{"Dur\u00e9e de lecture estim\u00e9e":"2 minutes"},"schema":{"@context":"https:\/\/schema.org","@graph":[{"@type":"WebPage","@id":"https:\/\/wecare4hair.com\/kappersmateriaal\/kappersgroothandel\/","url":"https:\/\/wecare4hair.com\/kappersmateriaal\/kappersgroothandel\/","name":"Coiffeur grossiste - WeCare4Hair","isPartOf":{"@id":"https:\/\/wecare4hair.com\/#website"},"primaryImageOfPage":{"@id":"https:\/\/wecare4hair.com\/kappersmateriaal\/kappersgroothandel\/#primaryimage"},"image":{"@id":"https:\/\/wecare4hair.com\/kappersmateriaal\/kappersgroothandel\/#primaryimage"},"thumbnailUrl":"https:\/\/wecare4hair.com\/wp-content\/uploads\/2022\/08\/Scrummi-220.jpg","datePublished":"2023-01-09T09:45:17+00:00","dateModified":"2023-01-18T13:20:51+00:00","breadcrumb":{"@id":"https:\/\/wecare4hair.com\/kappersmateriaal\/kappersgroothandel\/#breadcrumb"},"inLanguage":"fr-FR","potentialAction":[{"@type":"ReadAction","target":["https:\/\/wecare4hair.com\/kappersmateriaal\/kappersgroothandel\/"]}]},{"@type":"ImageObject","inLanguage":"fr-FR","@id":"https:\/\/wecare4hair.com\/kappersmateriaal\/kappersgroothandel\/#primaryimage","url":"https:\/\/wecare4hair.com\/wp-content\/uploads\/2022\/08\/Scrummi-220.jpg","contentUrl":"https:\/\/wecare4hair.com\/wp-content\/uploads\/2022\/08\/Scrummi-220.jpg"},{"@type":"BreadcrumbList","@id":"https:\/\/wecare4hair.com\/kappersmateriaal\/kappersgroothandel\/#breadcrumb","itemListElement":[{"@type":"ListItem","position":1,"name":"Home","item":"https:\/\/wecare4hair.com\/"},{"@type":"ListItem","position":2,"name":"Kappersmateriaal","item":"https:\/\/wecare4hair.com\/kappersmateriaal\/"},{"@type":"ListItem","position":3,"name":"Kappersgroothandel"}]},{"@type":"WebSite","@id":"https:\/\/wecare4hair.com\/#website","url":"https:\/\/wecare4hair.com\/","name":"WeCare4Hair","description":"Mat\u00e9riel de coiffure de haute qualit\u00e9","publisher":{"@id":"https:\/\/wecare4hair.com\/#organization"},"potentialAction":[{"@type":"SearchAction","target":{"@type":"EntryPoint","urlTemplate":"https:\/\/wecare4hair.com\/?s={search_term_string}"},"query-input":{"@type":"PropertyValueSpecification","valueRequired":true,"valueName":"search_term_string"}}],"inLanguage":"fr-FR"},{"@type":"Organization","@id":"https:\/\/wecare4hair.com\/#organization","name":"WeCare4Hair","url":"https:\/\/wecare4hair.com\/","logo":{"@type":"ImageObject","inLanguage":"fr-FR","@id":"https:\/\/wecare4hair.com\/#\/schema\/logo\/image\/","url":"https:\/\/wecare4hair.com\/wp-content\/uploads\/2023\/03\/Wecareforhairlogo.png","contentUrl":"https:\/\/wecare4hair.com\/wp-content\/uploads\/2023\/03\/Wecareforhairlogo.png","width":614,"height":124,"caption":"WeCare4Hair"},"image":{"@id":"https:\/\/wecare4hair.com\/#\/schema\/logo\/image\/"},"sameAs":["https:\/\/www.facebook.com\/WeCare4Hair","https:\/\/www.instagram.com\/we_care_4_hair\/"]}]}},"_links":{"self":[{"href":"https:\/\/wecare4hair.com\/fr\/wp-json\/wp\/v2\/pages\/2044","targetHints":{"allow":["GET"]}}],"collection":[{"href":"https:\/\/wecare4hair.com\/fr\/wp-json\/wp\/v2\/pages"}],"about":[{"href":"https:\/\/wecare4hair.com\/fr\/wp-json\/wp\/v2\/types\/page"}],"author":[{"embeddable":true,"href":"https:\/\/wecare4hair.com\/fr\/wp-json\/wp\/v2\/users\/1"}],"replies":[{"embeddable":true,"href":"https:\/\/wecare4hair.com\/fr\/wp-json\/wp\/v2\/comments?post=2044"}],"version-history":[{"count":0,"href":"https:\/\/wecare4hair.com\/fr\/wp-json\/wp\/v2\/pages\/2044\/revisions"}],"up":[{"embeddable":true,"href":"https:\/\/wecare4hair.com\/fr\/wp-json\/wp\/v2\/pages\/1960"}],"wp:attachment":[{"href":"https:\/\/wecare4hair.com\/fr\/wp-json\/wp\/v2\/media?parent=2044"}],"curies":[{"name":"wp","href":"https:\/\/api.w.org\/{rel}","templated":true}]}}