{"id":2036,"date":"2023-01-09T10:43:06","date_gmt":"2023-01-09T09:43:06","guid":{"rendered":"https:\/\/wecare4hair.com\/?page_id=2036"},"modified":"2023-01-18T14:20:25","modified_gmt":"2023-01-18T13:20:25","slug":"plateaux-jetables","status":"publish","type":"page","link":"https:\/\/wecare4hair.com\/fr\/kappersmateriaal\/disposable-bakjes\/","title":{"rendered":"Plateaux jetables"},"content":{"rendered":"<div data-elementor-type=\"wp-page\" data-elementor-id=\"2036\" class=\"elementor elementor-2036\" data-elementor-post-type=\"page\">\n\t\t\t\t\t\t<section class=\"elementor-section elementor-top-section elementor-element elementor-element-d21f7ff elementor-section-boxed elementor-section-height-default elementor-section-height-default\" data-id=\"d21f7ff\" data-element_type=\"section\" data-e-type=\"section\">\n\t\t\t\t\t\t<div class=\"elementor-container elementor-column-gap-default\">\n\t\t\t\t\t<div class=\"elementor-column elementor-col-50 elementor-top-column elementor-element elementor-element-a4416d7\" data-id=\"a4416d7\" data-element_type=\"column\" data-e-type=\"column\">\n\t\t\t<div class=\"elementor-widget-wrap elementor-element-populated\">\n\t\t\t\t\t\t<div class=\"elementor-element elementor-element-7f06a01 elementor-icon-list--layout-traditional elementor-list-item-link-full_width elementor-widget elementor-widget-icon-list\" data-id=\"7f06a01\" data-element_type=\"widget\" data-e-type=\"widget\" data-widget_type=\"icon-list.default\">\n\t\t\t\t\t\t\t<ul class=\"elementor-icon-list-items\">\n\t\t\t\t\t\t\t<li class=\"elementor-icon-list-item\">\n\t\t\t\t\t\t\t\t\t\t\t<a href=\"https:\/\/wecare4hair.com\/fr\">\n\n\t\t\t\t\t\t\t\t\t\t\t\t<span class=\"elementor-icon-list-icon\">\n\t\t\t\t\t\t\t<i aria-hidden=\"true\" class=\"fas fa-long-arrow-alt-left\"><\/i>\t\t\t\t\t\t<\/span>\n\t\t\t\t\t\t\t\t\t\t<span class=\"elementor-icon-list-text\">RETOUR \u00c0 L'ACCUEIL<\/span>\n\t\t\t\t\t\t\t\t\t\t\t<\/a>\n\t\t\t\t\t\t\t\t\t<\/li>\n\t\t\t\t\t\t<\/ul>\n\t\t\t\t\t\t<\/div>\n\t\t\t\t<div class=\"elementor-element elementor-element-a923c4e elementor-icon-list--layout-inline elementor-list-item-link-full_width elementor-widget elementor-widget-icon-list\" data-id=\"a923c4e\" data-element_type=\"widget\" data-e-type=\"widget\" data-widget_type=\"icon-list.default\">\n\t\t\t\t\t\t\t<ul class=\"elementor-icon-list-items elementor-inline-items\">\n\t\t\t\t\t\t\t<li class=\"elementor-icon-list-item elementor-inline-item\">\n\t\t\t\t\t\t\t\t\t\t\t<span class=\"elementor-icon-list-icon\">\n\t\t\t\t\t\t\t<i aria-hidden=\"true\" class=\"fas fa-check-square\"><\/i>\t\t\t\t\t\t<\/span>\n\t\t\t\t\t\t\t\t\t\t<span class=\"elementor-icon-list-text\"> Ecologiquement responsable<\/span>\n\t\t\t\t\t\t\t\t\t<\/li>\n\t\t\t\t\t\t\t\t<li class=\"elementor-icon-list-item elementor-inline-item\">\n\t\t\t\t\t\t\t\t\t\t\t<span class=\"elementor-icon-list-icon\">\n\t\t\t\t\t\t\t<i aria-hidden=\"true\" class=\"fas fa-check-square\"><\/i>\t\t\t\t\t\t<\/span>\n\t\t\t\t\t\t\t\t\t\t<span class=\"elementor-icon-list-text\">Pack de d\u00e9marrage avec mat\u00e9riel<\/span>\n\t\t\t\t\t\t\t\t\t<\/li>\n\t\t\t\t\t\t\t\t<li class=\"elementor-icon-list-item elementor-inline-item\">\n\t\t\t\t\t\t\t\t\t\t\t<span class=\"elementor-icon-list-icon\">\n\t\t\t\t\t\t\t<i aria-hidden=\"true\" class=\"fas fa-check-square\"><\/i>\t\t\t\t\t\t<\/span>\n\t\t\t\t\t\t\t\t\t\t<span class=\"elementor-icon-list-text\">Livraison et ramassage<\/span>\n\t\t\t\t\t\t\t\t\t<\/li>\n\t\t\t\t\t\t<\/ul>\n\t\t\t\t\t\t<\/div>\n\t\t\t\t<div class=\"elementor-element elementor-element-78a2a95 elementor-widget elementor-widget-heading\" data-id=\"78a2a95\" data-element_type=\"widget\" data-e-type=\"widget\" data-widget_type=\"heading.default\">\n\t\t\t\t\t<h1 class=\"elementor-heading-title elementor-size-default\">Choisissez des contenants jetables<\/h1>\t\t\t\t<\/div>\n\t\t\t\t<div data-dce-text-color=\"#000000\" class=\"elementor-element elementor-element-4ce38b3 elementor-widget elementor-widget-text-editor\" data-id=\"4ce38b3\" data-element_type=\"widget\" data-e-type=\"widget\" data-widget_type=\"text-editor.default\">\n\t\t\t\t\t\t\t\t\t<p>Saviez-vous que nos plateaux jetables sont le moyen id\u00e9al pour d\u00e9marrer en tant que coiffeur de mani\u00e8re durable ? Chez WeCare4Hair, nous ne voulons que le meilleur pour les professionnels et la plan\u00e8te. Les plateaux jetables pratiques sont compos\u00e9s de produits r\u00e9siduels de l&#039;industrie sucri\u00e8re et sont enti\u00e8rement biod\u00e9gradables. En les jetant simplement au lieu de les rincer, vous \u00e9conomisez \u00e9galement beaucoup d&#039;eau. Raison suffisante pour investir dans nos fournitures de coiffure \u00e9cologiques !<\/p><p>Curieux de savoir ce que nous pouvons faire pour vous en tant que grossiste en coiffure ?<\/p>\t\t\t\t\t\t\t\t<\/div>\n\t\t\t\t<div class=\"elementor-element elementor-element-036e177 elementor-align-left elementor-widget elementor-widget-button\" data-id=\"036e177\" data-element_type=\"widget\" data-e-type=\"widget\" data-widget_type=\"button.default\">\n\t\t\t\t\t\t\t\t\t\t<a class=\"elementor-button elementor-button-link elementor-size-sm\" href=\"https:\/\/wecare4hair.com\/fr\/des-produits\/\">\n\t\t\t\t\t\t<span class=\"elementor-button-content-wrapper\">\n\t\t\t\t\t\t\t\t\t<span class=\"elementor-button-text\">Voir nos produits<\/span>\n\t\t\t\t\t<\/span>\n\t\t\t\t\t<\/a>\n\t\t\t\t\t\t\t\t<\/div>\n\t\t\t\t<div class=\"elementor-element elementor-element-bf4bc16 elementor-widget elementor-widget-heading\" data-id=\"bf4bc16\" data-element_type=\"widget\" data-e-type=\"widget\" data-widget_type=\"heading.default\">\n\t\t\t\t\t<h2 class=\"elementor-heading-title elementor-size-default\">Quels sont les avantages des plateaux jetables ?<\/h2>\t\t\t\t<\/div>\n\t\t\t\t<div data-dce-text-color=\"#000000\" class=\"elementor-element elementor-element-7f54670 elementor-widget elementor-widget-text-editor\" data-id=\"7f54670\" data-element_type=\"widget\" data-e-type=\"widget\" data-widget_type=\"text-editor.default\">\n\t\t\t\t\t\t\t\t\t<p>Bien s\u00fbr, en tant que professionnel ou amateur, vous ne souhaitez vous lancer qu&#039;avec les meilleurs produits. Investir dans des plateaux jetables n&#039;est donc pas un luxe inutile. Ils offrent les avantages suivants :<\/p><ul><li>Parce que vous n&#039;avez pas \u00e0 rincer les plateaux, vous \u00e9conomisez de l&#039;eau et du temps \u00e0 l&#039;\u00e9vier ;<\/li><li>Ils sont tr\u00e8s robustes avec une surface lisse pour un m\u00e9lange facile des couleurs ;<\/li><li>Vous franchissez simplement le pas vers un environnement de coiffure durable.<\/li><\/ul><p>Vous \u00eates d\u00e9j\u00e0 convaincu et vous souhaitez vous-m\u00eame faire la diff\u00e9rence tout en pratiquant votre passion ? Les plateaux jetables et\u00a0<a href=\"https:\/\/wecare4hair.com\/fr\/des-produits\/\">autres produits<\/a>\u00a0de WeCare4Hair sont disponibles en grandes quantit\u00e9s pour chaque individu.<\/p>\t\t\t\t\t\t\t\t<\/div>\n\t\t\t\t<div class=\"elementor-element elementor-element-597ba28 elementor-widget elementor-widget-heading\" data-id=\"597ba28\" data-element_type=\"widget\" data-e-type=\"widget\" data-widget_type=\"heading.default\">\n\t\t\t\t\t<h2 class=\"elementor-heading-title elementor-size-default\">Commandez vos plateaux aujourd&#039;hui<\/h2>\t\t\t\t<\/div>\n\t\t\t\t<div data-dce-text-color=\"#000000\" class=\"elementor-element elementor-element-451f011 elementor-widget elementor-widget-text-editor\" data-id=\"451f011\" data-element_type=\"widget\" data-e-type=\"widget\" data-widget_type=\"text-editor.default\">\n\t\t\t\t\t\t\t\t\t<p>Consultez nos articles durables dans la boutique en ligne pratique, choisissez votre favori et cr\u00e9ez un compte pour commander imm\u00e9diatement. Pourriez-vous utiliser des conseils professionnels? Ou souhaitez-vous d&#039;abord en savoir plus sur nos plateaux jetables ? N&#039;h\u00e9sitez pas \u00e0 nous contacter par email\u00a0<a href=\"mailto:info@wecare4hair.com\">info@wecare4hair.com<\/a>\u00a0ou via le num\u00e9ro de t\u00e9l\u00e9phone\u00a0<a href=\"tel:0032468150723\">+32 468 150 723<\/a>.<\/p>\t\t\t\t\t\t\t\t<\/div>\n\t\t\t\t<div data-dce-text-color=\"#000000\" class=\"elementor-element elementor-element-0cd780a elementor-widget elementor-widget-text-editor\" data-id=\"0cd780a\" data-element_type=\"widget\" data-e-type=\"widget\" data-widget_type=\"text-editor.default\">\n\t\t\t\t\t\t\t\t\t<p>D&#039;autres ont \u00e9galement consult\u00e9\u00a0: <a href=\"https:\/\/wecare4hair.com\/fr\/materiel-de-coiffure\/coiffure-en-gros\/\">Coiffure en gros<\/a> &#8211; <a href=\"https:\/\/wecare4hair.com\/fr\/materiel-de-coiffure\/produits-de-coiffure-eco-responsables\/\">Produits de coiffure respectueux de l&#039;environnement\u00a0<\/a><\/p>\t\t\t\t\t\t\t\t<\/div>\n\t\t\t\t\t<\/div>\n\t\t<\/div>\n\t\t\t\t<div class=\"elementor-column elementor-col-50 elementor-top-column elementor-element elementor-element-279c002\" data-id=\"279c002\" data-element_type=\"column\" data-e-type=\"column\">\n\t\t\t<div class=\"elementor-widget-wrap\">\n\t\t\t\t\t\t\t<\/div>\n\t\t<\/div>\n\t\t\t\t\t<\/div>\n\t\t<\/section>\n\t\t\t\t<section class=\"elementor-section elementor-top-section elementor-element elementor-element-3274809 elementor-section-full_width elementor-section-height-default elementor-section-height-default\" data-id=\"3274809\" data-element_type=\"section\" data-e-type=\"section\">\n\t\t\t\t\t\t<div class=\"elementor-container elementor-column-gap-no\">\n\t\t\t\t\t<div class=\"elementor-column elementor-col-100 elementor-top-column elementor-element elementor-element-2a9b739\" data-id=\"2a9b739\" data-element_type=\"column\" data-e-type=\"column\">\n\t\t\t<div class=\"elementor-widget-wrap elementor-element-populated\">\n\t\t\t\t\t\t<div class=\"elementor-element elementor-element-8c51152 elementor-widget elementor-widget-image-carousel\" data-id=\"8c51152\" data-element_type=\"widget\" data-e-type=\"widget\" data-settings=\"{&quot;slides_to_show&quot;:&quot;4&quot;,&quot;slides_to_scroll&quot;:&quot;1&quot;,&quot;navigation&quot;:&quot;none&quot;,&quot;pause_on_hover&quot;:&quot;no&quot;,&quot;pause_on_interaction&quot;:&quot;no&quot;,&quot;autoplay_speed&quot;:0,&quot;speed&quot;:8000,&quot;autoplay&quot;:&quot;yes&quot;,&quot;infinite&quot;:&quot;yes&quot;,&quot;image_spacing_custom&quot;:{&quot;unit&quot;:&quot;px&quot;,&quot;size&quot;:20,&quot;sizes&quot;:[]},&quot;image_spacing_custom_tablet&quot;:{&quot;unit&quot;:&quot;px&quot;,&quot;size&quot;:&quot;&quot;,&quot;sizes&quot;:[]},&quot;image_spacing_custom_mobile&quot;:{&quot;unit&quot;:&quot;px&quot;,&quot;size&quot;:&quot;&quot;,&quot;sizes&quot;:[]}}\" data-widget_type=\"image-carousel.default\">\n\t\t\t\t\t\t\t<div class=\"elementor-image-carousel-wrapper swiper\" role=\"region\" aria-roledescription=\"carousel\" aria-label=\"Afbeelding carrousel\" dir=\"ltr\">\n\t\t\t<div class=\"elementor-image-carousel swiper-wrapper swiper-image-stretch\" aria-live=\"off\">\n\t\t\t\t\t\t\t\t<div class=\"swiper-slide\" role=\"group\" aria-roledescription=\"slide\" aria-label=\"1 of 4\"><figure class=\"swiper-slide-inner\"><img decoding=\"async\" class=\"swiper-slide-image\" src=\"https:\/\/wecare4hair.com\/wp-content\/uploads\/2022\/08\/Scrummi-220.jpg\" alt=\"Scrummi-220\" \/><\/figure><\/div><div class=\"swiper-slide\" role=\"group\" aria-roledescription=\"slide\" aria-label=\"2 of 4\"><figure class=\"swiper-slide-inner\"><img decoding=\"async\" class=\"swiper-slide-image\" src=\"https:\/\/wecare4hair.com\/wp-content\/uploads\/2022\/08\/Scrummi-217.jpg\" alt=\"m\u00eal\u00e9e-217\" \/><\/figure><\/div><div class=\"swiper-slide\" role=\"group\" aria-roledescription=\"slide\" aria-label=\"3 of 4\"><figure class=\"swiper-slide-inner\"><img decoding=\"async\" class=\"swiper-slide-image\" src=\"https:\/\/wecare4hair.com\/wp-content\/uploads\/2022\/08\/Scrummi-188.jpg\" alt=\"m\u00eal\u00e9e-188\" \/><\/figure><\/div><div class=\"swiper-slide\" role=\"group\" aria-roledescription=\"slide\" aria-label=\"4 of 4\"><figure class=\"swiper-slide-inner\"><img decoding=\"async\" class=\"swiper-slide-image\" src=\"https:\/\/wecare4hair.com\/wp-content\/uploads\/2022\/07\/Scrummi_stacking_photo-scaled.jpg\" alt=\"Scrummi_stacking_photo\" \/><\/figure><\/div>\t\t\t<\/div>\n\t\t\t\t\t\t\t\n\t\t\t\t\t\t\t\t\t<\/div>\n\t\t\t\t\t\t<\/div>\n\t\t\t\t\t<\/div>\n\t\t<\/div>\n\t\t\t\t\t<\/div>\n\t\t<\/section>\n\t\t\t\t<\/div>","protected":false},"excerpt":{"rendered":"<p>TERUG NAAR HOME Ecologisch verantwoord Starterspakket met materiaal Bezorgen en afhalen Kies voor disposable bakjes Wist u dat onze disposable bakjes de perfecte manier zijn om duurzaam aan de slag te gaan als kapper? Bij WeCare4Hair willen we namelijk alleen het beste voor professionals \u00e9n de planeet. De handige disposable bakjes bestaan uit restproducten uit [&hellip;]<\/p>\n","protected":false},"author":1,"featured_media":0,"parent":1960,"menu_order":0,"comment_status":"closed","ping_status":"closed","template":"elementor_header_footer","meta":{"_acf_changed":false,"footnotes":""},"class_list":["post-2036","page","type-page","status-publish","hentry"],"acf":[],"yoast_head":"<!-- This site is optimized with the Yoast SEO plugin v27.5 - https:\/\/yoast.com\/product\/yoast-seo-wordpress\/ -->\n<title>Disposable bakjes - WeCare4Hair<\/title>\n<meta name=\"robots\" content=\"index, follow, max-snippet:-1, max-image-preview:large, max-video-preview:-1\" \/>\n<link rel=\"canonical\" href=\"https:\/\/wecare4hair.com\/fr\/materiel-de-coiffure\/plateaux-jetables\/\" \/>\n<meta property=\"og:locale\" content=\"fr_FR\" \/>\n<meta property=\"og:type\" content=\"article\" \/>\n<meta property=\"og:title\" content=\"Disposable bakjes - WeCare4Hair\" \/>\n<meta property=\"og:description\" content=\"TERUG NAAR HOME Ecologisch verantwoord Starterspakket met materiaal Bezorgen en afhalen Kies voor disposable bakjes Wist u dat onze disposable bakjes de perfecte manier zijn om duurzaam aan de slag te gaan als kapper? Bij WeCare4Hair willen we namelijk alleen het beste voor professionals \u00e9n de planeet. De handige disposable bakjes bestaan uit restproducten uit [&hellip;]\" \/>\n<meta property=\"og:url\" content=\"https:\/\/wecare4hair.com\/fr\/materiel-de-coiffure\/plateaux-jetables\/\" \/>\n<meta property=\"og:site_name\" content=\"WeCare4Hair\" \/>\n<meta property=\"article:publisher\" content=\"https:\/\/www.facebook.com\/WeCare4Hair\" \/>\n<meta property=\"article:modified_time\" content=\"2023-01-18T13:20:25+00:00\" \/>\n<meta property=\"og:image\" content=\"https:\/\/wecare4hair.com\/wp-content\/uploads\/2022\/08\/Scrummi-220.jpg\" \/>\n<meta name=\"twitter:card\" content=\"summary_large_image\" \/>\n<meta name=\"twitter:label1\" content=\"Dur\u00e9e de lecture estim\u00e9e\" \/>\n\t<meta name=\"twitter:data1\" content=\"1 minute\" \/>\n<script type=\"application\/ld+json\" class=\"yoast-schema-graph\">{\"@context\":\"https:\\\/\\\/schema.org\",\"@graph\":[{\"@type\":\"WebPage\",\"@id\":\"https:\\\/\\\/wecare4hair.com\\\/kappersmateriaal\\\/disposable-bakjes\\\/\",\"url\":\"https:\\\/\\\/wecare4hair.com\\\/kappersmateriaal\\\/disposable-bakjes\\\/\",\"name\":\"Disposable bakjes - WeCare4Hair\",\"isPartOf\":{\"@id\":\"https:\\\/\\\/wecare4hair.com\\\/#website\"},\"primaryImageOfPage\":{\"@id\":\"https:\\\/\\\/wecare4hair.com\\\/kappersmateriaal\\\/disposable-bakjes\\\/#primaryimage\"},\"image\":{\"@id\":\"https:\\\/\\\/wecare4hair.com\\\/kappersmateriaal\\\/disposable-bakjes\\\/#primaryimage\"},\"thumbnailUrl\":\"https:\\\/\\\/wecare4hair.com\\\/wp-content\\\/uploads\\\/2022\\\/08\\\/Scrummi-220.jpg\",\"datePublished\":\"2023-01-09T09:43:06+00:00\",\"dateModified\":\"2023-01-18T13:20:25+00:00\",\"breadcrumb\":{\"@id\":\"https:\\\/\\\/wecare4hair.com\\\/kappersmateriaal\\\/disposable-bakjes\\\/#breadcrumb\"},\"inLanguage\":\"fr-FR\",\"potentialAction\":[{\"@type\":\"ReadAction\",\"target\":[\"https:\\\/\\\/wecare4hair.com\\\/kappersmateriaal\\\/disposable-bakjes\\\/\"]}]},{\"@type\":\"ImageObject\",\"inLanguage\":\"fr-FR\",\"@id\":\"https:\\\/\\\/wecare4hair.com\\\/kappersmateriaal\\\/disposable-bakjes\\\/#primaryimage\",\"url\":\"https:\\\/\\\/wecare4hair.com\\\/wp-content\\\/uploads\\\/2022\\\/08\\\/Scrummi-220.jpg\",\"contentUrl\":\"https:\\\/\\\/wecare4hair.com\\\/wp-content\\\/uploads\\\/2022\\\/08\\\/Scrummi-220.jpg\"},{\"@type\":\"BreadcrumbList\",\"@id\":\"https:\\\/\\\/wecare4hair.com\\\/kappersmateriaal\\\/disposable-bakjes\\\/#breadcrumb\",\"itemListElement\":[{\"@type\":\"ListItem\",\"position\":1,\"name\":\"Home\",\"item\":\"https:\\\/\\\/wecare4hair.com\\\/\"},{\"@type\":\"ListItem\",\"position\":2,\"name\":\"Kappersmateriaal\",\"item\":\"https:\\\/\\\/wecare4hair.com\\\/kappersmateriaal\\\/\"},{\"@type\":\"ListItem\",\"position\":3,\"name\":\"Disposable bakjes\"}]},{\"@type\":\"WebSite\",\"@id\":\"https:\\\/\\\/wecare4hair.com\\\/#website\",\"url\":\"https:\\\/\\\/wecare4hair.com\\\/\",\"name\":\"WeCare4Hair\",\"description\":\"Kwalitatief hoogwaardig kappersmateriaal\",\"publisher\":{\"@id\":\"https:\\\/\\\/wecare4hair.com\\\/#organization\"},\"potentialAction\":[{\"@type\":\"SearchAction\",\"target\":{\"@type\":\"EntryPoint\",\"urlTemplate\":\"https:\\\/\\\/wecare4hair.com\\\/?s={search_term_string}\"},\"query-input\":{\"@type\":\"PropertyValueSpecification\",\"valueRequired\":true,\"valueName\":\"search_term_string\"}}],\"inLanguage\":\"fr-FR\"},{\"@type\":\"Organization\",\"@id\":\"https:\\\/\\\/wecare4hair.com\\\/#organization\",\"name\":\"WeCare4Hair\",\"url\":\"https:\\\/\\\/wecare4hair.com\\\/\",\"logo\":{\"@type\":\"ImageObject\",\"inLanguage\":\"fr-FR\",\"@id\":\"https:\\\/\\\/wecare4hair.com\\\/#\\\/schema\\\/logo\\\/image\\\/\",\"url\":\"https:\\\/\\\/wecare4hair.com\\\/wp-content\\\/uploads\\\/2023\\\/03\\\/Wecareforhairlogo.png\",\"contentUrl\":\"https:\\\/\\\/wecare4hair.com\\\/wp-content\\\/uploads\\\/2023\\\/03\\\/Wecareforhairlogo.png\",\"width\":614,\"height\":124,\"caption\":\"WeCare4Hair\"},\"image\":{\"@id\":\"https:\\\/\\\/wecare4hair.com\\\/#\\\/schema\\\/logo\\\/image\\\/\"},\"sameAs\":[\"https:\\\/\\\/www.facebook.com\\\/WeCare4Hair\",\"https:\\\/\\\/www.instagram.com\\\/we_care_4_hair\\\/\"]}]}<\/script>\n<!-- \/ Yoast SEO plugin. -->","yoast_head_json":{"title":"Plateaux jetables - WeCare4Hair","robots":{"index":"index","follow":"follow","max-snippet":"max-snippet:-1","max-image-preview":"max-image-preview:large","max-video-preview":"max-video-preview:-1"},"canonical":"https:\/\/wecare4hair.com\/fr\/materiel-de-coiffure\/plateaux-jetables\/","og_locale":"fr_FR","og_type":"article","og_title":"Disposable bakjes - WeCare4Hair","og_description":"TERUG NAAR HOME Ecologisch verantwoord Starterspakket met materiaal Bezorgen en afhalen Kies voor disposable bakjes Wist u dat onze disposable bakjes de perfecte manier zijn om duurzaam aan de slag te gaan als kapper? Bij WeCare4Hair willen we namelijk alleen het beste voor professionals \u00e9n de planeet. De handige disposable bakjes bestaan uit restproducten uit [&hellip;]","og_url":"https:\/\/wecare4hair.com\/fr\/materiel-de-coiffure\/plateaux-jetables\/","og_site_name":"WeCare4Hair","article_publisher":"https:\/\/www.facebook.com\/WeCare4Hair","article_modified_time":"2023-01-18T13:20:25+00:00","og_image":[{"url":"https:\/\/wecare4hair.com\/wp-content\/uploads\/2022\/08\/Scrummi-220.jpg","type":"","width":"","height":""}],"twitter_card":"summary_large_image","twitter_misc":{"Dur\u00e9e de lecture estim\u00e9e":"1 minute"},"schema":{"@context":"https:\/\/schema.org","@graph":[{"@type":"WebPage","@id":"https:\/\/wecare4hair.com\/kappersmateriaal\/disposable-bakjes\/","url":"https:\/\/wecare4hair.com\/kappersmateriaal\/disposable-bakjes\/","name":"Plateaux jetables - WeCare4Hair","isPartOf":{"@id":"https:\/\/wecare4hair.com\/#website"},"primaryImageOfPage":{"@id":"https:\/\/wecare4hair.com\/kappersmateriaal\/disposable-bakjes\/#primaryimage"},"image":{"@id":"https:\/\/wecare4hair.com\/kappersmateriaal\/disposable-bakjes\/#primaryimage"},"thumbnailUrl":"https:\/\/wecare4hair.com\/wp-content\/uploads\/2022\/08\/Scrummi-220.jpg","datePublished":"2023-01-09T09:43:06+00:00","dateModified":"2023-01-18T13:20:25+00:00","breadcrumb":{"@id":"https:\/\/wecare4hair.com\/kappersmateriaal\/disposable-bakjes\/#breadcrumb"},"inLanguage":"fr-FR","potentialAction":[{"@type":"ReadAction","target":["https:\/\/wecare4hair.com\/kappersmateriaal\/disposable-bakjes\/"]}]},{"@type":"ImageObject","inLanguage":"fr-FR","@id":"https:\/\/wecare4hair.com\/kappersmateriaal\/disposable-bakjes\/#primaryimage","url":"https:\/\/wecare4hair.com\/wp-content\/uploads\/2022\/08\/Scrummi-220.jpg","contentUrl":"https:\/\/wecare4hair.com\/wp-content\/uploads\/2022\/08\/Scrummi-220.jpg"},{"@type":"BreadcrumbList","@id":"https:\/\/wecare4hair.com\/kappersmateriaal\/disposable-bakjes\/#breadcrumb","itemListElement":[{"@type":"ListItem","position":1,"name":"Home","item":"https:\/\/wecare4hair.com\/"},{"@type":"ListItem","position":2,"name":"Kappersmateriaal","item":"https:\/\/wecare4hair.com\/kappersmateriaal\/"},{"@type":"ListItem","position":3,"name":"Disposable bakjes"}]},{"@type":"WebSite","@id":"https:\/\/wecare4hair.com\/#website","url":"https:\/\/wecare4hair.com\/","name":"WeCare4Hair","description":"Mat\u00e9riel de coiffure de haute qualit\u00e9","publisher":{"@id":"https:\/\/wecare4hair.com\/#organization"},"potentialAction":[{"@type":"SearchAction","target":{"@type":"EntryPoint","urlTemplate":"https:\/\/wecare4hair.com\/?s={search_term_string}"},"query-input":{"@type":"PropertyValueSpecification","valueRequired":true,"valueName":"search_term_string"}}],"inLanguage":"fr-FR"},{"@type":"Organization","@id":"https:\/\/wecare4hair.com\/#organization","name":"WeCare4Hair","url":"https:\/\/wecare4hair.com\/","logo":{"@type":"ImageObject","inLanguage":"fr-FR","@id":"https:\/\/wecare4hair.com\/#\/schema\/logo\/image\/","url":"https:\/\/wecare4hair.com\/wp-content\/uploads\/2023\/03\/Wecareforhairlogo.png","contentUrl":"https:\/\/wecare4hair.com\/wp-content\/uploads\/2023\/03\/Wecareforhairlogo.png","width":614,"height":124,"caption":"WeCare4Hair"},"image":{"@id":"https:\/\/wecare4hair.com\/#\/schema\/logo\/image\/"},"sameAs":["https:\/\/www.facebook.com\/WeCare4Hair","https:\/\/www.instagram.com\/we_care_4_hair\/"]}]}},"_links":{"self":[{"href":"https:\/\/wecare4hair.com\/fr\/wp-json\/wp\/v2\/pages\/2036","targetHints":{"allow":["GET"]}}],"collection":[{"href":"https:\/\/wecare4hair.com\/fr\/wp-json\/wp\/v2\/pages"}],"about":[{"href":"https:\/\/wecare4hair.com\/fr\/wp-json\/wp\/v2\/types\/page"}],"author":[{"embeddable":true,"href":"https:\/\/wecare4hair.com\/fr\/wp-json\/wp\/v2\/users\/1"}],"replies":[{"embeddable":true,"href":"https:\/\/wecare4hair.com\/fr\/wp-json\/wp\/v2\/comments?post=2036"}],"version-history":[{"count":0,"href":"https:\/\/wecare4hair.com\/fr\/wp-json\/wp\/v2\/pages\/2036\/revisions"}],"up":[{"embeddable":true,"href":"https:\/\/wecare4hair.com\/fr\/wp-json\/wp\/v2\/pages\/1960"}],"wp:attachment":[{"href":"https:\/\/wecare4hair.com\/fr\/wp-json\/wp\/v2\/media?parent=2036"}],"curies":[{"name":"wp","href":"https:\/\/api.w.org\/{rel}","templated":true}]}}