{"id":2008,"date":"2023-01-09T10:27:06","date_gmt":"2023-01-09T09:27:06","guid":{"rendered":"https:\/\/wecare4hair.com\/?page_id=2008"},"modified":"2023-01-18T14:19:36","modified_gmt":"2023-01-18T13:19:36","slug":"feuille-daluminium-pour-les-couleurs","status":"publish","type":"page","link":"https:\/\/wecare4hair.com\/fr\/kappersmateriaal\/aluminiumfolie-voor-kleuren\/","title":{"rendered":"Feuille d&#039;aluminium \u00e0 colorier"},"content":{"rendered":"<div data-elementor-type=\"wp-page\" data-elementor-id=\"2008\" class=\"elementor elementor-2008\" data-elementor-post-type=\"page\">\n\t\t\t\t\t\t<section class=\"elementor-section elementor-top-section elementor-element elementor-element-8318798 elementor-section-boxed elementor-section-height-default elementor-section-height-default\" data-id=\"8318798\" data-element_type=\"section\" data-e-type=\"section\">\n\t\t\t\t\t\t<div class=\"elementor-container elementor-column-gap-default\">\n\t\t\t\t\t<div class=\"elementor-column elementor-col-50 elementor-top-column elementor-element elementor-element-60e60a8\" data-id=\"60e60a8\" data-element_type=\"column\" data-e-type=\"column\">\n\t\t\t<div class=\"elementor-widget-wrap elementor-element-populated\">\n\t\t\t\t\t\t<div class=\"elementor-element elementor-element-d57af66 elementor-icon-list--layout-traditional elementor-list-item-link-full_width elementor-widget elementor-widget-icon-list\" data-id=\"d57af66\" data-element_type=\"widget\" data-e-type=\"widget\" data-widget_type=\"icon-list.default\">\n\t\t\t\t\t\t\t<ul class=\"elementor-icon-list-items\">\n\t\t\t\t\t\t\t<li class=\"elementor-icon-list-item\">\n\t\t\t\t\t\t\t\t\t\t\t<a href=\"https:\/\/wecare4hair.com\/fr\">\n\n\t\t\t\t\t\t\t\t\t\t\t\t<span class=\"elementor-icon-list-icon\">\n\t\t\t\t\t\t\t<i aria-hidden=\"true\" class=\"fas fa-long-arrow-alt-left\"><\/i>\t\t\t\t\t\t<\/span>\n\t\t\t\t\t\t\t\t\t\t<span class=\"elementor-icon-list-text\">RETOUR \u00c0 L'ACCUEIL<\/span>\n\t\t\t\t\t\t\t\t\t\t\t<\/a>\n\t\t\t\t\t\t\t\t\t<\/li>\n\t\t\t\t\t\t<\/ul>\n\t\t\t\t\t\t<\/div>\n\t\t\t\t<div class=\"elementor-element elementor-element-839c866 elementor-icon-list--layout-inline elementor-list-item-link-full_width elementor-widget elementor-widget-icon-list\" data-id=\"839c866\" data-element_type=\"widget\" data-e-type=\"widget\" data-widget_type=\"icon-list.default\">\n\t\t\t\t\t\t\t<ul class=\"elementor-icon-list-items elementor-inline-items\">\n\t\t\t\t\t\t\t<li class=\"elementor-icon-list-item elementor-inline-item\">\n\t\t\t\t\t\t\t\t\t\t\t<span class=\"elementor-icon-list-icon\">\n\t\t\t\t\t\t\t<i aria-hidden=\"true\" class=\"fas fa-check-square\"><\/i>\t\t\t\t\t\t<\/span>\n\t\t\t\t\t\t\t\t\t\t<span class=\"elementor-icon-list-text\"> Ecologiquement responsable<\/span>\n\t\t\t\t\t\t\t\t\t<\/li>\n\t\t\t\t\t\t\t\t<li class=\"elementor-icon-list-item elementor-inline-item\">\n\t\t\t\t\t\t\t\t\t\t\t<span class=\"elementor-icon-list-icon\">\n\t\t\t\t\t\t\t<i aria-hidden=\"true\" class=\"fas fa-check-square\"><\/i>\t\t\t\t\t\t<\/span>\n\t\t\t\t\t\t\t\t\t\t<span class=\"elementor-icon-list-text\">Pack de d\u00e9marrage avec mat\u00e9riel<\/span>\n\t\t\t\t\t\t\t\t\t<\/li>\n\t\t\t\t\t\t\t\t<li class=\"elementor-icon-list-item elementor-inline-item\">\n\t\t\t\t\t\t\t\t\t\t\t<span class=\"elementor-icon-list-icon\">\n\t\t\t\t\t\t\t<i aria-hidden=\"true\" class=\"fas fa-check-square\"><\/i>\t\t\t\t\t\t<\/span>\n\t\t\t\t\t\t\t\t\t\t<span class=\"elementor-icon-list-text\">Livraison et ramassage<\/span>\n\t\t\t\t\t\t\t\t\t<\/li>\n\t\t\t\t\t\t<\/ul>\n\t\t\t\t\t\t<\/div>\n\t\t\t\t<div class=\"elementor-element elementor-element-b9120bd elementor-widget elementor-widget-heading\" data-id=\"b9120bd\" data-element_type=\"widget\" data-e-type=\"widget\" data-widget_type=\"heading.default\">\n\t\t\t\t\t<h1 class=\"elementor-heading-title elementor-size-default\">Feuille d&#039;aluminium \u00e0 colorier<\/h1>\t\t\t\t<\/div>\n\t\t\t\t<div data-dce-text-color=\"#000000\" class=\"elementor-element elementor-element-cb9157e elementor-widget elementor-widget-text-editor\" data-id=\"cb9157e\" data-element_type=\"widget\" data-e-type=\"widget\" data-widget_type=\"text-editor.default\">\n\t\t\t\t\t\t\t\t\t<p>Le papier d&#039;aluminium \u00e0 colorier permet d&#039;appliquer facilement les techniques de peinture comme la cr\u00e9ation de rehauts par exemple. En raison de la haute qualit\u00e9 de notre film, il reste bien dans les cheveux et vous \u00e9vitez les fuites de produits.<\/p><p>Curieux de savoir ce que nous pouvons faire pour vous en tant que grossiste en coiffure ?<\/p>\t\t\t\t\t\t\t\t<\/div>\n\t\t\t\t<div data-dce-background-color=\"#000000\" class=\"elementor-element elementor-element-a123cba elementor-align-left elementor-widget elementor-widget-button\" data-id=\"a123cba\" data-element_type=\"widget\" data-e-type=\"widget\" data-widget_type=\"button.default\">\n\t\t\t\t\t\t\t\t\t\t<a class=\"elementor-button elementor-button-link elementor-size-sm\" href=\"https:\/\/wecare4hair.com\/fr\/des-produits\/\">\n\t\t\t\t\t\t<span class=\"elementor-button-content-wrapper\">\n\t\t\t\t\t\t\t\t\t<span class=\"elementor-button-text\">Voir nos produits<\/span>\n\t\t\t\t\t<\/span>\n\t\t\t\t\t<\/a>\n\t\t\t\t\t\t\t\t<\/div>\n\t\t\t\t<div class=\"elementor-element elementor-element-2e2d348 elementor-widget elementor-widget-heading\" data-id=\"2e2d348\" data-element_type=\"widget\" data-e-type=\"widget\" data-widget_type=\"heading.default\">\n\t\t\t\t\t<h2 class=\"elementor-heading-title elementor-size-default\">Vous recherchez une feuille d&#039;aluminium de couleur de haute qualit\u00e9 ?<\/h2>\t\t\t\t<\/div>\n\t\t\t\t<div data-dce-text-color=\"#000000\" class=\"elementor-element elementor-element-69a805c elementor-widget elementor-widget-text-editor\" data-id=\"69a805c\" data-element_type=\"widget\" data-e-type=\"widget\" data-widget_type=\"text-editor.default\">\n\t\t\t\t\t\t\t\t\t<p>Que vous soyez un professionnel ou que vous teigniez les cheveux en tant que particulier, la feuille d&#039;aluminium pour la coloration de WeCare4Hair vous facilite la t\u00e2che. Notre feuille d&#039;aluminium pour coiffeurs garantit un meilleur contact du produit de coloration avec les cheveux. De plus, le transfert de chaleur est plus rapide et meilleur, ce qui raccourcit le temps d&#039;exposition. Ceci est particuli\u00e8rement utile pour les produits qui doivent rester longtemps dans les cheveux. Vous l&#039;utilisez en enveloppant les m\u00e8ches de cheveux trait\u00e9es avec un morceau de papier d&#039;aluminium. En m\u00eame temps, cela prot\u00e8ge le reste des cheveux contre le produit. Qu&#039;il s&#039;agisse de hautes lumi\u00e8res, de basses lumi\u00e8res, de dip dye ou d&#039;autres techniques de peinture pour des effets larges et subtils, l&#039;effet reste optimal !<\/p>\t\t\t\t\t\t\t\t<\/div>\n\t\t\t\t<div class=\"elementor-element elementor-element-ae6455d elementor-widget elementor-widget-heading\" data-id=\"ae6455d\" data-element_type=\"widget\" data-e-type=\"widget\" data-widget_type=\"heading.default\">\n\t\t\t\t\t<h2 class=\"elementor-heading-title elementor-size-default\">Investissez dans une feuille d&#039;aluminium antid\u00e9rapante pour les couleurs de cheveux<\/h2>\t\t\t\t<\/div>\n\t\t\t\t<div data-dce-text-color=\"#000000\" class=\"elementor-element elementor-element-02cd778 elementor-widget elementor-widget-text-editor\" data-id=\"02cd778\" data-element_type=\"widget\" data-e-type=\"widget\" data-widget_type=\"text-editor.default\">\n\t\t\t\t\t\t\t\t\t<p>Notre feuille d&#039;aluminium antid\u00e9rapante pour les couleurs donne un contr\u00f4le optimal sur l&#039;application de la couleur. Par exemple, plusieurs couleurs ou techniques peuvent \u00eatre appliqu\u00e9es en m\u00eame temps. Notre film est robuste et r\u00e9sistant \u00e0 tous les liquides que vous utilisez en tant que coiffeur. Le film reste intact pendant le pliage et conserve parfaitement sa forme pendant le travail du produit.<\/p>\t\t\t\t\t\t\t\t<\/div>\n\t\t\t\t<div class=\"elementor-element elementor-element-b25723e elementor-widget elementor-widget-heading\" data-id=\"b25723e\" data-element_type=\"widget\" data-e-type=\"widget\" data-widget_type=\"heading.default\">\n\t\t\t\t\t<h2 class=\"elementor-heading-title elementor-size-default\">Commandez en ligne tout de suite<\/h2>\t\t\t\t<\/div>\n\t\t\t\t<div data-dce-text-color=\"#000000\" class=\"elementor-element elementor-element-6030c71 elementor-widget elementor-widget-text-editor\" data-id=\"6030c71\" data-element_type=\"widget\" data-e-type=\"widget\" data-widget_type=\"text-editor.default\">\n\t\t\t\t\t\t\t\t\t<p>Aimeriez-vous d\u00e9couvrir vous-m\u00eame les avantages de la feuille d&#039;aluminium pour la coloration des cheveux ? Passez votre commande dans notre boutique en ligne. Si vous avez des questions, veuillez contacter les employ\u00e9s de WeCare4Hair via\u00a0<a href=\"tel:0032468150723\">+32 468 150 723<\/a>, par\u00a0<a href=\"https:\/\/wecare4hair.com\/fr\/contact\/\">le formulaire de contact<\/a>\u00a0ou via\u00a0<a href=\"mailto:info@wecare4hair.com\">info@wecare4hair.com<\/a>. Nous sommes pr\u00eats avec les bons conseils sur notre\u00a0<a href=\"https:\/\/wecare4hair.com\/fr\/des-produits\/\">Nouveaux produits<\/a>.\u00a0<\/p>\t\t\t\t\t\t\t\t<\/div>\n\t\t\t\t<div data-dce-text-color=\"#000000\" class=\"elementor-element elementor-element-263d09c elementor-widget elementor-widget-text-editor\" data-id=\"263d09c\" data-element_type=\"widget\" data-e-type=\"widget\" data-widget_type=\"text-editor.default\">\n\t\t\t\t\t\t\t\t\t<p>D&#039;autres ont \u00e9galement consult\u00e9\u00a0: <a href=\"https:\/\/wecare4hair.com\/fr\/materiel-de-coiffure\/pommeau-de-douche-a-economie-deau-ecoheads\/\">Pommeau de douche \u00e0 \u00e9conomie d&#039;eau Ecohead<\/a><\/p>\t\t\t\t\t\t\t\t<\/div>\n\t\t\t\t\t<\/div>\n\t\t<\/div>\n\t\t\t\t<div class=\"elementor-column elementor-col-50 elementor-top-column elementor-element elementor-element-03a35f0\" data-id=\"03a35f0\" data-element_type=\"column\" data-e-type=\"column\">\n\t\t\t<div class=\"elementor-widget-wrap\">\n\t\t\t\t\t\t\t<\/div>\n\t\t<\/div>\n\t\t\t\t\t<\/div>\n\t\t<\/section>\n\t\t\t\t<section class=\"elementor-section elementor-top-section elementor-element elementor-element-451ac4a elementor-section-full_width elementor-section-height-default elementor-section-height-default\" data-id=\"451ac4a\" data-element_type=\"section\" data-e-type=\"section\">\n\t\t\t\t\t\t<div class=\"elementor-container elementor-column-gap-no\">\n\t\t\t\t\t<div class=\"elementor-column elementor-col-100 elementor-top-column elementor-element elementor-element-1ce1d0c\" data-id=\"1ce1d0c\" data-element_type=\"column\" data-e-type=\"column\">\n\t\t\t<div class=\"elementor-widget-wrap elementor-element-populated\">\n\t\t\t\t\t\t<div class=\"elementor-element elementor-element-4715843 elementor-widget elementor-widget-image-carousel\" data-id=\"4715843\" data-element_type=\"widget\" data-e-type=\"widget\" data-settings=\"{&quot;slides_to_show&quot;:&quot;4&quot;,&quot;slides_to_scroll&quot;:&quot;1&quot;,&quot;navigation&quot;:&quot;none&quot;,&quot;pause_on_hover&quot;:&quot;no&quot;,&quot;pause_on_interaction&quot;:&quot;no&quot;,&quot;autoplay_speed&quot;:0,&quot;speed&quot;:8000,&quot;autoplay&quot;:&quot;yes&quot;,&quot;infinite&quot;:&quot;yes&quot;,&quot;image_spacing_custom&quot;:{&quot;unit&quot;:&quot;px&quot;,&quot;size&quot;:20,&quot;sizes&quot;:[]},&quot;image_spacing_custom_tablet&quot;:{&quot;unit&quot;:&quot;px&quot;,&quot;size&quot;:&quot;&quot;,&quot;sizes&quot;:[]},&quot;image_spacing_custom_mobile&quot;:{&quot;unit&quot;:&quot;px&quot;,&quot;size&quot;:&quot;&quot;,&quot;sizes&quot;:[]}}\" data-widget_type=\"image-carousel.default\">\n\t\t\t\t\t\t\t<div class=\"elementor-image-carousel-wrapper swiper\" role=\"region\" aria-roledescription=\"carousel\" aria-label=\"Afbeelding carrousel\" dir=\"ltr\">\n\t\t\t<div class=\"elementor-image-carousel swiper-wrapper swiper-image-stretch\" aria-live=\"off\">\n\t\t\t\t\t\t\t\t<div class=\"swiper-slide\" role=\"group\" aria-roledescription=\"slide\" aria-label=\"1 van 4\"><figure class=\"swiper-slide-inner\"><img decoding=\"async\" class=\"swiper-slide-image\" src=\"https:\/\/wecare4hair.com\/wp-content\/uploads\/2022\/08\/Scrummi-220.jpg\" alt=\"Scrummi-220\" \/><\/figure><\/div><div class=\"swiper-slide\" role=\"group\" aria-roledescription=\"slide\" aria-label=\"2 van 4\"><figure class=\"swiper-slide-inner\"><img decoding=\"async\" class=\"swiper-slide-image\" src=\"https:\/\/wecare4hair.com\/wp-content\/uploads\/2022\/08\/Scrummi-217.jpg\" alt=\"m\u00eal\u00e9e-217\" \/><\/figure><\/div><div class=\"swiper-slide\" role=\"group\" aria-roledescription=\"slide\" aria-label=\"3 van 4\"><figure class=\"swiper-slide-inner\"><img decoding=\"async\" class=\"swiper-slide-image\" src=\"https:\/\/wecare4hair.com\/wp-content\/uploads\/2022\/08\/Scrummi-188.jpg\" alt=\"m\u00eal\u00e9e-188\" \/><\/figure><\/div><div class=\"swiper-slide\" role=\"group\" aria-roledescription=\"slide\" aria-label=\"4 van 4\"><figure class=\"swiper-slide-inner\"><img decoding=\"async\" class=\"swiper-slide-image\" src=\"https:\/\/wecare4hair.com\/wp-content\/uploads\/2022\/07\/Scrummi_stacking_photo-scaled.jpg\" alt=\"Scrummi_stacking_photo\" \/><\/figure><\/div>\t\t\t<\/div>\n\t\t\t\t\t\t\t\n\t\t\t\t\t\t\t\t\t<\/div>\n\t\t\t\t\t\t<\/div>\n\t\t\t\t\t<\/div>\n\t\t<\/div>\n\t\t\t\t\t<\/div>\n\t\t<\/section>\n\t\t\t\t<\/div>","protected":false},"excerpt":{"rendered":"<p>TERUG NAAR HOME Ecologisch verantwoord Starterspakket met materiaal Bezorgen en afhalen Aluminiumfolie voor kleuren Met aluminiumfolie voor kleuren kunt u eenvoudig verftechnieken toepassen, zoals het maken van highlights bijvoorbeeld. Door de hoge kwaliteit van onze folie blijft deze goed in het haar zitten en voorkomt u lekken van producten. Benieuwd wat we voor u kunnen [&hellip;]<\/p>\n","protected":false},"author":1,"featured_media":0,"parent":1960,"menu_order":0,"comment_status":"closed","ping_status":"closed","template":"elementor_header_footer","meta":{"_acf_changed":false,"footnotes":""},"class_list":["post-2008","page","type-page","status-publish","hentry"],"acf":[],"yoast_head":"<!-- This site is optimized with the Yoast SEO plugin v27.5 - https:\/\/yoast.com\/product\/yoast-seo-wordpress\/ -->\n<title>Aluminiumfolie voor kleuren - WeCare4Hair<\/title>\n<meta name=\"robots\" content=\"index, follow, max-snippet:-1, max-image-preview:large, max-video-preview:-1\" \/>\n<link rel=\"canonical\" href=\"https:\/\/wecare4hair.com\/fr\/materiel-de-coiffure\/feuille-daluminium-pour-les-couleurs\/\" \/>\n<meta property=\"og:locale\" content=\"fr_FR\" \/>\n<meta property=\"og:type\" content=\"article\" \/>\n<meta property=\"og:title\" content=\"Aluminiumfolie voor kleuren - WeCare4Hair\" \/>\n<meta property=\"og:description\" content=\"TERUG NAAR HOME Ecologisch verantwoord Starterspakket met materiaal Bezorgen en afhalen Aluminiumfolie voor kleuren Met aluminiumfolie voor kleuren kunt u eenvoudig verftechnieken toepassen, zoals het maken van highlights bijvoorbeeld. Door de hoge kwaliteit van onze folie blijft deze goed in het haar zitten en voorkomt u lekken van producten. Benieuwd wat we voor u kunnen [&hellip;]\" \/>\n<meta property=\"og:url\" content=\"https:\/\/wecare4hair.com\/fr\/materiel-de-coiffure\/feuille-daluminium-pour-les-couleurs\/\" \/>\n<meta property=\"og:site_name\" content=\"WeCare4Hair\" \/>\n<meta property=\"article:publisher\" content=\"https:\/\/www.facebook.com\/WeCare4Hair\" \/>\n<meta property=\"article:modified_time\" content=\"2023-01-18T13:19:36+00:00\" \/>\n<meta property=\"og:image\" content=\"https:\/\/wecare4hair.com\/wp-content\/uploads\/2022\/08\/Scrummi-220.jpg\" \/>\n<meta name=\"twitter:card\" content=\"summary_large_image\" \/>\n<meta name=\"twitter:label1\" content=\"Dur\u00e9e de lecture estim\u00e9e\" \/>\n\t<meta name=\"twitter:data1\" content=\"1 minute\" \/>\n<script type=\"application\/ld+json\" class=\"yoast-schema-graph\">{\"@context\":\"https:\\\/\\\/schema.org\",\"@graph\":[{\"@type\":\"WebPage\",\"@id\":\"https:\\\/\\\/wecare4hair.com\\\/kappersmateriaal\\\/aluminiumfolie-voor-kleuren\\\/\",\"url\":\"https:\\\/\\\/wecare4hair.com\\\/kappersmateriaal\\\/aluminiumfolie-voor-kleuren\\\/\",\"name\":\"Aluminiumfolie voor kleuren - WeCare4Hair\",\"isPartOf\":{\"@id\":\"https:\\\/\\\/wecare4hair.com\\\/#website\"},\"primaryImageOfPage\":{\"@id\":\"https:\\\/\\\/wecare4hair.com\\\/kappersmateriaal\\\/aluminiumfolie-voor-kleuren\\\/#primaryimage\"},\"image\":{\"@id\":\"https:\\\/\\\/wecare4hair.com\\\/kappersmateriaal\\\/aluminiumfolie-voor-kleuren\\\/#primaryimage\"},\"thumbnailUrl\":\"https:\\\/\\\/wecare4hair.com\\\/wp-content\\\/uploads\\\/2022\\\/08\\\/Scrummi-220.jpg\",\"datePublished\":\"2023-01-09T09:27:06+00:00\",\"dateModified\":\"2023-01-18T13:19:36+00:00\",\"breadcrumb\":{\"@id\":\"https:\\\/\\\/wecare4hair.com\\\/kappersmateriaal\\\/aluminiumfolie-voor-kleuren\\\/#breadcrumb\"},\"inLanguage\":\"fr-FR\",\"potentialAction\":[{\"@type\":\"ReadAction\",\"target\":[\"https:\\\/\\\/wecare4hair.com\\\/kappersmateriaal\\\/aluminiumfolie-voor-kleuren\\\/\"]}]},{\"@type\":\"ImageObject\",\"inLanguage\":\"fr-FR\",\"@id\":\"https:\\\/\\\/wecare4hair.com\\\/kappersmateriaal\\\/aluminiumfolie-voor-kleuren\\\/#primaryimage\",\"url\":\"https:\\\/\\\/wecare4hair.com\\\/wp-content\\\/uploads\\\/2022\\\/08\\\/Scrummi-220.jpg\",\"contentUrl\":\"https:\\\/\\\/wecare4hair.com\\\/wp-content\\\/uploads\\\/2022\\\/08\\\/Scrummi-220.jpg\"},{\"@type\":\"BreadcrumbList\",\"@id\":\"https:\\\/\\\/wecare4hair.com\\\/kappersmateriaal\\\/aluminiumfolie-voor-kleuren\\\/#breadcrumb\",\"itemListElement\":[{\"@type\":\"ListItem\",\"position\":1,\"name\":\"Home\",\"item\":\"https:\\\/\\\/wecare4hair.com\\\/\"},{\"@type\":\"ListItem\",\"position\":2,\"name\":\"Kappersmateriaal\",\"item\":\"https:\\\/\\\/wecare4hair.com\\\/kappersmateriaal\\\/\"},{\"@type\":\"ListItem\",\"position\":3,\"name\":\"Aluminiumfolie voor kleuren\"}]},{\"@type\":\"WebSite\",\"@id\":\"https:\\\/\\\/wecare4hair.com\\\/#website\",\"url\":\"https:\\\/\\\/wecare4hair.com\\\/\",\"name\":\"WeCare4Hair\",\"description\":\"Kwalitatief hoogwaardig kappersmateriaal\",\"publisher\":{\"@id\":\"https:\\\/\\\/wecare4hair.com\\\/#organization\"},\"potentialAction\":[{\"@type\":\"SearchAction\",\"target\":{\"@type\":\"EntryPoint\",\"urlTemplate\":\"https:\\\/\\\/wecare4hair.com\\\/?s={search_term_string}\"},\"query-input\":{\"@type\":\"PropertyValueSpecification\",\"valueRequired\":true,\"valueName\":\"search_term_string\"}}],\"inLanguage\":\"fr-FR\"},{\"@type\":\"Organization\",\"@id\":\"https:\\\/\\\/wecare4hair.com\\\/#organization\",\"name\":\"WeCare4Hair\",\"url\":\"https:\\\/\\\/wecare4hair.com\\\/\",\"logo\":{\"@type\":\"ImageObject\",\"inLanguage\":\"fr-FR\",\"@id\":\"https:\\\/\\\/wecare4hair.com\\\/#\\\/schema\\\/logo\\\/image\\\/\",\"url\":\"https:\\\/\\\/wecare4hair.com\\\/wp-content\\\/uploads\\\/2023\\\/03\\\/Wecareforhairlogo.png\",\"contentUrl\":\"https:\\\/\\\/wecare4hair.com\\\/wp-content\\\/uploads\\\/2023\\\/03\\\/Wecareforhairlogo.png\",\"width\":614,\"height\":124,\"caption\":\"WeCare4Hair\"},\"image\":{\"@id\":\"https:\\\/\\\/wecare4hair.com\\\/#\\\/schema\\\/logo\\\/image\\\/\"},\"sameAs\":[\"https:\\\/\\\/www.facebook.com\\\/WeCare4Hair\",\"https:\\\/\\\/www.instagram.com\\\/we_care_4_hair\\\/\"]}]}<\/script>\n<!-- \/ Yoast SEO plugin. -->","yoast_head_json":{"title":"Feuille d&#039;aluminium pour la coloration - WeCare4Hair","robots":{"index":"index","follow":"follow","max-snippet":"max-snippet:-1","max-image-preview":"max-image-preview:large","max-video-preview":"max-video-preview:-1"},"canonical":"https:\/\/wecare4hair.com\/fr\/materiel-de-coiffure\/feuille-daluminium-pour-les-couleurs\/","og_locale":"fr_FR","og_type":"article","og_title":"Aluminiumfolie voor kleuren - WeCare4Hair","og_description":"TERUG NAAR HOME Ecologisch verantwoord Starterspakket met materiaal Bezorgen en afhalen Aluminiumfolie voor kleuren Met aluminiumfolie voor kleuren kunt u eenvoudig verftechnieken toepassen, zoals het maken van highlights bijvoorbeeld. Door de hoge kwaliteit van onze folie blijft deze goed in het haar zitten en voorkomt u lekken van producten. Benieuwd wat we voor u kunnen [&hellip;]","og_url":"https:\/\/wecare4hair.com\/fr\/materiel-de-coiffure\/feuille-daluminium-pour-les-couleurs\/","og_site_name":"WeCare4Hair","article_publisher":"https:\/\/www.facebook.com\/WeCare4Hair","article_modified_time":"2023-01-18T13:19:36+00:00","og_image":[{"url":"https:\/\/wecare4hair.com\/wp-content\/uploads\/2022\/08\/Scrummi-220.jpg","type":"","width":"","height":""}],"twitter_card":"summary_large_image","twitter_misc":{"Dur\u00e9e de lecture estim\u00e9e":"1 minute"},"schema":{"@context":"https:\/\/schema.org","@graph":[{"@type":"WebPage","@id":"https:\/\/wecare4hair.com\/kappersmateriaal\/aluminiumfolie-voor-kleuren\/","url":"https:\/\/wecare4hair.com\/kappersmateriaal\/aluminiumfolie-voor-kleuren\/","name":"Feuille d&#039;aluminium pour la coloration - WeCare4Hair","isPartOf":{"@id":"https:\/\/wecare4hair.com\/#website"},"primaryImageOfPage":{"@id":"https:\/\/wecare4hair.com\/kappersmateriaal\/aluminiumfolie-voor-kleuren\/#primaryimage"},"image":{"@id":"https:\/\/wecare4hair.com\/kappersmateriaal\/aluminiumfolie-voor-kleuren\/#primaryimage"},"thumbnailUrl":"https:\/\/wecare4hair.com\/wp-content\/uploads\/2022\/08\/Scrummi-220.jpg","datePublished":"2023-01-09T09:27:06+00:00","dateModified":"2023-01-18T13:19:36+00:00","breadcrumb":{"@id":"https:\/\/wecare4hair.com\/kappersmateriaal\/aluminiumfolie-voor-kleuren\/#breadcrumb"},"inLanguage":"fr-FR","potentialAction":[{"@type":"ReadAction","target":["https:\/\/wecare4hair.com\/kappersmateriaal\/aluminiumfolie-voor-kleuren\/"]}]},{"@type":"ImageObject","inLanguage":"fr-FR","@id":"https:\/\/wecare4hair.com\/kappersmateriaal\/aluminiumfolie-voor-kleuren\/#primaryimage","url":"https:\/\/wecare4hair.com\/wp-content\/uploads\/2022\/08\/Scrummi-220.jpg","contentUrl":"https:\/\/wecare4hair.com\/wp-content\/uploads\/2022\/08\/Scrummi-220.jpg"},{"@type":"BreadcrumbList","@id":"https:\/\/wecare4hair.com\/kappersmateriaal\/aluminiumfolie-voor-kleuren\/#breadcrumb","itemListElement":[{"@type":"ListItem","position":1,"name":"Home","item":"https:\/\/wecare4hair.com\/"},{"@type":"ListItem","position":2,"name":"Kappersmateriaal","item":"https:\/\/wecare4hair.com\/kappersmateriaal\/"},{"@type":"ListItem","position":3,"name":"Aluminiumfolie voor kleuren"}]},{"@type":"WebSite","@id":"https:\/\/wecare4hair.com\/#website","url":"https:\/\/wecare4hair.com\/","name":"WeCare4Hair","description":"Mat\u00e9riel de coiffure de haute qualit\u00e9","publisher":{"@id":"https:\/\/wecare4hair.com\/#organization"},"potentialAction":[{"@type":"SearchAction","target":{"@type":"EntryPoint","urlTemplate":"https:\/\/wecare4hair.com\/?s={search_term_string}"},"query-input":{"@type":"PropertyValueSpecification","valueRequired":true,"valueName":"search_term_string"}}],"inLanguage":"fr-FR"},{"@type":"Organization","@id":"https:\/\/wecare4hair.com\/#organization","name":"WeCare4Hair","url":"https:\/\/wecare4hair.com\/","logo":{"@type":"ImageObject","inLanguage":"fr-FR","@id":"https:\/\/wecare4hair.com\/#\/schema\/logo\/image\/","url":"https:\/\/wecare4hair.com\/wp-content\/uploads\/2023\/03\/Wecareforhairlogo.png","contentUrl":"https:\/\/wecare4hair.com\/wp-content\/uploads\/2023\/03\/Wecareforhairlogo.png","width":614,"height":124,"caption":"WeCare4Hair"},"image":{"@id":"https:\/\/wecare4hair.com\/#\/schema\/logo\/image\/"},"sameAs":["https:\/\/www.facebook.com\/WeCare4Hair","https:\/\/www.instagram.com\/we_care_4_hair\/"]}]}},"_links":{"self":[{"href":"https:\/\/wecare4hair.com\/fr\/wp-json\/wp\/v2\/pages\/2008","targetHints":{"allow":["GET"]}}],"collection":[{"href":"https:\/\/wecare4hair.com\/fr\/wp-json\/wp\/v2\/pages"}],"about":[{"href":"https:\/\/wecare4hair.com\/fr\/wp-json\/wp\/v2\/types\/page"}],"author":[{"embeddable":true,"href":"https:\/\/wecare4hair.com\/fr\/wp-json\/wp\/v2\/users\/1"}],"replies":[{"embeddable":true,"href":"https:\/\/wecare4hair.com\/fr\/wp-json\/wp\/v2\/comments?post=2008"}],"version-history":[{"count":0,"href":"https:\/\/wecare4hair.com\/fr\/wp-json\/wp\/v2\/pages\/2008\/revisions"}],"up":[{"embeddable":true,"href":"https:\/\/wecare4hair.com\/fr\/wp-json\/wp\/v2\/pages\/1960"}],"wp:attachment":[{"href":"https:\/\/wecare4hair.com\/fr\/wp-json\/wp\/v2\/media?parent=2008"}],"curies":[{"name":"wp","href":"https:\/\/api.w.org\/{rel}","templated":true}]}}