{"id":1968,"date":"2023-01-09T10:14:45","date_gmt":"2023-01-09T09:14:45","guid":{"rendered":"https:\/\/wecare4hair.com\/?page_id=1968"},"modified":"2023-01-18T14:22:50","modified_gmt":"2023-01-18T13:22:50","slug":"acheter-des-capes-jetables","status":"publish","type":"page","link":"https:\/\/wecare4hair.com\/fr\/kappersmateriaal\/wegwerpkapmantels-kopen\/","title":{"rendered":"Acheter des capes jetables"},"content":{"rendered":"<div data-elementor-type=\"wp-page\" data-elementor-id=\"1968\" class=\"elementor elementor-1968\" data-elementor-post-type=\"page\">\n\t\t\t\t\t\t<section class=\"elementor-section elementor-top-section elementor-element elementor-element-ca3836d elementor-section-boxed elementor-section-height-default elementor-section-height-default\" data-id=\"ca3836d\" data-element_type=\"section\" data-e-type=\"section\">\n\t\t\t\t\t\t<div class=\"elementor-container elementor-column-gap-default\">\n\t\t\t\t\t<div class=\"elementor-column elementor-col-50 elementor-top-column elementor-element elementor-element-6cf9427\" data-id=\"6cf9427\" data-element_type=\"column\" data-e-type=\"column\">\n\t\t\t<div class=\"elementor-widget-wrap elementor-element-populated\">\n\t\t\t\t\t\t<div class=\"elementor-element elementor-element-b7089e2 elementor-icon-list--layout-traditional elementor-list-item-link-full_width elementor-widget elementor-widget-icon-list\" data-id=\"b7089e2\" data-element_type=\"widget\" data-e-type=\"widget\" data-widget_type=\"icon-list.default\">\n\t\t\t\t\t\t\t<ul class=\"elementor-icon-list-items\">\n\t\t\t\t\t\t\t<li class=\"elementor-icon-list-item\">\n\t\t\t\t\t\t\t\t\t\t\t<a href=\"https:\/\/wecare4hair.com\/fr\">\n\n\t\t\t\t\t\t\t\t\t\t\t\t<span class=\"elementor-icon-list-icon\">\n\t\t\t\t\t\t\t<i aria-hidden=\"true\" class=\"fas fa-long-arrow-alt-left\"><\/i>\t\t\t\t\t\t<\/span>\n\t\t\t\t\t\t\t\t\t\t<span class=\"elementor-icon-list-text\">RETOUR \u00c0 L'ACCUEIL<\/span>\n\t\t\t\t\t\t\t\t\t\t\t<\/a>\n\t\t\t\t\t\t\t\t\t<\/li>\n\t\t\t\t\t\t<\/ul>\n\t\t\t\t\t\t<\/div>\n\t\t\t\t<div class=\"elementor-element elementor-element-0bd457a elementor-icon-list--layout-inline elementor-list-item-link-full_width elementor-widget elementor-widget-icon-list\" data-id=\"0bd457a\" data-element_type=\"widget\" data-e-type=\"widget\" data-widget_type=\"icon-list.default\">\n\t\t\t\t\t\t\t<ul class=\"elementor-icon-list-items elementor-inline-items\">\n\t\t\t\t\t\t\t<li class=\"elementor-icon-list-item elementor-inline-item\">\n\t\t\t\t\t\t\t\t\t\t\t<span class=\"elementor-icon-list-icon\">\n\t\t\t\t\t\t\t<i aria-hidden=\"true\" class=\"fas fa-check-square\"><\/i>\t\t\t\t\t\t<\/span>\n\t\t\t\t\t\t\t\t\t\t<span class=\"elementor-icon-list-text\"> Ecologiquement responsable<\/span>\n\t\t\t\t\t\t\t\t\t<\/li>\n\t\t\t\t\t\t\t\t<li class=\"elementor-icon-list-item elementor-inline-item\">\n\t\t\t\t\t\t\t\t\t\t\t<span class=\"elementor-icon-list-icon\">\n\t\t\t\t\t\t\t<i aria-hidden=\"true\" class=\"fas fa-check-square\"><\/i>\t\t\t\t\t\t<\/span>\n\t\t\t\t\t\t\t\t\t\t<span class=\"elementor-icon-list-text\">Pack de d\u00e9marrage avec mat\u00e9riel<\/span>\n\t\t\t\t\t\t\t\t\t<\/li>\n\t\t\t\t\t\t\t\t<li class=\"elementor-icon-list-item elementor-inline-item\">\n\t\t\t\t\t\t\t\t\t\t\t<span class=\"elementor-icon-list-icon\">\n\t\t\t\t\t\t\t<i aria-hidden=\"true\" class=\"fas fa-check-square\"><\/i>\t\t\t\t\t\t<\/span>\n\t\t\t\t\t\t\t\t\t\t<span class=\"elementor-icon-list-text\">Livraison et ramassage<\/span>\n\t\t\t\t\t\t\t\t\t<\/li>\n\t\t\t\t\t\t<\/ul>\n\t\t\t\t\t\t<\/div>\n\t\t\t\t<div class=\"elementor-element elementor-element-362ab91 elementor-widget elementor-widget-heading\" data-id=\"362ab91\" data-element_type=\"widget\" data-e-type=\"widget\" data-widget_type=\"heading.default\">\n\t\t\t\t\t<h1 class=\"elementor-heading-title elementor-size-default\">Acheter des capes jetables<\/h1>\t\t\t\t<\/div>\n\t\t\t\t<div data-dce-text-color=\"#000000\" class=\"elementor-element elementor-element-0dabfe6 elementor-widget elementor-widget-text-editor\" data-id=\"0dabfe6\" data-element_type=\"widget\" data-e-type=\"widget\" data-widget_type=\"text-editor.default\">\n\t\t\t\t\t\t\t\t\t<p>Vous souhaitez acheter des capes de coiffure jetables en tant que coiffeur durable ? Alors vous pouvez nous contacter pour les manteaux biod\u00e9gradables 100% ; nos Capes Bio. Ceux-ci sont fabriqu\u00e9s \u00e0 partir d&#039;une ressource naturelle et renouvelable. En plus des produits capillaires \u00e9cologiques et des appareils durables, vous pouvez rendre votre entreprise encore plus durable.<\/p><p>Curieux de savoir ce que nous pouvons faire pour vous en tant que grossiste en coiffure ?<\/p>\t\t\t\t\t\t\t\t<\/div>\n\t\t\t\t<div data-dce-background-color=\"#000000\" class=\"elementor-element elementor-element-5ded93d elementor-align-left elementor-widget elementor-widget-button\" data-id=\"5ded93d\" data-element_type=\"widget\" data-e-type=\"widget\" data-widget_type=\"button.default\">\n\t\t\t\t\t\t\t\t\t\t<a class=\"elementor-button elementor-button-link elementor-size-sm\" href=\"https:\/\/wecare4hair.com\/fr\/des-produits\/\">\n\t\t\t\t\t\t<span class=\"elementor-button-content-wrapper\">\n\t\t\t\t\t\t\t\t\t<span class=\"elementor-button-text\">Voir nos produits<\/span>\n\t\t\t\t\t<\/span>\n\t\t\t\t\t<\/a>\n\t\t\t\t\t\t\t\t<\/div>\n\t\t\t\t<div class=\"elementor-element elementor-element-fb30739 elementor-widget elementor-widget-heading\" data-id=\"fb30739\" data-element_type=\"widget\" data-e-type=\"widget\" data-widget_type=\"heading.default\">\n\t\t\t\t\t<h2 class=\"elementor-heading-title elementor-size-default\">Acheter des manteaux \u00e0 capuche jetables : faites un choix durable<\/h2>\t\t\t\t<\/div>\n\t\t\t\t<div data-dce-text-color=\"#000000\" class=\"elementor-element elementor-element-607d3f4 elementor-widget elementor-widget-text-editor\" data-id=\"607d3f4\" data-element_type=\"widget\" data-e-type=\"widget\" data-widget_type=\"text-editor.default\">\n\t\t\t\t\t\t\t\t\t<p>Les capes enti\u00e8rement d\u00e9gradables et biosourc\u00e9es de WeCare4Hair sont id\u00e9ales pour une utilisation pour la coupe, mais aussi pour un traitement de peinture, par exemple. Ils offrent une alternative \u00e9cologique aux capes en plastique ordinaires. Les manteaux \u00e0 capuche jetables que vous pouvez acheter chez nous sont enti\u00e8rement compostables et certifi\u00e9s EN13432. Parce qu&#039;ils sont utilis\u00e9s une seule fois, vous r\u00e9duisez votre consommation d&#039;eau et vous travaillez de mani\u00e8re encore plus hygi\u00e9nique. En achetant vos capes de coiffure jetables chez WeCare4Hair, vous b\u00e9n\u00e9ficiez des avantages suivants :<\/p><ul><li>Facile \u00e0 utiliser<\/li><li>Hygi\u00e8ne suppl\u00e9mentaire pour le coiffeur et le client<\/li><li>Capes solides et l\u00e9g\u00e8res dans une taille universelle<\/li><li>Vous n&#039;avez plus besoin de laver vos capes, vous pouvez donc travailler plus efficacement<\/li><li>Acheter des manteaux \u00e0 capuche jetables est une solution \u00e9cologique et tourn\u00e9e vers l&#039;avenir<\/li><\/ul>\t\t\t\t\t\t\t\t<\/div>\n\t\t\t\t<div class=\"elementor-element elementor-element-f3a4fa6 elementor-widget elementor-widget-heading\" data-id=\"f3a4fa6\" data-element_type=\"widget\" data-e-type=\"widget\" data-widget_type=\"heading.default\">\n\t\t\t\t\t<h2 class=\"elementor-heading-title elementor-size-default\">Commandez votre mat\u00e9riel en ligne<\/h2>\t\t\t\t<\/div>\n\t\t\t\t<div data-dce-text-color=\"#000000\" class=\"elementor-element elementor-element-8e7079d elementor-widget elementor-widget-text-editor\" data-id=\"8e7079d\" data-element_type=\"widget\" data-e-type=\"widget\" data-widget_type=\"text-editor.default\">\n\t\t\t\t\t\t\t\t\t<p>Vous pouvez acheter vos capes jetables durables dans notre boutique en ligne. Nos capes \u00e0 capuche Bio Capes sont de haute qualit\u00e9 et adapt\u00e9es \u00e0 toutes vos activit\u00e9s de coiffure. L\u00e9ger, robuste et hydrofuge, ce qui le rend id\u00e9al pour votre salon occup\u00e9. Commandez votre mat\u00e9riel de coiffure\u00a0<a href=\"https:\/\/wecare4hair.com\/fr\/privacy\/\">en ligne en toute s\u00e9curit\u00e9<\/a>. Nous sommes joignables via\u00a0<a href=\"tel:0032468150723\">+32 468 150 723<\/a>, via le formulaire de contact ou via\u00a0<a href=\"mailto:info@wecare4hair.com\">info@wecare4hair.com<\/a>. Nous sommes heureux de fournir \u00e0 votre salon de coiffure ces produits et d&#039;autres produits durables.\u00a0<\/p>\t\t\t\t\t\t\t\t<\/div>\n\t\t\t\t<div data-dce-text-color=\"#000000\" class=\"elementor-element elementor-element-e604cdc elementor-widget elementor-widget-text-editor\" data-id=\"e604cdc\" data-element_type=\"widget\" data-e-type=\"widget\" data-widget_type=\"text-editor.default\">\n\t\t\t\t\t\t\t\t\t<p>D&#039;autres ont \u00e9galement consult\u00e9\u00a0: <a href=\"https:\/\/wecare4hair.com\/fr\/materiel-de-coiffure\/pots-colorations-cheveux-jetables\/\">Pots de couleur de cheveux jetables<\/a> &#8211; <a href=\"https:\/\/wecare4hair.com\/fr\/materiel-de-coiffure\/pommeau-de-douche-a-economie-deau-ecoheads\/\">Pommeau de douche \u00e0 \u00e9conomie d&#039;eau Ecohead<\/a><\/p>\t\t\t\t\t\t\t\t<\/div>\n\t\t\t\t\t<\/div>\n\t\t<\/div>\n\t\t\t\t<div class=\"elementor-column elementor-col-50 elementor-top-column elementor-element elementor-element-c8c9d2f\" data-id=\"c8c9d2f\" data-element_type=\"column\" data-e-type=\"column\">\n\t\t\t<div class=\"elementor-widget-wrap\">\n\t\t\t\t\t\t\t<\/div>\n\t\t<\/div>\n\t\t\t\t\t<\/div>\n\t\t<\/section>\n\t\t\t\t<section class=\"elementor-section elementor-top-section elementor-element elementor-element-60cf5f7 elementor-section-full_width elementor-section-height-default elementor-section-height-default\" data-id=\"60cf5f7\" data-element_type=\"section\" data-e-type=\"section\">\n\t\t\t\t\t\t<div class=\"elementor-container elementor-column-gap-no\">\n\t\t\t\t\t<div class=\"elementor-column elementor-col-100 elementor-top-column elementor-element elementor-element-a1ac284\" data-id=\"a1ac284\" data-element_type=\"column\" data-e-type=\"column\">\n\t\t\t<div class=\"elementor-widget-wrap elementor-element-populated\">\n\t\t\t\t\t\t<div class=\"elementor-element elementor-element-6149374 elementor-widget elementor-widget-image-carousel\" data-id=\"6149374\" data-element_type=\"widget\" data-e-type=\"widget\" data-settings=\"{&quot;slides_to_show&quot;:&quot;4&quot;,&quot;slides_to_scroll&quot;:&quot;1&quot;,&quot;navigation&quot;:&quot;none&quot;,&quot;pause_on_hover&quot;:&quot;no&quot;,&quot;pause_on_interaction&quot;:&quot;no&quot;,&quot;autoplay_speed&quot;:0,&quot;speed&quot;:8000,&quot;autoplay&quot;:&quot;yes&quot;,&quot;infinite&quot;:&quot;yes&quot;,&quot;image_spacing_custom&quot;:{&quot;unit&quot;:&quot;px&quot;,&quot;size&quot;:20,&quot;sizes&quot;:[]},&quot;image_spacing_custom_tablet&quot;:{&quot;unit&quot;:&quot;px&quot;,&quot;size&quot;:&quot;&quot;,&quot;sizes&quot;:[]},&quot;image_spacing_custom_mobile&quot;:{&quot;unit&quot;:&quot;px&quot;,&quot;size&quot;:&quot;&quot;,&quot;sizes&quot;:[]}}\" data-widget_type=\"image-carousel.default\">\n\t\t\t\t\t\t\t<div class=\"elementor-image-carousel-wrapper swiper\" role=\"region\" aria-roledescription=\"carousel\" aria-label=\"Carrousel d\u2019images\" dir=\"ltr\">\n\t\t\t<div class=\"elementor-image-carousel swiper-wrapper swiper-image-stretch\" aria-live=\"off\">\n\t\t\t\t\t\t\t\t<div class=\"swiper-slide\" role=\"group\" aria-roledescription=\"slide\" aria-label=\"1 \u00e0 4\"><figure class=\"swiper-slide-inner\"><img decoding=\"async\" class=\"swiper-slide-image\" src=\"https:\/\/wecare4hair.com\/wp-content\/uploads\/2022\/08\/Scrummi-220.jpg\" alt=\"Scrummi-220\" \/><\/figure><\/div><div class=\"swiper-slide\" role=\"group\" aria-roledescription=\"slide\" aria-label=\"2 sur 4\"><figure class=\"swiper-slide-inner\"><img decoding=\"async\" class=\"swiper-slide-image\" src=\"https:\/\/wecare4hair.com\/wp-content\/uploads\/2022\/08\/Scrummi-217.jpg\" alt=\"m\u00eal\u00e9e-217\" \/><\/figure><\/div><div class=\"swiper-slide\" role=\"group\" aria-roledescription=\"slide\" aria-label=\"3 sur 4\"><figure class=\"swiper-slide-inner\"><img decoding=\"async\" class=\"swiper-slide-image\" src=\"https:\/\/wecare4hair.com\/wp-content\/uploads\/2022\/08\/Scrummi-188.jpg\" alt=\"m\u00eal\u00e9e-188\" \/><\/figure><\/div><div class=\"swiper-slide\" role=\"group\" aria-roledescription=\"slide\" aria-label=\"4 sur 4\"><figure class=\"swiper-slide-inner\"><img decoding=\"async\" class=\"swiper-slide-image\" src=\"https:\/\/wecare4hair.com\/wp-content\/uploads\/2022\/07\/Scrummi_stacking_photo-scaled.jpg\" alt=\"Scrummi_stacking_photo\" \/><\/figure><\/div>\t\t\t<\/div>\n\t\t\t\t\t\t\t\n\t\t\t\t\t\t\t\t\t<\/div>\n\t\t\t\t\t\t<\/div>\n\t\t\t\t\t<\/div>\n\t\t<\/div>\n\t\t\t\t\t<\/div>\n\t\t<\/section>\n\t\t\t\t<\/div>","protected":false},"excerpt":{"rendered":"<p>TERUG NAAR HOME Ecologisch verantwoord Starterspakket met materiaal Bezorgen en afhalen Wegwerpkapmantels kopen Wilt u als duurzame kapper wegwerpkapmantels kopen? Dan kunt u bij ons terecht voor 100% biologisch afbreekbare mantels; onze Bio Capes. Deze worden gemaakt van een natuurlijke, hernieuwbare bron. Zo kunt u naast ecologische haarproducten en duurzame apparaten uw bedrijf nog verder [&hellip;]<\/p>\n","protected":false},"author":1,"featured_media":0,"parent":1960,"menu_order":0,"comment_status":"closed","ping_status":"closed","template":"elementor_header_footer","meta":{"_acf_changed":false,"footnotes":""},"class_list":["post-1968","page","type-page","status-publish","hentry"],"acf":[],"yoast_head":"<!-- This site is optimized with the Yoast SEO plugin v27.4 - https:\/\/yoast.com\/product\/yoast-seo-wordpress\/ -->\n<title>Wegwerpkapmantels kopen - WeCare4Hair<\/title>\n<meta name=\"robots\" content=\"index, follow, max-snippet:-1, max-image-preview:large, max-video-preview:-1\" \/>\n<link rel=\"canonical\" href=\"https:\/\/wecare4hair.com\/fr\/materiel-de-coiffure\/acheter-des-capes-jetables\/\" \/>\n<meta property=\"og:locale\" content=\"fr_FR\" \/>\n<meta property=\"og:type\" content=\"article\" \/>\n<meta property=\"og:title\" content=\"Wegwerpkapmantels kopen - WeCare4Hair\" \/>\n<meta property=\"og:description\" content=\"TERUG NAAR HOME Ecologisch verantwoord Starterspakket met materiaal Bezorgen en afhalen Wegwerpkapmantels kopen Wilt u als duurzame kapper wegwerpkapmantels kopen? Dan kunt u bij ons terecht voor 100% biologisch afbreekbare mantels; onze Bio Capes. Deze worden gemaakt van een natuurlijke, hernieuwbare bron. Zo kunt u naast ecologische haarproducten en duurzame apparaten uw bedrijf nog verder [&hellip;]\" \/>\n<meta property=\"og:url\" content=\"https:\/\/wecare4hair.com\/fr\/materiel-de-coiffure\/acheter-des-capes-jetables\/\" \/>\n<meta property=\"og:site_name\" content=\"WeCare4Hair\" \/>\n<meta property=\"article:publisher\" content=\"https:\/\/www.facebook.com\/WeCare4Hair\" \/>\n<meta property=\"article:modified_time\" content=\"2023-01-18T13:22:50+00:00\" \/>\n<meta property=\"og:image\" content=\"https:\/\/wecare4hair.com\/wp-content\/uploads\/2022\/08\/Scrummi-220.jpg\" \/>\n<meta name=\"twitter:card\" content=\"summary_large_image\" \/>\n<meta name=\"twitter:label1\" content=\"Dur\u00e9e de lecture estim\u00e9e\" \/>\n\t<meta name=\"twitter:data1\" content=\"1 minute\" \/>\n<script type=\"application\/ld+json\" class=\"yoast-schema-graph\">{\"@context\":\"https:\\\/\\\/schema.org\",\"@graph\":[{\"@type\":\"WebPage\",\"@id\":\"https:\\\/\\\/wecare4hair.com\\\/kappersmateriaal\\\/wegwerpkapmantels-kopen\\\/\",\"url\":\"https:\\\/\\\/wecare4hair.com\\\/kappersmateriaal\\\/wegwerpkapmantels-kopen\\\/\",\"name\":\"Wegwerpkapmantels kopen - WeCare4Hair\",\"isPartOf\":{\"@id\":\"https:\\\/\\\/wecare4hair.com\\\/#website\"},\"primaryImageOfPage\":{\"@id\":\"https:\\\/\\\/wecare4hair.com\\\/kappersmateriaal\\\/wegwerpkapmantels-kopen\\\/#primaryimage\"},\"image\":{\"@id\":\"https:\\\/\\\/wecare4hair.com\\\/kappersmateriaal\\\/wegwerpkapmantels-kopen\\\/#primaryimage\"},\"thumbnailUrl\":\"https:\\\/\\\/wecare4hair.com\\\/wp-content\\\/uploads\\\/2022\\\/08\\\/Scrummi-220.jpg\",\"datePublished\":\"2023-01-09T09:14:45+00:00\",\"dateModified\":\"2023-01-18T13:22:50+00:00\",\"breadcrumb\":{\"@id\":\"https:\\\/\\\/wecare4hair.com\\\/kappersmateriaal\\\/wegwerpkapmantels-kopen\\\/#breadcrumb\"},\"inLanguage\":\"fr-FR\",\"potentialAction\":[{\"@type\":\"ReadAction\",\"target\":[\"https:\\\/\\\/wecare4hair.com\\\/kappersmateriaal\\\/wegwerpkapmantels-kopen\\\/\"]}]},{\"@type\":\"ImageObject\",\"inLanguage\":\"fr-FR\",\"@id\":\"https:\\\/\\\/wecare4hair.com\\\/kappersmateriaal\\\/wegwerpkapmantels-kopen\\\/#primaryimage\",\"url\":\"https:\\\/\\\/wecare4hair.com\\\/wp-content\\\/uploads\\\/2022\\\/08\\\/Scrummi-220.jpg\",\"contentUrl\":\"https:\\\/\\\/wecare4hair.com\\\/wp-content\\\/uploads\\\/2022\\\/08\\\/Scrummi-220.jpg\"},{\"@type\":\"BreadcrumbList\",\"@id\":\"https:\\\/\\\/wecare4hair.com\\\/kappersmateriaal\\\/wegwerpkapmantels-kopen\\\/#breadcrumb\",\"itemListElement\":[{\"@type\":\"ListItem\",\"position\":1,\"name\":\"Home\",\"item\":\"https:\\\/\\\/wecare4hair.com\\\/\"},{\"@type\":\"ListItem\",\"position\":2,\"name\":\"Kappersmateriaal\",\"item\":\"https:\\\/\\\/wecare4hair.com\\\/kappersmateriaal\\\/\"},{\"@type\":\"ListItem\",\"position\":3,\"name\":\"Wegwerpkapmantels kopen\"}]},{\"@type\":\"WebSite\",\"@id\":\"https:\\\/\\\/wecare4hair.com\\\/#website\",\"url\":\"https:\\\/\\\/wecare4hair.com\\\/\",\"name\":\"WeCare4Hair\",\"description\":\"Kwalitatief hoogwaardig kappersmateriaal\",\"publisher\":{\"@id\":\"https:\\\/\\\/wecare4hair.com\\\/#organization\"},\"potentialAction\":[{\"@type\":\"SearchAction\",\"target\":{\"@type\":\"EntryPoint\",\"urlTemplate\":\"https:\\\/\\\/wecare4hair.com\\\/?s={search_term_string}\"},\"query-input\":{\"@type\":\"PropertyValueSpecification\",\"valueRequired\":true,\"valueName\":\"search_term_string\"}}],\"inLanguage\":\"fr-FR\"},{\"@type\":\"Organization\",\"@id\":\"https:\\\/\\\/wecare4hair.com\\\/#organization\",\"name\":\"WeCare4Hair\",\"url\":\"https:\\\/\\\/wecare4hair.com\\\/\",\"logo\":{\"@type\":\"ImageObject\",\"inLanguage\":\"fr-FR\",\"@id\":\"https:\\\/\\\/wecare4hair.com\\\/#\\\/schema\\\/logo\\\/image\\\/\",\"url\":\"https:\\\/\\\/wecare4hair.com\\\/wp-content\\\/uploads\\\/2023\\\/03\\\/Wecareforhairlogo.png\",\"contentUrl\":\"https:\\\/\\\/wecare4hair.com\\\/wp-content\\\/uploads\\\/2023\\\/03\\\/Wecareforhairlogo.png\",\"width\":614,\"height\":124,\"caption\":\"WeCare4Hair\"},\"image\":{\"@id\":\"https:\\\/\\\/wecare4hair.com\\\/#\\\/schema\\\/logo\\\/image\\\/\"},\"sameAs\":[\"https:\\\/\\\/www.facebook.com\\\/WeCare4Hair\",\"https:\\\/\\\/www.instagram.com\\\/we_care_4_hair\\\/\"]}]}<\/script>\n<!-- \/ Yoast SEO plugin. -->","yoast_head_json":{"title":"Acheter des capes jetables - WeCare4Hair","robots":{"index":"index","follow":"follow","max-snippet":"max-snippet:-1","max-image-preview":"max-image-preview:large","max-video-preview":"max-video-preview:-1"},"canonical":"https:\/\/wecare4hair.com\/fr\/materiel-de-coiffure\/acheter-des-capes-jetables\/","og_locale":"fr_FR","og_type":"article","og_title":"Wegwerpkapmantels kopen - WeCare4Hair","og_description":"TERUG NAAR HOME Ecologisch verantwoord Starterspakket met materiaal Bezorgen en afhalen Wegwerpkapmantels kopen Wilt u als duurzame kapper wegwerpkapmantels kopen? Dan kunt u bij ons terecht voor 100% biologisch afbreekbare mantels; onze Bio Capes. Deze worden gemaakt van een natuurlijke, hernieuwbare bron. Zo kunt u naast ecologische haarproducten en duurzame apparaten uw bedrijf nog verder [&hellip;]","og_url":"https:\/\/wecare4hair.com\/fr\/materiel-de-coiffure\/acheter-des-capes-jetables\/","og_site_name":"WeCare4Hair","article_publisher":"https:\/\/www.facebook.com\/WeCare4Hair","article_modified_time":"2023-01-18T13:22:50+00:00","og_image":[{"url":"https:\/\/wecare4hair.com\/wp-content\/uploads\/2022\/08\/Scrummi-220.jpg","type":"","width":"","height":""}],"twitter_card":"summary_large_image","twitter_misc":{"Dur\u00e9e de lecture estim\u00e9e":"1 minute"},"schema":{"@context":"https:\/\/schema.org","@graph":[{"@type":"WebPage","@id":"https:\/\/wecare4hair.com\/kappersmateriaal\/wegwerpkapmantels-kopen\/","url":"https:\/\/wecare4hair.com\/kappersmateriaal\/wegwerpkapmantels-kopen\/","name":"Acheter des capes jetables - WeCare4Hair","isPartOf":{"@id":"https:\/\/wecare4hair.com\/#website"},"primaryImageOfPage":{"@id":"https:\/\/wecare4hair.com\/kappersmateriaal\/wegwerpkapmantels-kopen\/#primaryimage"},"image":{"@id":"https:\/\/wecare4hair.com\/kappersmateriaal\/wegwerpkapmantels-kopen\/#primaryimage"},"thumbnailUrl":"https:\/\/wecare4hair.com\/wp-content\/uploads\/2022\/08\/Scrummi-220.jpg","datePublished":"2023-01-09T09:14:45+00:00","dateModified":"2023-01-18T13:22:50+00:00","breadcrumb":{"@id":"https:\/\/wecare4hair.com\/kappersmateriaal\/wegwerpkapmantels-kopen\/#breadcrumb"},"inLanguage":"fr-FR","potentialAction":[{"@type":"ReadAction","target":["https:\/\/wecare4hair.com\/kappersmateriaal\/wegwerpkapmantels-kopen\/"]}]},{"@type":"ImageObject","inLanguage":"fr-FR","@id":"https:\/\/wecare4hair.com\/kappersmateriaal\/wegwerpkapmantels-kopen\/#primaryimage","url":"https:\/\/wecare4hair.com\/wp-content\/uploads\/2022\/08\/Scrummi-220.jpg","contentUrl":"https:\/\/wecare4hair.com\/wp-content\/uploads\/2022\/08\/Scrummi-220.jpg"},{"@type":"BreadcrumbList","@id":"https:\/\/wecare4hair.com\/kappersmateriaal\/wegwerpkapmantels-kopen\/#breadcrumb","itemListElement":[{"@type":"ListItem","position":1,"name":"Home","item":"https:\/\/wecare4hair.com\/"},{"@type":"ListItem","position":2,"name":"Kappersmateriaal","item":"https:\/\/wecare4hair.com\/kappersmateriaal\/"},{"@type":"ListItem","position":3,"name":"Wegwerpkapmantels kopen"}]},{"@type":"WebSite","@id":"https:\/\/wecare4hair.com\/#website","url":"https:\/\/wecare4hair.com\/","name":"WeCare4Hair","description":"Mat\u00e9riel de coiffure de haute qualit\u00e9","publisher":{"@id":"https:\/\/wecare4hair.com\/#organization"},"potentialAction":[{"@type":"SearchAction","target":{"@type":"EntryPoint","urlTemplate":"https:\/\/wecare4hair.com\/?s={search_term_string}"},"query-input":{"@type":"PropertyValueSpecification","valueRequired":true,"valueName":"search_term_string"}}],"inLanguage":"fr-FR"},{"@type":"Organization","@id":"https:\/\/wecare4hair.com\/#organization","name":"WeCare4Hair","url":"https:\/\/wecare4hair.com\/","logo":{"@type":"ImageObject","inLanguage":"fr-FR","@id":"https:\/\/wecare4hair.com\/#\/schema\/logo\/image\/","url":"https:\/\/wecare4hair.com\/wp-content\/uploads\/2023\/03\/Wecareforhairlogo.png","contentUrl":"https:\/\/wecare4hair.com\/wp-content\/uploads\/2023\/03\/Wecareforhairlogo.png","width":614,"height":124,"caption":"WeCare4Hair"},"image":{"@id":"https:\/\/wecare4hair.com\/#\/schema\/logo\/image\/"},"sameAs":["https:\/\/www.facebook.com\/WeCare4Hair","https:\/\/www.instagram.com\/we_care_4_hair\/"]}]}},"_links":{"self":[{"href":"https:\/\/wecare4hair.com\/fr\/wp-json\/wp\/v2\/pages\/1968","targetHints":{"allow":["GET"]}}],"collection":[{"href":"https:\/\/wecare4hair.com\/fr\/wp-json\/wp\/v2\/pages"}],"about":[{"href":"https:\/\/wecare4hair.com\/fr\/wp-json\/wp\/v2\/types\/page"}],"author":[{"embeddable":true,"href":"https:\/\/wecare4hair.com\/fr\/wp-json\/wp\/v2\/users\/1"}],"replies":[{"embeddable":true,"href":"https:\/\/wecare4hair.com\/fr\/wp-json\/wp\/v2\/comments?post=1968"}],"version-history":[{"count":0,"href":"https:\/\/wecare4hair.com\/fr\/wp-json\/wp\/v2\/pages\/1968\/revisions"}],"up":[{"embeddable":true,"href":"https:\/\/wecare4hair.com\/fr\/wp-json\/wp\/v2\/pages\/1960"}],"wp:attachment":[{"href":"https:\/\/wecare4hair.com\/fr\/wp-json\/wp\/v2\/media?parent=1968"}],"curies":[{"name":"wp","href":"https:\/\/api.w.org\/{rel}","templated":true}]}}