{"id":151,"date":"2022-08-10T11:13:41","date_gmt":"2022-08-10T09:13:41","guid":{"rendered":"https:\/\/wecare4hair.com\/?page_id=151"},"modified":"2022-09-27T15:17:02","modified_gmt":"2022-09-27T13:17:02","slug":"termes-et-conditions","status":"publish","type":"page","link":"https:\/\/wecare4hair.com\/fr\/algemene-voorwaarden\/","title":{"rendered":"Termes et conditions"},"content":{"rendered":"<div data-elementor-type=\"wp-page\" data-elementor-id=\"151\" class=\"elementor elementor-151\" data-elementor-post-type=\"page\">\n\t\t\t\t\t\t<section class=\"elementor-section elementor-top-section elementor-element elementor-element-c01eada elementor-section-boxed elementor-section-height-default elementor-section-height-default\" data-id=\"c01eada\" data-element_type=\"section\" data-e-type=\"section\">\n\t\t\t\t\t\t<div class=\"elementor-container elementor-column-gap-default\">\n\t\t\t\t\t<div class=\"elementor-column elementor-col-100 elementor-top-column elementor-element elementor-element-de81c30\" data-id=\"de81c30\" data-element_type=\"column\" data-e-type=\"column\">\n\t\t\t<div class=\"elementor-widget-wrap elementor-element-populated\">\n\t\t\t\t\t\t<div class=\"elementor-element elementor-element-c74bbaa elementor-icon-list--layout-traditional elementor-list-item-link-full_width elementor-widget elementor-widget-icon-list\" data-id=\"c74bbaa\" data-element_type=\"widget\" data-e-type=\"widget\" data-widget_type=\"icon-list.default\">\n\t\t\t\t\t\t\t<ul class=\"elementor-icon-list-items\">\n\t\t\t\t\t\t\t<li class=\"elementor-icon-list-item\">\n\t\t\t\t\t\t\t\t\t\t\t<a href=\"https:\/\/wecare4hair.com\/fr\">\n\n\t\t\t\t\t\t\t\t\t\t\t\t<span class=\"elementor-icon-list-icon\">\n\t\t\t\t\t\t\t<i aria-hidden=\"true\" class=\"fas fa-long-arrow-alt-left\"><\/i>\t\t\t\t\t\t<\/span>\n\t\t\t\t\t\t\t\t\t\t<span class=\"elementor-icon-list-text\">RETOUR \u00c0 L'ACCUEIL<\/span>\n\t\t\t\t\t\t\t\t\t\t\t<\/a>\n\t\t\t\t\t\t\t\t\t<\/li>\n\t\t\t\t\t\t<\/ul>\n\t\t\t\t\t\t<\/div>\n\t\t\t\t<div data-dce-title-color=\"#000000\" class=\"elementor-element elementor-element-772a333 elementor-widget elementor-widget-heading\" data-id=\"772a333\" data-element_type=\"widget\" data-e-type=\"widget\" data-widget_type=\"heading.default\">\n\t\t\t\t\t<h1 class=\"elementor-heading-title elementor-size-default\">Termes et conditions<\/h1>\t\t\t\t<\/div>\n\t\t\t\t<div class=\"elementor-element elementor-element-98b9d7b elementor-widget elementor-widget-text-editor\" data-id=\"98b9d7b\" data-element_type=\"widget\" data-e-type=\"widget\" data-widget_type=\"text-editor.default\">\n\t\t\t\t\t\t\t\t\t<p>WeCare4Hair.com reconna\u00eet les communications \u00e9lectroniques et ne niera pas leur validit\u00e9 ou leur effet juridique uniquement parce que les communications sont \u00e9lectroniques.<br \/><br \/>Parties impliqu\u00e9es<br \/>Les conditions de livraison ci-dessous font partie de tous les accords conclus et s&#039;appliquent \u00e0 tous les actes et actes juridiques entre WeCare4Hair.com (en tant que fournisseur) et Vous (en tant que client).<br \/><br \/>Conclusion d&#039;un accord<br \/>Un accord avec vous est conclu lorsque vous avez re\u00e7u une confirmation \u00e9lectronique de WeCare4Hair.com apr\u00e8s avoir pass\u00e9 une commande \u00e9lectronique (formulaire de commande). Nous n&#039;acceptons que les commandes via Internet. Les commandes sont ex\u00e9cut\u00e9es dans un d\u00e9lai de 1 \u00e0 8 jours ouvr\u00e9s apr\u00e8s la commande, selon le mode de paiement que vous avez choisi. Vous recevrez une confirmation de commande pour chaque commande par e-mail, dans laquelle le num\u00e9ro de facture, le prix, les frais suppl\u00e9mentaires \u00e9ventuels, le d\u00e9lai de livraison pr\u00e9vu et le mode de paiement que vous avez choisi sont indiqu\u00e9s.<br \/><br \/>Des offres<br \/>Toutes les offres sur ce site sont sans engagement. Les offres sont soumises \u00e0 la disponibilit\u00e9 des produits command\u00e9s. Toutes les images sur le site Web des produits \u00e0 commander ne sont qu&#039;une indication, qui d\u00e9pend \u00e9galement de la qualit\u00e9 et du r\u00e9glage du moniteur utilis\u00e9.WeCare4Hair.com n&#039;est pas responsable des \u00e9carts de quelque nature que ce soit.<br \/><br \/>R\u00e9serve de propri\u00e9t\u00e9<br \/>La propri\u00e9t\u00e9 des marchandises livr\u00e9es par WeCare4Hair.com ne vous sera transf\u00e9r\u00e9e que si vous avez pay\u00e9 tout ce que vous devez \u00e0 WeCare4Hair.com en vertu de tout accord. Le risque relatif aux marchandises livr\u00e9es vous est transf\u00e9r\u00e9 au moment de la livraison.<br \/><br \/>Prix des produits<br \/>Tous les prix indiqu\u00e9s sont en Euro TTC. Les frais d&#039;exp\u00e9dition \u00e9ventuels et les frais d&#039;\u00e9limination ne sont pas inclus dans les prix. Toutes les images, prix et offres sont sujets \u00e0 changement. La Belgique a une loi sur les produits \u00e9lectroniques mis au rebut depuis 1999. Cela signifie, entre autres, que certains produits sont factur\u00e9s avec une \u00ab taxe d&#039;\u00e9limination \u00bb. Cette contribution vous sera factur\u00e9e en sus du prix de vente et b\u00e9n\u00e9ficiera au recyclage des \u00e9quipements \u00e9lectroniques. Le montant de cette taxe d&#039;\u00e9limination d\u00e9pend du type de produit.<\/p><p>Les acheteurs des Pays-Bas doivent \u00e9galement entrer leur num\u00e9ro de TVA, mais aucune TVA ne peut \u00eatre ajout\u00e9e au r\u00e8glement en raison de l&#039;article 39 bis (exon\u00e9ration de la TVA).<\/p>\t\t\t\t\t\t\t\t<\/div>\n\t\t\t\t\t<\/div>\n\t\t<\/div>\n\t\t\t\t\t<\/div>\n\t\t<\/section>\n\t\t\t\t<\/div>","protected":false},"excerpt":{"rendered":"<p>TERUG NAAR HOME WeCare4Hair.com erkent elektronische communicatie en zal de geldigheid of het juridisch effect daarvan niet ontzeggen enkel vanwege het feit dat de communicatie elektronisch is. Betrokken partijenOnderstaande leveringsvoorwaarden maken deel uit van alle gesloten overeenkomsten en zijn van toepassing op alle handelingen en rechtshandelingen tussen WeCare4Hair.com (als zijnde leverancier) en U (als zijnde [&hellip;]<\/p>\n","protected":false},"author":1,"featured_media":0,"parent":0,"menu_order":0,"comment_status":"closed","ping_status":"closed","template":"elementor_header_footer","meta":{"_acf_changed":false,"footnotes":""},"class_list":["post-151","page","type-page","status-publish","hentry"],"acf":[],"yoast_head":"<!-- This site is optimized with the Yoast SEO plugin v27.5 - https:\/\/yoast.com\/product\/yoast-seo-wordpress\/ -->\n<title>Algemene voorwaarden - WeCare4Hair<\/title>\n<meta name=\"robots\" content=\"index, follow, max-snippet:-1, max-image-preview:large, max-video-preview:-1\" \/>\n<link rel=\"canonical\" href=\"https:\/\/wecare4hair.com\/fr\/termes-et-conditions\/\" \/>\n<meta property=\"og:locale\" content=\"fr_FR\" \/>\n<meta property=\"og:type\" content=\"article\" \/>\n<meta property=\"og:title\" content=\"Algemene voorwaarden - WeCare4Hair\" \/>\n<meta property=\"og:description\" content=\"TERUG NAAR HOME WeCare4Hair.com erkent elektronische communicatie en zal de geldigheid of het juridisch effect daarvan niet ontzeggen enkel vanwege het feit dat de communicatie elektronisch is. Betrokken partijenOnderstaande leveringsvoorwaarden maken deel uit van alle gesloten overeenkomsten en zijn van toepassing op alle handelingen en rechtshandelingen tussen WeCare4Hair.com (als zijnde leverancier) en U (als zijnde [&hellip;]\" \/>\n<meta property=\"og:url\" content=\"https:\/\/wecare4hair.com\/fr\/termes-et-conditions\/\" \/>\n<meta property=\"og:site_name\" content=\"WeCare4Hair\" \/>\n<meta property=\"article:publisher\" content=\"https:\/\/www.facebook.com\/WeCare4Hair\" \/>\n<meta property=\"article:modified_time\" content=\"2022-09-27T13:17:02+00:00\" \/>\n<meta property=\"og:image\" content=\"https:\/\/wecare4hair.com\/wp-content\/uploads\/2023\/03\/Wecareforhairlogo.png\" \/>\n\t<meta property=\"og:image:width\" content=\"614\" \/>\n\t<meta property=\"og:image:height\" content=\"124\" \/>\n\t<meta property=\"og:image:type\" content=\"image\/png\" \/>\n<meta name=\"twitter:card\" content=\"summary_large_image\" \/>\n<meta name=\"twitter:label1\" content=\"Dur\u00e9e de lecture estim\u00e9e\" \/>\n\t<meta name=\"twitter:data1\" content=\"2 minutes\" \/>\n<script type=\"application\/ld+json\" class=\"yoast-schema-graph\">{\"@context\":\"https:\\\/\\\/schema.org\",\"@graph\":[{\"@type\":\"WebPage\",\"@id\":\"https:\\\/\\\/wecare4hair.com\\\/algemene-voorwaarden\\\/\",\"url\":\"https:\\\/\\\/wecare4hair.com\\\/algemene-voorwaarden\\\/\",\"name\":\"Algemene voorwaarden - WeCare4Hair\",\"isPartOf\":{\"@id\":\"https:\\\/\\\/wecare4hair.com\\\/#website\"},\"datePublished\":\"2022-08-10T09:13:41+00:00\",\"dateModified\":\"2022-09-27T13:17:02+00:00\",\"breadcrumb\":{\"@id\":\"https:\\\/\\\/wecare4hair.com\\\/algemene-voorwaarden\\\/#breadcrumb\"},\"inLanguage\":\"fr-FR\",\"potentialAction\":[{\"@type\":\"ReadAction\",\"target\":[\"https:\\\/\\\/wecare4hair.com\\\/algemene-voorwaarden\\\/\"]}]},{\"@type\":\"BreadcrumbList\",\"@id\":\"https:\\\/\\\/wecare4hair.com\\\/algemene-voorwaarden\\\/#breadcrumb\",\"itemListElement\":[{\"@type\":\"ListItem\",\"position\":1,\"name\":\"Home\",\"item\":\"https:\\\/\\\/wecare4hair.com\\\/\"},{\"@type\":\"ListItem\",\"position\":2,\"name\":\"Algemene voorwaarden\"}]},{\"@type\":\"WebSite\",\"@id\":\"https:\\\/\\\/wecare4hair.com\\\/#website\",\"url\":\"https:\\\/\\\/wecare4hair.com\\\/\",\"name\":\"WeCare4Hair\",\"description\":\"Kwalitatief hoogwaardig kappersmateriaal\",\"publisher\":{\"@id\":\"https:\\\/\\\/wecare4hair.com\\\/#organization\"},\"potentialAction\":[{\"@type\":\"SearchAction\",\"target\":{\"@type\":\"EntryPoint\",\"urlTemplate\":\"https:\\\/\\\/wecare4hair.com\\\/?s={search_term_string}\"},\"query-input\":{\"@type\":\"PropertyValueSpecification\",\"valueRequired\":true,\"valueName\":\"search_term_string\"}}],\"inLanguage\":\"fr-FR\"},{\"@type\":\"Organization\",\"@id\":\"https:\\\/\\\/wecare4hair.com\\\/#organization\",\"name\":\"WeCare4Hair\",\"url\":\"https:\\\/\\\/wecare4hair.com\\\/\",\"logo\":{\"@type\":\"ImageObject\",\"inLanguage\":\"fr-FR\",\"@id\":\"https:\\\/\\\/wecare4hair.com\\\/#\\\/schema\\\/logo\\\/image\\\/\",\"url\":\"https:\\\/\\\/wecare4hair.com\\\/wp-content\\\/uploads\\\/2023\\\/03\\\/Wecareforhairlogo.png\",\"contentUrl\":\"https:\\\/\\\/wecare4hair.com\\\/wp-content\\\/uploads\\\/2023\\\/03\\\/Wecareforhairlogo.png\",\"width\":614,\"height\":124,\"caption\":\"WeCare4Hair\"},\"image\":{\"@id\":\"https:\\\/\\\/wecare4hair.com\\\/#\\\/schema\\\/logo\\\/image\\\/\"},\"sameAs\":[\"https:\\\/\\\/www.facebook.com\\\/WeCare4Hair\",\"https:\\\/\\\/www.instagram.com\\\/we_care_4_hair\\\/\"]}]}<\/script>\n<!-- \/ Yoast SEO plugin. -->","yoast_head_json":{"title":"Termes et conditions - WeCare4Hair","robots":{"index":"index","follow":"follow","max-snippet":"max-snippet:-1","max-image-preview":"max-image-preview:large","max-video-preview":"max-video-preview:-1"},"canonical":"https:\/\/wecare4hair.com\/fr\/termes-et-conditions\/","og_locale":"fr_FR","og_type":"article","og_title":"Algemene voorwaarden - WeCare4Hair","og_description":"TERUG NAAR HOME WeCare4Hair.com erkent elektronische communicatie en zal de geldigheid of het juridisch effect daarvan niet ontzeggen enkel vanwege het feit dat de communicatie elektronisch is. Betrokken partijenOnderstaande leveringsvoorwaarden maken deel uit van alle gesloten overeenkomsten en zijn van toepassing op alle handelingen en rechtshandelingen tussen WeCare4Hair.com (als zijnde leverancier) en U (als zijnde [&hellip;]","og_url":"https:\/\/wecare4hair.com\/fr\/termes-et-conditions\/","og_site_name":"WeCare4Hair","article_publisher":"https:\/\/www.facebook.com\/WeCare4Hair","article_modified_time":"2022-09-27T13:17:02+00:00","og_image":[{"width":614,"height":124,"url":"https:\/\/wecare4hair.com\/wp-content\/uploads\/2023\/03\/Wecareforhairlogo.png","type":"image\/png"}],"twitter_card":"summary_large_image","twitter_misc":{"Dur\u00e9e de lecture estim\u00e9e":"2 minutes"},"schema":{"@context":"https:\/\/schema.org","@graph":[{"@type":"WebPage","@id":"https:\/\/wecare4hair.com\/algemene-voorwaarden\/","url":"https:\/\/wecare4hair.com\/algemene-voorwaarden\/","name":"Termes et conditions - WeCare4Hair","isPartOf":{"@id":"https:\/\/wecare4hair.com\/#website"},"datePublished":"2022-08-10T09:13:41+00:00","dateModified":"2022-09-27T13:17:02+00:00","breadcrumb":{"@id":"https:\/\/wecare4hair.com\/algemene-voorwaarden\/#breadcrumb"},"inLanguage":"fr-FR","potentialAction":[{"@type":"ReadAction","target":["https:\/\/wecare4hair.com\/algemene-voorwaarden\/"]}]},{"@type":"BreadcrumbList","@id":"https:\/\/wecare4hair.com\/algemene-voorwaarden\/#breadcrumb","itemListElement":[{"@type":"ListItem","position":1,"name":"Home","item":"https:\/\/wecare4hair.com\/"},{"@type":"ListItem","position":2,"name":"Algemene voorwaarden"}]},{"@type":"WebSite","@id":"https:\/\/wecare4hair.com\/#website","url":"https:\/\/wecare4hair.com\/","name":"WeCare4Hair","description":"Mat\u00e9riel de coiffure de haute qualit\u00e9","publisher":{"@id":"https:\/\/wecare4hair.com\/#organization"},"potentialAction":[{"@type":"SearchAction","target":{"@type":"EntryPoint","urlTemplate":"https:\/\/wecare4hair.com\/?s={search_term_string}"},"query-input":{"@type":"PropertyValueSpecification","valueRequired":true,"valueName":"search_term_string"}}],"inLanguage":"fr-FR"},{"@type":"Organization","@id":"https:\/\/wecare4hair.com\/#organization","name":"WeCare4Hair","url":"https:\/\/wecare4hair.com\/","logo":{"@type":"ImageObject","inLanguage":"fr-FR","@id":"https:\/\/wecare4hair.com\/#\/schema\/logo\/image\/","url":"https:\/\/wecare4hair.com\/wp-content\/uploads\/2023\/03\/Wecareforhairlogo.png","contentUrl":"https:\/\/wecare4hair.com\/wp-content\/uploads\/2023\/03\/Wecareforhairlogo.png","width":614,"height":124,"caption":"WeCare4Hair"},"image":{"@id":"https:\/\/wecare4hair.com\/#\/schema\/logo\/image\/"},"sameAs":["https:\/\/www.facebook.com\/WeCare4Hair","https:\/\/www.instagram.com\/we_care_4_hair\/"]}]}},"_links":{"self":[{"href":"https:\/\/wecare4hair.com\/fr\/wp-json\/wp\/v2\/pages\/151","targetHints":{"allow":["GET"]}}],"collection":[{"href":"https:\/\/wecare4hair.com\/fr\/wp-json\/wp\/v2\/pages"}],"about":[{"href":"https:\/\/wecare4hair.com\/fr\/wp-json\/wp\/v2\/types\/page"}],"author":[{"embeddable":true,"href":"https:\/\/wecare4hair.com\/fr\/wp-json\/wp\/v2\/users\/1"}],"replies":[{"embeddable":true,"href":"https:\/\/wecare4hair.com\/fr\/wp-json\/wp\/v2\/comments?post=151"}],"version-history":[{"count":0,"href":"https:\/\/wecare4hair.com\/fr\/wp-json\/wp\/v2\/pages\/151\/revisions"}],"wp:attachment":[{"href":"https:\/\/wecare4hair.com\/fr\/wp-json\/wp\/v2\/media?parent=151"}],"curies":[{"name":"wp","href":"https:\/\/api.w.org\/{rel}","templated":true}]}}