{"id":143,"date":"2022-08-10T11:12:47","date_gmt":"2022-08-10T09:12:47","guid":{"rendered":"https:\/\/wecare4hair.com\/?page_id=143"},"modified":"2025-10-14T11:25:48","modified_gmt":"2025-10-14T09:25:48","slug":"contact","status":"publish","type":"page","link":"https:\/\/wecare4hair.com\/fr\/contact\/","title":{"rendered":"Contact"},"content":{"rendered":"\t\t<div data-elementor-type=\"wp-page\" data-elementor-id=\"143\" class=\"elementor elementor-143\" data-elementor-post-type=\"page\">\n\t\t\t\t\t\t<section class=\"elementor-section elementor-top-section elementor-element elementor-element-c870c71 elementor-section-boxed elementor-section-height-default elementor-section-height-default\" data-id=\"c870c71\" data-element_type=\"section\" data-e-type=\"section\">\n\t\t\t\t\t\t<div class=\"elementor-container elementor-column-gap-default\">\n\t\t\t\t\t<div class=\"elementor-column elementor-col-50 elementor-top-column elementor-element elementor-element-e243b94\" data-id=\"e243b94\" data-element_type=\"column\" data-e-type=\"column\">\n\t\t\t<div class=\"elementor-widget-wrap elementor-element-populated\">\n\t\t\t\t\t\t<div class=\"elementor-element elementor-element-5977bdf elementor-icon-list--layout-traditional elementor-list-item-link-full_width elementor-widget elementor-widget-icon-list\" data-id=\"5977bdf\" data-element_type=\"widget\" data-e-type=\"widget\" data-widget_type=\"icon-list.default\">\n\t\t\t\t\t\t\t<ul class=\"elementor-icon-list-items\">\n\t\t\t\t\t\t\t<li class=\"elementor-icon-list-item\">\n\t\t\t\t\t\t\t\t\t\t\t<a href=\"https:\/\/wecare4hair.com\/fr\">\n\n\t\t\t\t\t\t\t\t\t\t\t\t<span class=\"elementor-icon-list-icon\">\n\t\t\t\t\t\t\t<i aria-hidden=\"true\" class=\"fas fa-long-arrow-alt-left\"><\/i>\t\t\t\t\t\t<\/span>\n\t\t\t\t\t\t\t\t\t\t<span class=\"elementor-icon-list-text\">TERUG NAAR HOME<\/span>\n\t\t\t\t\t\t\t\t\t\t\t<\/a>\n\t\t\t\t\t\t\t\t\t<\/li>\n\t\t\t\t\t\t<\/ul>\n\t\t\t\t\t\t<\/div>\n\t\t\t\t<div class=\"elementor-element elementor-element-202af85 elementor-widget elementor-widget-heading\" data-id=\"202af85\" data-element_type=\"widget\" data-e-type=\"widget\" data-widget_type=\"heading.default\">\n\t\t\t\t\t<h1 class=\"elementor-heading-title elementor-size-default\">Contacteer ons<\/h1>\t\t\t\t<\/div>\n\t\t\t\t<div data-dce-text-color=\"#000000\" class=\"elementor-element elementor-element-42de038 elementor-widget elementor-widget-text-editor\" data-id=\"42de038\" data-element_type=\"widget\" data-e-type=\"widget\" data-widget_type=\"text-editor.default\">\n\t\t\t\t\t\t\t\t\t<p>Wij staan steeds klaar om uw vragen te beantwoorden, via telefoon of via onderstaand formulier.<\/p>\t\t\t\t\t\t\t\t<\/div>\n\t\t\t\t\t<\/div>\n\t\t<\/div>\n\t\t\t\t<div class=\"elementor-column elementor-col-50 elementor-top-column elementor-element elementor-element-6affb93\" data-id=\"6affb93\" data-element_type=\"column\" data-e-type=\"column\">\n\t\t\t<div class=\"elementor-widget-wrap\">\n\t\t\t\t\t\t\t<\/div>\n\t\t<\/div>\n\t\t\t\t\t<\/div>\n\t\t<\/section>\n\t\t\t\t<section class=\"elementor-section elementor-top-section elementor-element elementor-element-5268ecd elementor-section-boxed elementor-section-height-default elementor-section-height-default\" data-id=\"5268ecd\" data-element_type=\"section\" data-e-type=\"section\">\n\t\t\t\t\t\t<div class=\"elementor-container elementor-column-gap-default\">\n\t\t\t\t\t<div class=\"elementor-column elementor-col-50 elementor-top-column elementor-element elementor-element-b5ef061\" data-id=\"b5ef061\" data-element_type=\"column\" data-e-type=\"column\">\n\t\t\t<div class=\"elementor-widget-wrap elementor-element-populated\">\n\t\t\t\t\t\t<div class=\"elementor-element elementor-element-b0a0b87 elementor-widget elementor-widget-heading\" data-id=\"b0a0b87\" data-element_type=\"widget\" data-e-type=\"widget\" data-widget_type=\"heading.default\">\n\t\t\t\t\t<h2 class=\"elementor-heading-title elementor-size-default\">Mail ons<\/h2>\t\t\t\t<\/div>\n\t\t\t\t<div class=\"elementor-element elementor-element-8711957 elementor-button-align-start elementor-widget elementor-widget-form\" data-id=\"8711957\" data-element_type=\"widget\" data-e-type=\"widget\" data-settings=\"{&quot;step_next_label&quot;:&quot;Next&quot;,&quot;step_previous_label&quot;:&quot;Previous&quot;,&quot;button_width&quot;:&quot;100&quot;,&quot;step_type&quot;:&quot;number_text&quot;,&quot;step_icon_shape&quot;:&quot;circle&quot;}\" data-widget_type=\"form.default\">\n\t\t\t\t\t\t\t<form class=\"elementor-form\" method=\"post\" name=\"Contactform\" aria-label=\"Contactform\">\n\t\t\t<input type=\"hidden\" name=\"post_id\" value=\"143\"\/>\n\t\t\t<input type=\"hidden\" name=\"form_id\" value=\"8711957\"\/>\n\t\t\t<input type=\"hidden\" name=\"referer_title\" value=\"WeCare4Hair\" \/>\n\n\t\t\t\n\t\t\t<div class=\"elementor-form-fields-wrapper elementor-labels-\">\n\t\t\t\t\t\t\t\t<div class=\"elementor-field-type-html elementor-field-group elementor-column elementor-field-group-field_4fa9bca elementor-col-100\">\n\t\t\t\t\tUw Gegevens\t\t\t\t<\/div>\n\t\t\t\t\t\t\t\t<div class=\"elementor-field-type-text elementor-field-group elementor-column elementor-field-group-achternaam elementor-col-50 elementor-field-required\">\n\t\t\t\t\t\t\t\t\t\t\t\t<label for=\"form-field-achternaam\" class=\"elementor-field-label elementor-screen-only\">\n\t\t\t\t\t\t\t\tAchternaam\t\t\t\t\t\t\t<\/label>\n\t\t\t\t\t\t\t\t\t\t\t\t\t\t<input size=\"1\" type=\"text\" name=\"form_fields[achternaam]\" id=\"form-field-achternaam\" class=\"elementor-field elementor-size-sm  elementor-field-textual\" placeholder=\"Achternaam\" required=\"required\">\n\t\t\t\t\t\t\t\t\t\t\t<\/div>\n\t\t\t\t\t\t\t\t<div class=\"elementor-field-type-text elementor-field-group elementor-column elementor-field-group-field_b1ca0ec elementor-col-50 elementor-field-required\">\n\t\t\t\t\t\t\t\t\t\t\t\t<label for=\"form-field-field_b1ca0ec\" class=\"elementor-field-label elementor-screen-only\">\n\t\t\t\t\t\t\t\tVoornaam\t\t\t\t\t\t\t<\/label>\n\t\t\t\t\t\t\t\t\t\t\t\t\t\t<input size=\"1\" type=\"text\" name=\"form_fields[field_b1ca0ec]\" id=\"form-field-field_b1ca0ec\" class=\"elementor-field elementor-size-sm  elementor-field-textual\" placeholder=\"Voornaam\" required=\"required\">\n\t\t\t\t\t\t\t\t\t\t\t<\/div>\n\t\t\t\t\t\t\t\t<div class=\"elementor-field-type-email elementor-field-group elementor-column elementor-field-group-email elementor-col-50 elementor-field-required\">\n\t\t\t\t\t\t\t\t\t\t\t\t<label for=\"form-field-email\" class=\"elementor-field-label elementor-screen-only\">\n\t\t\t\t\t\t\t\tE-mail\t\t\t\t\t\t\t<\/label>\n\t\t\t\t\t\t\t\t\t\t\t\t\t\t<input size=\"1\" type=\"email\" name=\"form_fields[email]\" id=\"form-field-email\" class=\"elementor-field elementor-size-sm  elementor-field-textual\" placeholder=\"E-mail\" required=\"required\">\n\t\t\t\t\t\t\t\t\t\t\t<\/div>\n\t\t\t\t\t\t\t\t<div class=\"elementor-field-type-text elementor-field-group elementor-column elementor-field-group-telefoon elementor-col-50\">\n\t\t\t\t\t\t\t\t\t\t\t\t<label for=\"form-field-telefoon\" class=\"elementor-field-label elementor-screen-only\">\n\t\t\t\t\t\t\t\tTelefoon\t\t\t\t\t\t\t<\/label>\n\t\t\t\t\t\t\t\t\t\t\t\t\t\t<input size=\"1\" type=\"text\" name=\"form_fields[telefoon]\" id=\"form-field-telefoon\" class=\"elementor-field elementor-size-sm  elementor-field-textual\" placeholder=\"Telefoon\">\n\t\t\t\t\t\t\t\t\t\t\t<\/div>\n\t\t\t\t\t\t\t\t<div class=\"elementor-field-type-html elementor-field-group elementor-column elementor-field-group-field_cd0e35c elementor-col-100\">\n\t\t\t\t\t<br><br>Uw Verzoek\t\t\t\t<\/div>\n\t\t\t\t\t\t\t\t<div class=\"elementor-field-type-select elementor-field-group elementor-column elementor-field-group-onderwerp elementor-col-100 elementor-field-required\">\n\t\t\t\t\t\t\t\t\t\t\t\t<label for=\"form-field-onderwerp\" class=\"elementor-field-label elementor-screen-only\">\n\t\t\t\t\t\t\t\tOnderwerp\t\t\t\t\t\t\t<\/label>\n\t\t\t\t\t\t\t\t<div class=\"elementor-field elementor-select-wrapper remove-before \">\n\t\t\t<div class=\"select-caret-down-wrapper\">\n\t\t\t\t<i aria-hidden=\"true\" class=\"eicon-caret-down\"><\/i>\t\t\t<\/div>\n\t\t\t<select name=\"form_fields[onderwerp]\" id=\"form-field-onderwerp\" class=\"elementor-field-textual elementor-size-sm\" required=\"required\">\n\t\t\t\t\t\t\t\t\t<option value=\"Onderwerp\">Onderwerp<\/option>\n\t\t\t\t\t\t\t\t\t<option value=\"Productgegevens\">Productgegevens<\/option>\n\t\t\t\t\t\t\t\t\t<option value=\"Een afspraak maken\">Een afspraak maken<\/option>\n\t\t\t\t\t\t\t\t\t<option value=\"Onlinewinkel en bestellingen\">Onlinewinkel en bestellingen<\/option>\n\t\t\t\t\t\t\t\t\t<option value=\"After-sales\">After-sales<\/option>\n\t\t\t\t\t\t\t\t\t<option value=\"Carri\u00e8res\">Carri\u00e8res<\/option>\n\t\t\t\t\t\t\t\t\t<option value=\"Overige \">Overige <\/option>\n\t\t\t\t\t\t\t<\/select>\n\t\t<\/div>\n\t\t\t\t\t\t<\/div>\n\t\t\t\t\t\t\t\t<div class=\"elementor-field-type-textarea elementor-field-group elementor-column elementor-field-group-bericht elementor-col-100\">\n\t\t\t\t\t\t\t\t\t\t\t\t<label for=\"form-field-bericht\" class=\"elementor-field-label elementor-screen-only\">\n\t\t\t\t\t\t\t\tUw boodschap\t\t\t\t\t\t\t<\/label>\n\t\t\t\t\t\t<textarea class=\"elementor-field-textual elementor-field  elementor-size-sm\" name=\"form_fields[bericht]\" id=\"form-field-bericht\" rows=\"7\" placeholder=\"Uw boodschap\"><\/textarea>\t\t\t\t<\/div>\n\t\t\t\t\t\t\t\t<div class=\"elementor-field-type-text\">\n\t\t\t\t\t<input size=\"1\" type=\"text\" name=\"form_fields[field_e3952e4]\" id=\"form-field-field_e3952e4\" class=\"elementor-field elementor-size-sm \" style=\"display:none !important;\">\t\t\t\t<\/div>\n\t\t\t\t\t\t\t\t<div class=\"elementor-field-type-recaptcha_v3 elementor-field-group elementor-column elementor-field-group-field_df2462f elementor-col-100 recaptcha_v3-inline\">\n\t\t\t\t\t<div class=\"elementor-field\" id=\"form-field-field_df2462f\"><div class=\"elementor-g-recaptcha\" data-sitekey=\"6LeCV08iAAAAAMTaaVjwx4uckp-yd0JzAcavHMtI\" data-type=\"v3\" data-action=\"Form\" data-badge=\"inline\" data-size=\"invisible\"><\/div><\/div>\t\t\t\t<\/div>\n\t\t\t\t\t\t\t\t<div class=\"elementor-field-group elementor-column elementor-field-type-submit elementor-col-100 e-form__buttons\">\n\t\t\t\t\t<button class=\"elementor-button elementor-size-sm\" type=\"submit\">\n\t\t\t\t\t\t<span class=\"elementor-button-content-wrapper\">\n\t\t\t\t\t\t\t\t\t\t\t\t\t\t\t<span class=\"elementor-button-icon\">\n\t\t\t\t\t\t\t\t\t<i aria-hidden=\"true\" class=\"fas fa-long-arrow-alt-right\"><\/i>\t\t\t\t\t\t\t\t\t\t\t\t\t\t\t\t\t<\/span>\n\t\t\t\t\t\t\t\t\t\t\t\t\t\t\t\t\t\t\t\t\t\t<span class=\"elementor-button-text\">Verzenden<\/span>\n\t\t\t\t\t\t\t\t\t\t\t\t\t<\/span>\n\t\t\t\t\t<\/button>\n\t\t\t\t<\/div>\n\t\t\t<\/div>\n\t\t<\/form>\n\t\t\t\t\t\t<\/div>\n\t\t\t\t\t<\/div>\n\t\t<\/div>\n\t\t\t\t<div class=\"elementor-column elementor-col-50 elementor-top-column elementor-element elementor-element-3a28f08\" data-id=\"3a28f08\" data-element_type=\"column\" data-e-type=\"column\">\n\t\t\t<div class=\"elementor-widget-wrap elementor-element-populated\">\n\t\t\t\t\t\t<div class=\"elementor-element elementor-element-c1dfdac elementor-widget elementor-widget-heading\" data-id=\"c1dfdac\" data-element_type=\"widget\" data-e-type=\"widget\" data-widget_type=\"heading.default\">\n\t\t\t\t\t<h2 class=\"elementor-heading-title elementor-size-default\">Onze gegevens<\/h2>\t\t\t\t<\/div>\n\t\t\t\t<div data-dce-text-color=\"#000000\" class=\"elementor-element elementor-element-8dd619c elementor-widget elementor-widget-text-editor\" data-id=\"8dd619c\" data-element_type=\"widget\" data-e-type=\"widget\" data-widget_type=\"text-editor.default\">\n\t\t\t\t\t\t\t\t\t<p>Neerstraat 35<br \/>3980 Tessenderlo<\/p><p>E-mail: info@wecare4hair.com<br \/>Tel: +32468150723<\/p><p>BTW: BE848.492.850<\/p>\t\t\t\t\t\t\t\t<\/div>\n\t\t\t\t\t<\/div>\n\t\t<\/div>\n\t\t\t\t\t<\/div>\n\t\t<\/section>\n\t\t\t\t<\/div>\n\t\t","protected":false},"excerpt":{"rendered":"<p>RETOUR \u00c0 L&#039;ACCUEIL Contactez-nous Nous sommes toujours pr\u00eats \u00e0 r\u00e9pondre \u00e0 vos questions, par t\u00e9l\u00e9phone ou via le formulaire ci-dessous. Ecrivez-nous Nos coordonn\u00e9es Neerstraat 353980 Tessenderlo E-mail: info@wecare4hair.comTel: +32468150723 TVA: BE848.492.850<\/p>","protected":false},"author":1,"featured_media":0,"parent":0,"menu_order":0,"comment_status":"closed","ping_status":"closed","template":"elementor_header_footer","meta":{"_acf_changed":false,"footnotes":""},"class_list":["post-143","page","type-page","status-publish","hentry"],"acf":[],"yoast_head":"<!-- This site is optimized with the Yoast SEO plugin v27.5 - https:\/\/yoast.com\/product\/yoast-seo-wordpress\/ -->\n<title>Contact - WeCare4Hair<\/title>\n<meta name=\"robots\" content=\"index, follow, max-snippet:-1, max-image-preview:large, max-video-preview:-1\" \/>\n<link rel=\"canonical\" href=\"https:\/\/wecare4hair.com\/fr\/contact\/\" \/>\n<meta property=\"og:locale\" content=\"fr_FR\" \/>\n<meta property=\"og:type\" content=\"article\" \/>\n<meta property=\"og:title\" content=\"Contact - WeCare4Hair\" \/>\n<meta property=\"og:description\" content=\"TERUG NAAR HOME Contacteer ons Wij staan steeds klaar om uw vragen te beantwoorden, via telefoon of via onderstaand formulier. Mail ons Onze gegevens Neerstraat 353980 Tessenderlo E-mail: info@wecare4hair.comTel: +32468150723 BTW: BE848.492.850\" \/>\n<meta property=\"og:url\" content=\"https:\/\/wecare4hair.com\/fr\/contact\/\" \/>\n<meta property=\"og:site_name\" content=\"WeCare4Hair\" \/>\n<meta property=\"article:publisher\" content=\"https:\/\/www.facebook.com\/WeCare4Hair\" \/>\n<meta property=\"article:modified_time\" content=\"2025-10-14T09:25:48+00:00\" \/>\n<meta property=\"og:image\" content=\"https:\/\/wecare4hair.com\/wp-content\/uploads\/2023\/03\/Wecareforhairlogo.png\" \/>\n\t<meta property=\"og:image:width\" content=\"614\" \/>\n\t<meta property=\"og:image:height\" content=\"124\" \/>\n\t<meta property=\"og:image:type\" content=\"image\/png\" \/>\n<meta name=\"twitter:card\" content=\"summary_large_image\" \/>\n<script type=\"application\/ld+json\" class=\"yoast-schema-graph\">{\"@context\":\"https:\\\/\\\/schema.org\",\"@graph\":[{\"@type\":\"WebPage\",\"@id\":\"https:\\\/\\\/wecare4hair.com\\\/contact\\\/\",\"url\":\"https:\\\/\\\/wecare4hair.com\\\/contact\\\/\",\"name\":\"Contact - WeCare4Hair\",\"isPartOf\":{\"@id\":\"https:\\\/\\\/wecare4hair.com\\\/#website\"},\"datePublished\":\"2022-08-10T09:12:47+00:00\",\"dateModified\":\"2025-10-14T09:25:48+00:00\",\"breadcrumb\":{\"@id\":\"https:\\\/\\\/wecare4hair.com\\\/contact\\\/#breadcrumb\"},\"inLanguage\":\"fr-FR\",\"potentialAction\":[{\"@type\":\"ReadAction\",\"target\":[\"https:\\\/\\\/wecare4hair.com\\\/contact\\\/\"]}]},{\"@type\":\"BreadcrumbList\",\"@id\":\"https:\\\/\\\/wecare4hair.com\\\/contact\\\/#breadcrumb\",\"itemListElement\":[{\"@type\":\"ListItem\",\"position\":1,\"name\":\"Home\",\"item\":\"https:\\\/\\\/wecare4hair.com\\\/\"},{\"@type\":\"ListItem\",\"position\":2,\"name\":\"Contact\"}]},{\"@type\":\"WebSite\",\"@id\":\"https:\\\/\\\/wecare4hair.com\\\/#website\",\"url\":\"https:\\\/\\\/wecare4hair.com\\\/\",\"name\":\"WeCare4Hair\",\"description\":\"Kwalitatief hoogwaardig kappersmateriaal\",\"publisher\":{\"@id\":\"https:\\\/\\\/wecare4hair.com\\\/#organization\"},\"potentialAction\":[{\"@type\":\"SearchAction\",\"target\":{\"@type\":\"EntryPoint\",\"urlTemplate\":\"https:\\\/\\\/wecare4hair.com\\\/?s={search_term_string}\"},\"query-input\":{\"@type\":\"PropertyValueSpecification\",\"valueRequired\":true,\"valueName\":\"search_term_string\"}}],\"inLanguage\":\"fr-FR\"},{\"@type\":\"Organization\",\"@id\":\"https:\\\/\\\/wecare4hair.com\\\/#organization\",\"name\":\"WeCare4Hair\",\"url\":\"https:\\\/\\\/wecare4hair.com\\\/\",\"logo\":{\"@type\":\"ImageObject\",\"inLanguage\":\"fr-FR\",\"@id\":\"https:\\\/\\\/wecare4hair.com\\\/#\\\/schema\\\/logo\\\/image\\\/\",\"url\":\"https:\\\/\\\/wecare4hair.com\\\/wp-content\\\/uploads\\\/2023\\\/03\\\/Wecareforhairlogo.png\",\"contentUrl\":\"https:\\\/\\\/wecare4hair.com\\\/wp-content\\\/uploads\\\/2023\\\/03\\\/Wecareforhairlogo.png\",\"width\":614,\"height\":124,\"caption\":\"WeCare4Hair\"},\"image\":{\"@id\":\"https:\\\/\\\/wecare4hair.com\\\/#\\\/schema\\\/logo\\\/image\\\/\"},\"sameAs\":[\"https:\\\/\\\/www.facebook.com\\\/WeCare4Hair\",\"https:\\\/\\\/www.instagram.com\\\/we_care_4_hair\\\/\"]}]}<\/script>\n<!-- \/ Yoast SEO plugin. -->","yoast_head_json":{"title":"Contact - WeCare4Hair","robots":{"index":"index","follow":"follow","max-snippet":"max-snippet:-1","max-image-preview":"max-image-preview:large","max-video-preview":"max-video-preview:-1"},"canonical":"https:\/\/wecare4hair.com\/fr\/contact\/","og_locale":"fr_FR","og_type":"article","og_title":"Contact - WeCare4Hair","og_description":"TERUG NAAR HOME Contacteer ons Wij staan steeds klaar om uw vragen te beantwoorden, via telefoon of via onderstaand formulier. Mail ons Onze gegevens Neerstraat 353980 Tessenderlo E-mail: info@wecare4hair.comTel: +32468150723 BTW: BE848.492.850","og_url":"https:\/\/wecare4hair.com\/fr\/contact\/","og_site_name":"WeCare4Hair","article_publisher":"https:\/\/www.facebook.com\/WeCare4Hair","article_modified_time":"2025-10-14T09:25:48+00:00","og_image":[{"width":614,"height":124,"url":"https:\/\/wecare4hair.com\/wp-content\/uploads\/2023\/03\/Wecareforhairlogo.png","type":"image\/png"}],"twitter_card":"summary_large_image","schema":{"@context":"https:\/\/schema.org","@graph":[{"@type":"WebPage","@id":"https:\/\/wecare4hair.com\/contact\/","url":"https:\/\/wecare4hair.com\/contact\/","name":"Contact - WeCare4Hair","isPartOf":{"@id":"https:\/\/wecare4hair.com\/#website"},"datePublished":"2022-08-10T09:12:47+00:00","dateModified":"2025-10-14T09:25:48+00:00","breadcrumb":{"@id":"https:\/\/wecare4hair.com\/contact\/#breadcrumb"},"inLanguage":"fr-FR","potentialAction":[{"@type":"ReadAction","target":["https:\/\/wecare4hair.com\/contact\/"]}]},{"@type":"BreadcrumbList","@id":"https:\/\/wecare4hair.com\/contact\/#breadcrumb","itemListElement":[{"@type":"ListItem","position":1,"name":"Home","item":"https:\/\/wecare4hair.com\/"},{"@type":"ListItem","position":2,"name":"Contact"}]},{"@type":"WebSite","@id":"https:\/\/wecare4hair.com\/#website","url":"https:\/\/wecare4hair.com\/","name":"WeCare4Hair","description":"Mat\u00e9riel de coiffure de haute qualit\u00e9","publisher":{"@id":"https:\/\/wecare4hair.com\/#organization"},"potentialAction":[{"@type":"SearchAction","target":{"@type":"EntryPoint","urlTemplate":"https:\/\/wecare4hair.com\/?s={search_term_string}"},"query-input":{"@type":"PropertyValueSpecification","valueRequired":true,"valueName":"search_term_string"}}],"inLanguage":"fr-FR"},{"@type":"Organization","@id":"https:\/\/wecare4hair.com\/#organization","name":"WeCare4Hair","url":"https:\/\/wecare4hair.com\/","logo":{"@type":"ImageObject","inLanguage":"fr-FR","@id":"https:\/\/wecare4hair.com\/#\/schema\/logo\/image\/","url":"https:\/\/wecare4hair.com\/wp-content\/uploads\/2023\/03\/Wecareforhairlogo.png","contentUrl":"https:\/\/wecare4hair.com\/wp-content\/uploads\/2023\/03\/Wecareforhairlogo.png","width":614,"height":124,"caption":"WeCare4Hair"},"image":{"@id":"https:\/\/wecare4hair.com\/#\/schema\/logo\/image\/"},"sameAs":["https:\/\/www.facebook.com\/WeCare4Hair","https:\/\/www.instagram.com\/we_care_4_hair\/"]}]}},"_links":{"self":[{"href":"https:\/\/wecare4hair.com\/fr\/wp-json\/wp\/v2\/pages\/143","targetHints":{"allow":["GET"]}}],"collection":[{"href":"https:\/\/wecare4hair.com\/fr\/wp-json\/wp\/v2\/pages"}],"about":[{"href":"https:\/\/wecare4hair.com\/fr\/wp-json\/wp\/v2\/types\/page"}],"author":[{"embeddable":true,"href":"https:\/\/wecare4hair.com\/fr\/wp-json\/wp\/v2\/users\/1"}],"replies":[{"embeddable":true,"href":"https:\/\/wecare4hair.com\/fr\/wp-json\/wp\/v2\/comments?post=143"}],"version-history":[{"count":6,"href":"https:\/\/wecare4hair.com\/fr\/wp-json\/wp\/v2\/pages\/143\/revisions"}],"predecessor-version":[{"id":5850,"href":"https:\/\/wecare4hair.com\/fr\/wp-json\/wp\/v2\/pages\/143\/revisions\/5850"}],"wp:attachment":[{"href":"https:\/\/wecare4hair.com\/fr\/wp-json\/wp\/v2\/media?parent=143"}],"curies":[{"name":"wp","href":"https:\/\/api.w.org\/{rel}","templated":true}]}}